{"id":9,"date":"2019-10-23T12:04:59","date_gmt":"2019-10-23T10:04:59","guid":{"rendered":"https:\/\/www.moroccofoodex.org.ma\/\/?page_id=9"},"modified":"2021-11-12T16:18:53","modified_gmt":"2021-11-12T15:18:53","slug":"presentation","status":"publish","type":"page","link":"https:\/\/www.moroccofoodex.org.ma\/ar\/morocco-foodex\/presentation\/","title":{"rendered":"\u062a\u0642\u062f\u064a\u0645"},"content":{"rendered":"<p><strong>\u0645\u0648\u0631\u0648\u0643\u0648 \u0641\u0648\u062f\u0643\u0633<\/strong> \u0627\u0644\u0645\u0624\u0633\u0633\u0629 \u0627\u0644\u0645\u0633\u062a\u0642\u0644\u0629 \u0644\u0645\u0631\u0627\u0642\u0628\u0629 \u0648\u062a\u0646\u0633\u064a\u0642 \u0627\u0644\u0635\u0627\u062f\u0631\u0627\u062a \u060c \u0647\u064a \u0645\u0624\u0633\u0633\u0629 \u0639\u0645\u0648\u0645\u064a\u0629 \u0623\u0646\u0634\u0626\u062a \u0633\u0646\u0629 1986\u060c \u062a\u062d\u062a \u0648\u0635\u0627\u064a\u0629 \u0648\u0632\u0627\u0631\u0629 \u0627\u0644\u0641\u0644\u0627\u062d\u0629 \u0648\u0627\u0644\u0635\u064a\u062f \u0627\u0644\u0628\u062d\u0631\u064a \u0648\u0627\u0644\u062a\u0646\u0645\u064a\u0629 \u0627\u0644\u0642\u0631\u0648\u064a\u0629 \u0648\u0627\u0644\u0645\u064a\u0627\u0647 \u0648\u0627\u0644\u063a\u0627\u0628\u0627\u062a \u060c \u0648\u0645\u0646\u0630 \u0630\u0644\u0643 \u0648\u0647\u064a \u062a\u0631\u0627\u0647\u0646 \u0639\u0644\u0649 \u062e\u062f\u0645\u0629 \u0642\u0637\u0627\u0639 \u0627\u0644\u0645\u0646\u062a\u062c\u0627\u062a \u0627\u0644\u063a\u0630\u0627\u0626\u064a\u0629 \u0627\u0644\u0641\u0644\u0627\u062d\u064a\u0629 \u0648\u0627\u0644\u0628\u062d\u0631\u064a\u0629 \u0627\u0644\u0645\u0648\u062c\u0647\u0629 \u0625\u0644\u0649 \u0627\u0644\u062a\u0635\u062f\u064a\u0631\u060c \u0628\u0627\u0639\u062a\u0628\u0627\u0631\u0647 \u0623\u062d\u062f \u062f\u0639\u0627\u0626\u0645 \u0627\u0644\u0646\u0645\u0648 \u0627\u0644\u0627\u0642\u062a\u0635\u0627\u062f\u064a \u0644\u0644\u0628\u0644\u0627\u062f.<\/p>\n<p>\u0645\u0624\u0633\u0633\u0629 \u0645\u0643\u0644\u0641\u0629 \u0628\u0645\u0631\u0627\u0642\u0628\u0629 \u0627\u0644\u062c\u0648\u062f\u0629 \u0628\u062a\u0646\u0633\u064a\u0642 \u0648\u0625\u0646\u0639\u0627\u0634 \u0639\u0645\u0644\u064a\u0627\u062a \u0627\u0644\u062a\u0635\u062f\u064a\u0631 \u0648\u0643\u0630\u0627 \u0627\u0644\u064a\u0642\u0638\u0629 \u0627\u0644\u0627\u0633\u062a\u0631\u0627\u062a\u064a\u062c\u064a\u0629 \u0648\u0627\u0644\u0639\u0645\u0644\u064a\u0629 \u0644\u062a\u0635\u062f\u064a\u0631 \u0627\u0644\u0645\u0648\u0627\u062f \u0627\u0644\u063a\u0630\u0627\u0626\u064a\u0629.<\/p>\n<p>\u0648\u064a\u062a\u0645\u064a\u0632 \u0647\u0630\u0627 \u0627\u0644\u0642\u0637\u0627\u0639 \u0628\u0646\u0634\u0627\u0637\u0647 \u0641\u064a \u0645\u0646\u0627\u062e \u062f\u0648\u0644\u064a \u062a\u0637\u0628\u0639\u0647 \u062d\u062f\u0629 \u0627\u0644\u0645\u0646\u0627\u0641\u0633\u0629 \u0648\u062f\u0642\u0629 \u0627\u0644\u0634\u0631\u0648\u0637 \u0627\u0644\u062a\u0642\u0646\u064a\u0629 \u0648\u0627\u0644\u062a\u062c\u0627\u0631\u064a\u0629 \u0627\u0644\u0645\u062a\u0632\u0627\u064a\u062f\u0629 \u0628\u0627\u0633\u062a\u0645\u0631\u0627\u0631.<\/p>\n<p>\u0628\u0647\u062f\u0641 \u062a\u0644\u0628\u064a\u0629 \u0627\u0644\u0645\u062a\u0637\u0644\u0628\u0627\u062a \u0627\u0644\u0642\u0627\u0646\u0648\u0646\u064a\u0629 \u0648\u0627\u0644\u062a\u0646\u0638\u064a\u0645\u064a\u0629 \u0627\u0644\u062a\u064a \u062a\u0645\u0644\u064a\u0647\u0627 \u0639\u0648\u0644\u0645\u0629 \u0627\u0644\u0627\u0633\u0648\u0627\u0642\u060c \u0641\u0625\u0646 \u0627\u0644\u0645\u0624\u0633\u0633\u0629 \u062a\u062d\u0631\u0635 \u0628\u0627\u0633\u062a\u0645\u0631\u0627\u0631 \u0639\u0644\u0649 \u0636\u0645\u0627\u0646 \u062e\u062f\u0645\u0629 \u062c\u064a\u062f\u0629 \u062a\u0645\u0632\u062c \u0628\u064a\u0646 \u0627\u0644\u0646\u0632\u0627\u0647\u0629 \u0648\u0627\u0644\u062f\u0642\u0629\u060c \u0648\u0627\u0644\u062a\u064a\u0633\u064a\u0631 \u060c \u0648\u0627\u0644\u0627\u0633\u062a\u0628\u0627\u0642\u064a\u0629 \u0648\u0627\u0644\u0643\u0641\u0627\u0621\u0629 \u0627\u0644\u0645\u0647\u0646\u064a\u0629 \u0627\u0644\u0639\u0627\u0644\u064a\u0629.<\/p>\n<p>\u0648\u0628\u0627\u0639\u062a\u0628\u0627\u0631\u0647\u0627 \u0645\u0624\u0633\u0633\u0629 \u0639\u0645\u0648\u0645\u064a\u0629 \u062a\u0642\u062f\u0645 \u062e\u062f\u0645\u0627\u062a\u0647\u0627 \u0644\u0641\u0627\u0626\u062f\u0629 \u0627\u0644\u0642\u0637\u0627\u0639 \u0627\u0644\u062e\u0627\u0635\u060c \u0641\u0625\u0646 \u062e\u062f\u0645\u0627\u062a\u0647\u0627 \u062a\u0634\u0645\u0644 \u0627\u0644\u0633\u0644\u0633\u0644\u0627\u062a \u0627\u0644\u0641\u0644\u0627\u062d\u064a\u0629 \u0627\u0644\u062a\u0627\u0644\u064a\u0629:<\/p>\n<ul>\n<li><strong>\u0627\u0644\u062e\u0636\u0631 \u0648\u0627\u0644\u0641\u0648\u0627\u0643\u0647 \u0627\u0644\u0637\u0627\u0632\u062c\u0629 (\u062d\u0648\u0627\u0645\u0636\u060c \u0637\u0645\u0627\u0637\u0645\u060c \u0641\u0648\u0627\u0643\u0647 \u062d\u0645\u0631\u0627\u0621\u060c \u0641\u0627\u0643\u0647\u0629 \u0627\u0644\u0627\u0641\u0648\u0643\u0627\u062f\u0648\u060c \u0648\u0627\u0644\u0645\u0646\u062a\u0648\u062c\u0627\u062a \u0627\u0644\u0623\u062e\u0631\u0649 )\u060c<\/strong><\/li>\n<li><strong>\u0627\u0644\u0645\u0646\u062a\u0648\u062c\u0627\u062a \u0627\u0644\u0646\u0628\u0627\u062a\u064a\u0629 \u0627\u0644\u0645\u0635\u0646\u0639\u0629 (\u0627\u0644\u0645\u0635\u0628\u0631\u0627\u062a\u060c \u0627\u0644\u0641\u0648\u0627\u0643\u0647 \u0648\u0627\u0644\u062e\u0636\u0631 \u0627\u0644\u0645\u062c\u0641\u0641\u0629 \u0623\u0648 \u0627\u0644\u0645\u062c\u0645\u062f\u0629\u060c \u0632\u064a\u062a \u0627\u0644\u0632\u064a\u062a\u0648\u0646\u060c \u0632\u064a\u062a \u0623\u0631\u0643\u0627\u0646\u060c \u0627\u0644\u062d\u0628\u0648\u0628 \u060c \u0627\u0644\u0628\u0642\u0648\u0644\u064a\u0627\u062a\u060c \u0627\u0644\u062a\u0648\u0627\u0628\u0644 \u0648\u0627\u0644\u0623\u0639\u0634\u0627\u0628 )\u060c<\/strong><\/li>\n<li><strong>\u0645\u0646\u062a\u0648\u062c\u0627\u062a \u0627\u0644\u0635\u064a\u062f \u0627\u0644\u0628\u062d\u0631\u064a( \u0627\u0644\u0623\u0633\u0645\u0627\u0643 \u0627\u0644\u0637\u0627\u0632\u062c\u0629\u060c \u0627\u0644\u0645\u0635\u0628\u0631\u0627\u062a )\u060c<\/strong><\/li>\n<\/ul>\n<p><\/p>","protected":false},"excerpt":{"rendered":"<p>\u0645\u0648\u0631\u0648\u0643\u0648 \u0641\u0648\u062f\u0643\u0633 \u0627\u0644\u0645\u0624\u0633\u0633\u0629 \u0627\u0644\u0645\u0633\u062a\u0642\u0644\u0629 \u0644\u0645\u0631\u0627\u0642\u0628\u0629 \u0648\u062a\u0646\u0633\u064a\u0642 \u0627\u0644\u0635\u0627\u062f\u0631\u0627\u062a \u060c \u0647\u064a \u0645\u0624\u0633\u0633\u0629 \u0639\u0645\u0648\u0645\u064a\u0629 \u0623\u0646\u0634\u0626\u062a \u0633\u0646\u0629 1986\u060c \u062a\u062d\u062a \u0648\u0635\u0627\u064a\u0629 \u0648\u0632\u0627\u0631\u0629 \u0627\u0644\u0641\u0644\u0627\u062d\u0629 \u0648\u0627\u0644\u0635\u064a\u062f \u0627\u0644\u0628\u062d\u0631\u064a \u0648\u0627\u0644\u062a\u0646\u0645\u064a\u0629 \u0627\u0644\u0642\u0631\u0648\u064a\u0629 \u0648\u0627\u0644\u0645\u064a\u0627\u0647 \u0648\u0627\u0644\u063a\u0627\u0628\u0627\u062a \u060c \u0648\u0645\u0646\u0630 \u0630\u0644\u0643 \u0648\u0647\u064a \u062a\u0631\u0627\u0647\u0646 \u0639\u0644\u0649 \u062e\u062f\u0645\u0629 \u0642\u0637\u0627\u0639 \u0627\u0644\u0645\u0646\u062a\u062c\u0627\u062a \u0627\u0644\u063a\u0630\u0627\u0626\u064a\u0629 \u0627\u0644\u0641\u0644\u0627\u062d\u064a\u0629 \u0648\u0627\u0644\u0628\u062d\u0631\u064a\u0629 \u0627\u0644\u0645\u0648\u062c\u0647\u0629 \u0625\u0644\u0649 \u0627\u0644\u062a\u0635\u062f\u064a\u0631\u060c \u0628\u0627\u0639\u062a\u0628\u0627\u0631\u0647 \u0623\u062d\u062f \u062f\u0639\u0627\u0626\u0645 \u0627\u0644\u0646\u0645\u0648 \u0627\u0644\u0627\u0642\u062a\u0635\u0627\u062f\u064a \u0644\u0644\u0628\u0644\u0627\u062f. \u0645\u0624\u0633\u0633\u0629 \u0645\u0643\u0644\u0641\u0629 \u0628\u0645\u0631\u0627\u0642\u0628\u0629 \u0627\u0644\u062c\u0648\u062f\u0629 \u0628\u062a\u0646\u0633\u064a\u0642 \u0648\u0625\u0646\u0639\u0627\u0634 \u0639\u0645\u0644\u064a\u0627\u062a \u0627\u0644\u062a\u0635\u062f\u064a\u0631 \u0648\u0643\u0630\u0627 \u0627\u0644\u064a\u0642\u0638\u0629 &hellip; <\/p>\n<p class=\"link-more\"><a href=\"https:\/\/www.moroccofoodex.org.ma\/ar\/morocco-foodex\/presentation\/\" class=\"more-link\">Continue reading<span class=\"screen-reader-text\"> &#8220;\u062a\u0642\u062f\u064a\u0645&#8221;<\/span><\/a><\/p>\n","protected":false},"author":1,"featured_media":0,"parent":7,"menu_order":30,"comment_status":"closed","ping_status":"closed","template":"page-section.php","meta":[],"acf":[],"yoast_head":"<!-- This site is optimized with the Yoast SEO plugin v18.5.1 - https:\/\/yoast.com\/wordpress\/plugins\/seo\/ -->\n<title>\u062a\u0642\u062f\u064a\u0645 - \u0645\u0648\u0631\u0648\u0643\u0648 \u0641\u0648\u062f\u0643\u0633<\/title>\n<meta name=\"description\" content=\"MOROCCO FOODEX l\u2019\u00c9tablissement Autonome de Contr\u00f4le et de Coordination des Exportations est un organisme public sous la tutelle du Minist\u00e8re de l\u2019Agriculture de la P\u00eache Maritime du D\u00e9veloppement Durable et des Eaux et For\u00eats, cr\u00e9e en 1986, a confirm\u00e9 son ancrage au service du secteur des produits alimentaires agricoles et halieutiques destin\u00e9s \u00e0 l\u2019exportation, l\u2019un des leviers de la croissance \u00e9conomique du pays.\" \/>\n<meta name=\"robots\" content=\"index, follow, max-snippet:-1, max-image-preview:large, max-video-preview:-1\" \/>\n<link rel=\"canonical\" href=\"https:\/\/www.moroccofoodex.org.ma\/morocco-foodex\/presentation\/\" \/>\n<meta property=\"og:locale\" content=\"ar_AR\" \/>\n<meta property=\"og:type\" content=\"article\" \/>\n<meta property=\"og:title\" content=\"[:fr]Pr\u00e9sentation[:ar]\u062a\u0642\u062f\u064a\u0645[:en]Who are we ?[:] - \u0645\u0648\u0631\u0648\u0643\u0648 \u0641\u0648\u062f\u0643\u0633\" \/>\n<meta property=\"og:description\" content=\"MOROCCO FOODEX l\u2019\u00c9tablissement Autonome de Contr\u00f4le et de Coordination des Exportations est un organisme public sous la tutelle du Minist\u00e8re de l\u2019Agriculture de la P\u00eache Maritime du D\u00e9veloppement Durable et des Eaux et For\u00eats, cr\u00e9e en 1986, a confirm\u00e9 son ancrage au service du secteur des produits alimentaires agricoles et halieutiques destin\u00e9s \u00e0 l\u2019exportation, l\u2019un des leviers de la croissance \u00e9conomique du pays.\" \/>\n<meta property=\"og:url\" content=\"https:\/\/www.moroccofoodex.org.ma\/morocco-foodex\/presentation\/\" \/>\n<meta property=\"og:site_name\" content=\"\u0645\u0648\u0631\u0648\u0643\u0648 \u0641\u0648\u062f\u0643\u0633\" \/>\n<meta property=\"article:modified_time\" content=\"2021-11-12T15:18:53+00:00\" \/>\n<meta name=\"twitter:card\" content=\"summary_large_image\" \/>\n<meta name=\"twitter:label1\" content=\"\u0648\u0642\u062a \u0627\u0644\u0642\u0631\u0627\u0621\u0629 \u0627\u0644\u0645\u064f\u0642\u062f\u0651\u0631\" \/>\n\t<meta name=\"twitter:data1\" content=\"\u062f\u0642\u064a\u0642\u062a\u0627\u0646\" \/>\n<script type=\"application\/ld+json\" class=\"yoast-schema-graph\">{\"@context\":\"https:\/\/schema.org\",\"@graph\":[{\"@type\":\"WebSite\",\"@id\":\"https:\/\/www.moroccofoodex.org.ma\/#website\",\"url\":\"https:\/\/www.moroccofoodex.org.ma\/\",\"name\":\"\u0645\u0648\u0631\u0648\u0643\u0648 \u0641\u0648\u062f\u0643\u0633\",\"description\":\"\",\"potentialAction\":[{\"@type\":\"SearchAction\",\"target\":{\"@type\":\"EntryPoint\",\"urlTemplate\":\"https:\/\/www.moroccofoodex.org.ma\/?s={search_term_string}\"},\"query-input\":\"required name=search_term_string\"}],\"inLanguage\":\"ar\"},{\"@type\":\"WebPage\",\"@id\":\"https:\/\/www.moroccofoodex.org.ma\/morocco-foodex\/presentation\/#webpage\",\"url\":\"https:\/\/www.moroccofoodex.org.ma\/morocco-foodex\/presentation\/\",\"name\":\"[:fr]Pr\u00e9sentation[:ar]\u062a\u0642\u062f\u064a\u0645[:en]Who are we ?[:] - \u0645\u0648\u0631\u0648\u0643\u0648 \u0641\u0648\u062f\u0643\u0633\",\"isPartOf\":{\"@id\":\"https:\/\/www.moroccofoodex.org.ma\/#website\"},\"datePublished\":\"2019-10-23T10:04:59+00:00\",\"dateModified\":\"2021-11-12T15:18:53+00:00\",\"description\":\"MOROCCO FOODEX l\u2019\u00c9tablissement Autonome de Contr\u00f4le et de Coordination des Exportations est un organisme public sous la tutelle du Minist\u00e8re de l\u2019Agriculture de la P\u00eache Maritime du D\u00e9veloppement Durable et des Eaux et For\u00eats, cr\u00e9e en 1986, a confirm\u00e9 son ancrage au service du secteur des produits alimentaires agricoles et halieutiques destin\u00e9s \u00e0 l\u2019exportation, l\u2019un des leviers de la croissance \u00e9conomique du pays.\",\"breadcrumb\":{\"@id\":\"https:\/\/www.moroccofoodex.org.ma\/morocco-foodex\/presentation\/#breadcrumb\"},\"inLanguage\":\"ar\",\"potentialAction\":[{\"@type\":\"ReadAction\",\"target\":[\"https:\/\/www.moroccofoodex.org.ma\/morocco-foodex\/presentation\/\"]}]},{\"@type\":\"BreadcrumbList\",\"@id\":\"https:\/\/www.moroccofoodex.org.ma\/morocco-foodex\/presentation\/#breadcrumb\",\"itemListElement\":[{\"@type\":\"ListItem\",\"position\":1,\"name\":\"Accueil\",\"item\":\"https:\/\/www.moroccofoodex.org.ma\/\"},{\"@type\":\"ListItem\",\"position\":2,\"name\":\"Morocco Foodex\",\"item\":\"https:\/\/www.moroccofoodex.org.ma\/morocco-foodex\/\"},{\"@type\":\"ListItem\",\"position\":3,\"name\":\"Pr\u00e9sentation\"}]}]}<\/script>\n<!-- \/ Yoast SEO plugin. -->","yoast_head_json":{"title":"[:fr]Pr\u00e9sentation[:ar]\u062a\u0642\u062f\u064a\u0645[:en]Who are we ?[:] - \u0645\u0648\u0631\u0648\u0643\u0648 \u0641\u0648\u062f\u0643\u0633","description":"MOROCCO FOODEX l\u2019\u00c9tablissement Autonome de Contr\u00f4le et de Coordination des Exportations est un organisme public sous la tutelle du Minist\u00e8re de l\u2019Agriculture de la P\u00eache Maritime du D\u00e9veloppement Durable et des Eaux et For\u00eats, cr\u00e9e en 1986, a confirm\u00e9 son ancrage au service du secteur des produits alimentaires agricoles et halieutiques destin\u00e9s \u00e0 l\u2019exportation, l\u2019un des leviers de la croissance \u00e9conomique du pays.","robots":{"index":"index","follow":"follow","max-snippet":"max-snippet:-1","max-image-preview":"max-image-preview:large","max-video-preview":"max-video-preview:-1"},"canonical":"https:\/\/www.moroccofoodex.org.ma\/morocco-foodex\/presentation\/","og_locale":"ar_AR","og_type":"article","og_title":"[:fr]Pr\u00e9sentation[:ar]\u062a\u0642\u062f\u064a\u0645[:en]Who are we ?[:] - \u0645\u0648\u0631\u0648\u0643\u0648 \u0641\u0648\u062f\u0643\u0633","og_description":"MOROCCO FOODEX l\u2019\u00c9tablissement Autonome de Contr\u00f4le et de Coordination des Exportations est un organisme public sous la tutelle du Minist\u00e8re de l\u2019Agriculture de la P\u00eache Maritime du D\u00e9veloppement Durable et des Eaux et For\u00eats, cr\u00e9e en 1986, a confirm\u00e9 son ancrage au service du secteur des produits alimentaires agricoles et halieutiques destin\u00e9s \u00e0 l\u2019exportation, l\u2019un des leviers de la croissance \u00e9conomique du pays.","og_url":"https:\/\/www.moroccofoodex.org.ma\/morocco-foodex\/presentation\/","og_site_name":"\u0645\u0648\u0631\u0648\u0643\u0648 \u0641\u0648\u062f\u0643\u0633","article_modified_time":"2021-11-12T15:18:53+00:00","twitter_card":"summary_large_image","twitter_misc":{"\u0648\u0642\u062a \u0627\u0644\u0642\u0631\u0627\u0621\u0629 \u0627\u0644\u0645\u064f\u0642\u062f\u0651\u0631":"\u062f\u0642\u064a\u0642\u062a\u0627\u0646"},"schema":{"@context":"https:\/\/schema.org","@graph":[{"@type":"WebSite","@id":"https:\/\/www.moroccofoodex.org.ma\/#website","url":"https:\/\/www.moroccofoodex.org.ma\/","name":"\u0645\u0648\u0631\u0648\u0643\u0648 \u0641\u0648\u062f\u0643\u0633","description":"","potentialAction":[{"@type":"SearchAction","target":{"@type":"EntryPoint","urlTemplate":"https:\/\/www.moroccofoodex.org.ma\/?s={search_term_string}"},"query-input":"required name=search_term_string"}],"inLanguage":"ar"},{"@type":"WebPage","@id":"https:\/\/www.moroccofoodex.org.ma\/morocco-foodex\/presentation\/#webpage","url":"https:\/\/www.moroccofoodex.org.ma\/morocco-foodex\/presentation\/","name":"[:fr]Pr\u00e9sentation[:ar]\u062a\u0642\u062f\u064a\u0645[:en]Who are we ?[:] - \u0645\u0648\u0631\u0648\u0643\u0648 \u0641\u0648\u062f\u0643\u0633","isPartOf":{"@id":"https:\/\/www.moroccofoodex.org.ma\/#website"},"datePublished":"2019-10-23T10:04:59+00:00","dateModified":"2021-11-12T15:18:53+00:00","description":"MOROCCO FOODEX l\u2019\u00c9tablissement Autonome de Contr\u00f4le et de Coordination des Exportations est un organisme public sous la tutelle du Minist\u00e8re de l\u2019Agriculture de la P\u00eache Maritime du D\u00e9veloppement Durable et des Eaux et For\u00eats, cr\u00e9e en 1986, a confirm\u00e9 son ancrage au service du secteur des produits alimentaires agricoles et halieutiques destin\u00e9s \u00e0 l\u2019exportation, l\u2019un des leviers de la croissance \u00e9conomique du pays.","breadcrumb":{"@id":"https:\/\/www.moroccofoodex.org.ma\/morocco-foodex\/presentation\/#breadcrumb"},"inLanguage":"ar","potentialAction":[{"@type":"ReadAction","target":["https:\/\/www.moroccofoodex.org.ma\/morocco-foodex\/presentation\/"]}]},{"@type":"BreadcrumbList","@id":"https:\/\/www.moroccofoodex.org.ma\/morocco-foodex\/presentation\/#breadcrumb","itemListElement":[{"@type":"ListItem","position":1,"name":"Accueil","item":"https:\/\/www.moroccofoodex.org.ma\/"},{"@type":"ListItem","position":2,"name":"Morocco Foodex","item":"https:\/\/www.moroccofoodex.org.ma\/morocco-foodex\/"},{"@type":"ListItem","position":3,"name":"Pr\u00e9sentation"}]}]}},"_links":{"self":[{"href":"https:\/\/www.moroccofoodex.org.ma\/ar\/wp-json\/wp\/v2\/pages\/9"}],"collection":[{"href":"https:\/\/www.moroccofoodex.org.ma\/ar\/wp-json\/wp\/v2\/pages"}],"about":[{"href":"https:\/\/www.moroccofoodex.org.ma\/ar\/wp-json\/wp\/v2\/types\/page"}],"author":[{"embeddable":true,"href":"https:\/\/www.moroccofoodex.org.ma\/ar\/wp-json\/wp\/v2\/users\/1"}],"replies":[{"embeddable":true,"href":"https:\/\/www.moroccofoodex.org.ma\/ar\/wp-json\/wp\/v2\/comments?post=9"}],"version-history":[{"count":67,"href":"https:\/\/www.moroccofoodex.org.ma\/ar\/wp-json\/wp\/v2\/pages\/9\/revisions"}],"predecessor-version":[{"id":3014,"href":"https:\/\/www.moroccofoodex.org.ma\/ar\/wp-json\/wp\/v2\/pages\/9\/revisions\/3014"}],"up":[{"embeddable":true,"href":"https:\/\/www.moroccofoodex.org.ma\/ar\/wp-json\/wp\/v2\/pages\/7"}],"wp:attachment":[{"href":"https:\/\/www.moroccofoodex.org.ma\/ar\/wp-json\/wp\/v2\/media?parent=9"}],"curies":[{"name":"wp","href":"https:\/\/api.w.org\/{rel}","templated":true}]}}