{"id":9,"date":"2019-10-23T12:04:59","date_gmt":"2019-10-23T10:04:59","guid":{"rendered":"https:\/\/www.moroccofoodex.org.ma\/\/?page_id=9"},"modified":"2021-11-12T16:18:53","modified_gmt":"2021-11-12T15:18:53","slug":"presentation","status":"publish","type":"page","link":"https:\/\/www.moroccofoodex.org.ma\/en\/morocco-foodex\/presentation\/","title":{"rendered":"Who are we ?"},"content":{"rendered":"<p><strong>MOROCCO FOODEX<\/strong>, Food\u00a0 Export Control and Coordination organization is a public structure under the supervision of the Ministry of Agriculture, Fisheries, Rural Development, Water and Forests. Created in 1986 and has been since then dedicated to the service of the Agri-food and maritime products sector, one of the levers of the country\u2019s economic growth.<\/p>\n<p>The food export sector is evolving in an international environment marked by increased competition and ever higher technical and commercial requirements.<\/p>\n<p>With the vision and goal of meeting the regulatory requirements dictated by the globalization of markets, the establishment continuously ensures a quality service combining: impartiality, rigor, reliability, facilitation, anticipation and high professionalism.<\/p>\n<p>As a public body at the service of the private sector, its intervention covers:<\/p>\n<ul>\n<li>Fresh fruit and vegetables (citrus fruits, tomatoes, red fruits, avocados and other market garden products).<\/li>\n<li>Processed vegetable products (canned, dried or frozen fruit and vegetables, olive oil, argan oil, cereals, pulses, spices, herbs, etc.).<\/li>\n<li>Fishery products (fresh fish, canned fish, etc.).<\/li>\n<\/ul>\n<p><\/p>","protected":false},"excerpt":{"rendered":"<p>MOROCCO FOODEX, Food\u00a0 Export Control and Coordination organization is a public structure under the supervision of the Ministry of Agriculture, Fisheries, Rural Development, Water and Forests. Created in 1986 and has been since then dedicated to the service of the Agri-food and maritime products sector, one of the levers of the country\u2019s economic growth. The &hellip; <\/p>\n<p class=\"link-more\"><a href=\"https:\/\/www.moroccofoodex.org.ma\/en\/morocco-foodex\/presentation\/\" class=\"more-link\">Continue reading<span class=\"screen-reader-text\"> &#8220;Who are we ?&#8221;<\/span><\/a><\/p>\n","protected":false},"author":1,"featured_media":0,"parent":7,"menu_order":30,"comment_status":"closed","ping_status":"closed","template":"page-section.php","meta":[],"acf":[],"yoast_head":"<!-- This site is optimized with the Yoast SEO plugin v18.5.1 - https:\/\/yoast.com\/wordpress\/plugins\/seo\/ -->\n<title>Who are we ? - Morocco Foodex<\/title>\n<meta name=\"description\" content=\"MOROCCO FOODEX l\u2019\u00c9tablissement Autonome de Contr\u00f4le et de Coordination des Exportations est un organisme public sous la tutelle du Minist\u00e8re de l\u2019Agriculture de la P\u00eache Maritime du D\u00e9veloppement Durable et des Eaux et For\u00eats, cr\u00e9e en 1986, a confirm\u00e9 son ancrage au service du secteur des produits alimentaires agricoles et halieutiques destin\u00e9s \u00e0 l\u2019exportation, l\u2019un des leviers de la croissance \u00e9conomique du pays.\" \/>\n<meta name=\"robots\" content=\"index, follow, max-snippet:-1, max-image-preview:large, max-video-preview:-1\" \/>\n<link rel=\"canonical\" href=\"https:\/\/www.moroccofoodex.org.ma\/morocco-foodex\/presentation\/\" \/>\n<meta property=\"og:locale\" content=\"en_US\" \/>\n<meta property=\"og:type\" content=\"article\" \/>\n<meta property=\"og:title\" content=\"[:fr]Pr\u00e9sentation[:ar]\u062a\u0642\u062f\u064a\u0645[:en]Who are we ?[:] - Morocco Foodex\" \/>\n<meta property=\"og:description\" content=\"MOROCCO FOODEX l\u2019\u00c9tablissement Autonome de Contr\u00f4le et de Coordination des Exportations est un organisme public sous la tutelle du Minist\u00e8re de l\u2019Agriculture de la P\u00eache Maritime du D\u00e9veloppement Durable et des Eaux et For\u00eats, cr\u00e9e en 1986, a confirm\u00e9 son ancrage au service du secteur des produits alimentaires agricoles et halieutiques destin\u00e9s \u00e0 l\u2019exportation, l\u2019un des leviers de la croissance \u00e9conomique du pays.\" \/>\n<meta property=\"og:url\" content=\"https:\/\/www.moroccofoodex.org.ma\/morocco-foodex\/presentation\/\" \/>\n<meta property=\"og:site_name\" content=\"Morocco Foodex\" \/>\n<meta property=\"article:modified_time\" content=\"2021-11-12T15:18:53+00:00\" \/>\n<meta name=\"twitter:card\" content=\"summary_large_image\" \/>\n<meta name=\"twitter:label1\" content=\"Est. reading time\" \/>\n\t<meta name=\"twitter:data1\" content=\"2 minutes\" \/>\n<script type=\"application\/ld+json\" class=\"yoast-schema-graph\">{\"@context\":\"https:\/\/schema.org\",\"@graph\":[{\"@type\":\"WebSite\",\"@id\":\"https:\/\/www.moroccofoodex.org.ma\/#website\",\"url\":\"https:\/\/www.moroccofoodex.org.ma\/\",\"name\":\"Morocco Foodex\",\"description\":\"\",\"potentialAction\":[{\"@type\":\"SearchAction\",\"target\":{\"@type\":\"EntryPoint\",\"urlTemplate\":\"https:\/\/www.moroccofoodex.org.ma\/?s={search_term_string}\"},\"query-input\":\"required name=search_term_string\"}],\"inLanguage\":\"en\"},{\"@type\":\"WebPage\",\"@id\":\"https:\/\/www.moroccofoodex.org.ma\/morocco-foodex\/presentation\/#webpage\",\"url\":\"https:\/\/www.moroccofoodex.org.ma\/morocco-foodex\/presentation\/\",\"name\":\"[:fr]Pr\u00e9sentation[:ar]\u062a\u0642\u062f\u064a\u0645[:en]Who are we ?[:] - Morocco Foodex\",\"isPartOf\":{\"@id\":\"https:\/\/www.moroccofoodex.org.ma\/#website\"},\"datePublished\":\"2019-10-23T10:04:59+00:00\",\"dateModified\":\"2021-11-12T15:18:53+00:00\",\"description\":\"MOROCCO FOODEX l\u2019\u00c9tablissement Autonome de Contr\u00f4le et de Coordination des Exportations est un organisme public sous la tutelle du Minist\u00e8re de l\u2019Agriculture de la P\u00eache Maritime du D\u00e9veloppement Durable et des Eaux et For\u00eats, cr\u00e9e en 1986, a confirm\u00e9 son ancrage au service du secteur des produits alimentaires agricoles et halieutiques destin\u00e9s \u00e0 l\u2019exportation, l\u2019un des leviers de la croissance \u00e9conomique du pays.\",\"breadcrumb\":{\"@id\":\"https:\/\/www.moroccofoodex.org.ma\/morocco-foodex\/presentation\/#breadcrumb\"},\"inLanguage\":\"en\",\"potentialAction\":[{\"@type\":\"ReadAction\",\"target\":[\"https:\/\/www.moroccofoodex.org.ma\/morocco-foodex\/presentation\/\"]}]},{\"@type\":\"BreadcrumbList\",\"@id\":\"https:\/\/www.moroccofoodex.org.ma\/morocco-foodex\/presentation\/#breadcrumb\",\"itemListElement\":[{\"@type\":\"ListItem\",\"position\":1,\"name\":\"Accueil\",\"item\":\"https:\/\/www.moroccofoodex.org.ma\/\"},{\"@type\":\"ListItem\",\"position\":2,\"name\":\"Morocco Foodex\",\"item\":\"https:\/\/www.moroccofoodex.org.ma\/morocco-foodex\/\"},{\"@type\":\"ListItem\",\"position\":3,\"name\":\"Pr\u00e9sentation\"}]}]}<\/script>\n<!-- \/ Yoast SEO plugin. -->","yoast_head_json":{"title":"[:fr]Pr\u00e9sentation[:ar]\u062a\u0642\u062f\u064a\u0645[:en]Who are we ?[:] - Morocco Foodex","description":"MOROCCO FOODEX l\u2019\u00c9tablissement Autonome de Contr\u00f4le et de Coordination des Exportations est un organisme public sous la tutelle du Minist\u00e8re de l\u2019Agriculture de la P\u00eache Maritime du D\u00e9veloppement Durable et des Eaux et For\u00eats, cr\u00e9e en 1986, a confirm\u00e9 son ancrage au service du secteur des produits alimentaires agricoles et halieutiques destin\u00e9s \u00e0 l\u2019exportation, l\u2019un des leviers de la croissance \u00e9conomique du pays.","robots":{"index":"index","follow":"follow","max-snippet":"max-snippet:-1","max-image-preview":"max-image-preview:large","max-video-preview":"max-video-preview:-1"},"canonical":"https:\/\/www.moroccofoodex.org.ma\/morocco-foodex\/presentation\/","og_locale":"en_US","og_type":"article","og_title":"[:fr]Pr\u00e9sentation[:ar]\u062a\u0642\u062f\u064a\u0645[:en]Who are we ?[:] - Morocco Foodex","og_description":"MOROCCO FOODEX l\u2019\u00c9tablissement Autonome de Contr\u00f4le et de Coordination des Exportations est un organisme public sous la tutelle du Minist\u00e8re de l\u2019Agriculture de la P\u00eache Maritime du D\u00e9veloppement Durable et des Eaux et For\u00eats, cr\u00e9e en 1986, a confirm\u00e9 son ancrage au service du secteur des produits alimentaires agricoles et halieutiques destin\u00e9s \u00e0 l\u2019exportation, l\u2019un des leviers de la croissance \u00e9conomique du pays.","og_url":"https:\/\/www.moroccofoodex.org.ma\/morocco-foodex\/presentation\/","og_site_name":"Morocco Foodex","article_modified_time":"2021-11-12T15:18:53+00:00","twitter_card":"summary_large_image","twitter_misc":{"Est. reading time":"2 minutes"},"schema":{"@context":"https:\/\/schema.org","@graph":[{"@type":"WebSite","@id":"https:\/\/www.moroccofoodex.org.ma\/#website","url":"https:\/\/www.moroccofoodex.org.ma\/","name":"Morocco Foodex","description":"","potentialAction":[{"@type":"SearchAction","target":{"@type":"EntryPoint","urlTemplate":"https:\/\/www.moroccofoodex.org.ma\/?s={search_term_string}"},"query-input":"required name=search_term_string"}],"inLanguage":"en"},{"@type":"WebPage","@id":"https:\/\/www.moroccofoodex.org.ma\/morocco-foodex\/presentation\/#webpage","url":"https:\/\/www.moroccofoodex.org.ma\/morocco-foodex\/presentation\/","name":"[:fr]Pr\u00e9sentation[:ar]\u062a\u0642\u062f\u064a\u0645[:en]Who are we ?[:] - Morocco Foodex","isPartOf":{"@id":"https:\/\/www.moroccofoodex.org.ma\/#website"},"datePublished":"2019-10-23T10:04:59+00:00","dateModified":"2021-11-12T15:18:53+00:00","description":"MOROCCO FOODEX l\u2019\u00c9tablissement Autonome de Contr\u00f4le et de Coordination des Exportations est un organisme public sous la tutelle du Minist\u00e8re de l\u2019Agriculture de la P\u00eache Maritime du D\u00e9veloppement Durable et des Eaux et For\u00eats, cr\u00e9e en 1986, a confirm\u00e9 son ancrage au service du secteur des produits alimentaires agricoles et halieutiques destin\u00e9s \u00e0 l\u2019exportation, l\u2019un des leviers de la croissance \u00e9conomique du pays.","breadcrumb":{"@id":"https:\/\/www.moroccofoodex.org.ma\/morocco-foodex\/presentation\/#breadcrumb"},"inLanguage":"en","potentialAction":[{"@type":"ReadAction","target":["https:\/\/www.moroccofoodex.org.ma\/morocco-foodex\/presentation\/"]}]},{"@type":"BreadcrumbList","@id":"https:\/\/www.moroccofoodex.org.ma\/morocco-foodex\/presentation\/#breadcrumb","itemListElement":[{"@type":"ListItem","position":1,"name":"Accueil","item":"https:\/\/www.moroccofoodex.org.ma\/"},{"@type":"ListItem","position":2,"name":"Morocco Foodex","item":"https:\/\/www.moroccofoodex.org.ma\/morocco-foodex\/"},{"@type":"ListItem","position":3,"name":"Pr\u00e9sentation"}]}]}},"_links":{"self":[{"href":"https:\/\/www.moroccofoodex.org.ma\/en\/wp-json\/wp\/v2\/pages\/9"}],"collection":[{"href":"https:\/\/www.moroccofoodex.org.ma\/en\/wp-json\/wp\/v2\/pages"}],"about":[{"href":"https:\/\/www.moroccofoodex.org.ma\/en\/wp-json\/wp\/v2\/types\/page"}],"author":[{"embeddable":true,"href":"https:\/\/www.moroccofoodex.org.ma\/en\/wp-json\/wp\/v2\/users\/1"}],"replies":[{"embeddable":true,"href":"https:\/\/www.moroccofoodex.org.ma\/en\/wp-json\/wp\/v2\/comments?post=9"}],"version-history":[{"count":67,"href":"https:\/\/www.moroccofoodex.org.ma\/en\/wp-json\/wp\/v2\/pages\/9\/revisions"}],"predecessor-version":[{"id":3014,"href":"https:\/\/www.moroccofoodex.org.ma\/en\/wp-json\/wp\/v2\/pages\/9\/revisions\/3014"}],"up":[{"embeddable":true,"href":"https:\/\/www.moroccofoodex.org.ma\/en\/wp-json\/wp\/v2\/pages\/7"}],"wp:attachment":[{"href":"https:\/\/www.moroccofoodex.org.ma\/en\/wp-json\/wp\/v2\/media?parent=9"}],"curies":[{"name":"wp","href":"https:\/\/api.w.org\/{rel}","templated":true}]}}