{"id":1082,"date":"2019-12-16T16:52:20","date_gmt":"2019-12-16T15:52:20","guid":{"rendered":"https:\/\/www.moroccofoodex.org.ma\/?page_id=1082"},"modified":"2020-06-08T12:22:34","modified_gmt":"2020-06-08T10:22:34","slug":"guides-et-procedures","status":"publish","type":"page","link":"https:\/\/www.moroccofoodex.org.ma\/fr\/autorite-de-controle\/guides-et-procedures\/","title":{"rendered":"Guides et proc\u00e9dures"},"content":{"rendered":"<p>D\u00e9couvrir les guides, proc\u00e9dures et r\u00e9glementations \u00e0 l\u2019export.<\/p>","protected":false},"excerpt":{"rendered":"<p>D\u00e9couvrir les guides, proc\u00e9dures et r\u00e9glementations \u00e0 l\u2019export.<\/p>\n","protected":false},"author":1,"featured_media":0,"parent":20,"menu_order":33,"comment_status":"closed","ping_status":"closed","template":"page-procedures.php","meta":[],"acf":[],"yoast_head":"<!-- This site is optimized with the Yoast SEO plugin v18.5.1 - https:\/\/yoast.com\/wordpress\/plugins\/seo\/ -->\n<title>Guides et proc\u00e9dures - Morocco Foodex<\/title>\n<meta name=\"robots\" content=\"index, follow, max-snippet:-1, max-image-preview:large, max-video-preview:-1\" \/>\n<link rel=\"canonical\" href=\"https:\/\/www.moroccofoodex.org.ma\/autorite-de-controle\/guides-et-procedures\/\" \/>\n<meta property=\"og:locale\" content=\"fr_FR\" \/>\n<meta property=\"og:type\" content=\"article\" \/>\n<meta property=\"og:title\" content=\"[:fr]Guides et proc\u00e9dures[:ar]\u0627\u0644\u062f\u0644\u0627\u0626\u0644 \u0648\u0627\u0644\u0625\u062c\u0631\u0627\u0621\u0627\u062a [:en]Guides and procedures[:] - Morocco Foodex\" \/>\n<meta property=\"og:description\" content=\"D\u00e9couvrir les guides, proc\u00e9dures et r\u00e9glementations \u00e0 l\u2019export.\" \/>\n<meta property=\"og:url\" content=\"https:\/\/www.moroccofoodex.org.ma\/autorite-de-controle\/guides-et-procedures\/\" \/>\n<meta property=\"og:site_name\" content=\"Morocco Foodex\" \/>\n<meta property=\"article:modified_time\" content=\"2020-06-08T10:22:34+00:00\" \/>\n<meta name=\"twitter:card\" content=\"summary_large_image\" \/>\n<script type=\"application\/ld+json\" class=\"yoast-schema-graph\">{\"@context\":\"https:\/\/schema.org\",\"@graph\":[{\"@type\":\"WebSite\",\"@id\":\"https:\/\/www.moroccofoodex.org.ma\/#website\",\"url\":\"https:\/\/www.moroccofoodex.org.ma\/\",\"name\":\"Morocco Foodex\",\"description\":\"\",\"potentialAction\":[{\"@type\":\"SearchAction\",\"target\":{\"@type\":\"EntryPoint\",\"urlTemplate\":\"https:\/\/www.moroccofoodex.org.ma\/?s={search_term_string}\"},\"query-input\":\"required name=search_term_string\"}],\"inLanguage\":\"fr\"},{\"@type\":\"WebPage\",\"@id\":\"https:\/\/www.moroccofoodex.org.ma\/autorite-de-controle\/guides-et-procedures\/#webpage\",\"url\":\"https:\/\/www.moroccofoodex.org.ma\/autorite-de-controle\/guides-et-procedures\/\",\"name\":\"[:fr]Guides et proc\u00e9dures[:ar]\u0627\u0644\u062f\u0644\u0627\u0626\u0644 \u0648\u0627\u0644\u0625\u062c\u0631\u0627\u0621\u0627\u062a [:en]Guides and procedures[:] - Morocco Foodex\",\"isPartOf\":{\"@id\":\"https:\/\/www.moroccofoodex.org.ma\/#website\"},\"datePublished\":\"2019-12-16T15:52:20+00:00\",\"dateModified\":\"2020-06-08T10:22:34+00:00\",\"breadcrumb\":{\"@id\":\"https:\/\/www.moroccofoodex.org.ma\/autorite-de-controle\/guides-et-procedures\/#breadcrumb\"},\"inLanguage\":\"fr\",\"potentialAction\":[{\"@type\":\"ReadAction\",\"target\":[\"https:\/\/www.moroccofoodex.org.ma\/autorite-de-controle\/guides-et-procedures\/\"]}]},{\"@type\":\"BreadcrumbList\",\"@id\":\"https:\/\/www.moroccofoodex.org.ma\/autorite-de-controle\/guides-et-procedures\/#breadcrumb\",\"itemListElement\":[{\"@type\":\"ListItem\",\"position\":1,\"name\":\"Accueil\",\"item\":\"https:\/\/www.moroccofoodex.org.ma\/\"},{\"@type\":\"ListItem\",\"position\":2,\"name\":\"Autorit\u00e9 de contr\u00f4le\",\"item\":\"https:\/\/www.moroccofoodex.org.ma\/autorite-de-controle\/\"},{\"@type\":\"ListItem\",\"position\":3,\"name\":\"Guides et proc\u00e9dures\"}]}]}<\/script>\n<!-- \/ Yoast SEO plugin. -->","yoast_head_json":{"title":"[:fr]Guides et proc\u00e9dures[:ar]\u0627\u0644\u062f\u0644\u0627\u0626\u0644 \u0648\u0627\u0644\u0625\u062c\u0631\u0627\u0621\u0627\u062a [:en]Guides and procedures[:] - Morocco Foodex","robots":{"index":"index","follow":"follow","max-snippet":"max-snippet:-1","max-image-preview":"max-image-preview:large","max-video-preview":"max-video-preview:-1"},"canonical":"https:\/\/www.moroccofoodex.org.ma\/autorite-de-controle\/guides-et-procedures\/","og_locale":"fr_FR","og_type":"article","og_title":"[:fr]Guides et proc\u00e9dures[:ar]\u0627\u0644\u062f\u0644\u0627\u0626\u0644 \u0648\u0627\u0644\u0625\u062c\u0631\u0627\u0621\u0627\u062a [:en]Guides and procedures[:] - Morocco Foodex","og_description":"D\u00e9couvrir les guides, proc\u00e9dures et r\u00e9glementations \u00e0 l\u2019export.","og_url":"https:\/\/www.moroccofoodex.org.ma\/autorite-de-controle\/guides-et-procedures\/","og_site_name":"Morocco Foodex","article_modified_time":"2020-06-08T10:22:34+00:00","twitter_card":"summary_large_image","schema":{"@context":"https:\/\/schema.org","@graph":[{"@type":"WebSite","@id":"https:\/\/www.moroccofoodex.org.ma\/#website","url":"https:\/\/www.moroccofoodex.org.ma\/","name":"Morocco Foodex","description":"","potentialAction":[{"@type":"SearchAction","target":{"@type":"EntryPoint","urlTemplate":"https:\/\/www.moroccofoodex.org.ma\/?s={search_term_string}"},"query-input":"required name=search_term_string"}],"inLanguage":"fr"},{"@type":"WebPage","@id":"https:\/\/www.moroccofoodex.org.ma\/autorite-de-controle\/guides-et-procedures\/#webpage","url":"https:\/\/www.moroccofoodex.org.ma\/autorite-de-controle\/guides-et-procedures\/","name":"[:fr]Guides et proc\u00e9dures[:ar]\u0627\u0644\u062f\u0644\u0627\u0626\u0644 \u0648\u0627\u0644\u0625\u062c\u0631\u0627\u0621\u0627\u062a [:en]Guides and procedures[:] - Morocco Foodex","isPartOf":{"@id":"https:\/\/www.moroccofoodex.org.ma\/#website"},"datePublished":"2019-12-16T15:52:20+00:00","dateModified":"2020-06-08T10:22:34+00:00","breadcrumb":{"@id":"https:\/\/www.moroccofoodex.org.ma\/autorite-de-controle\/guides-et-procedures\/#breadcrumb"},"inLanguage":"fr","potentialAction":[{"@type":"ReadAction","target":["https:\/\/www.moroccofoodex.org.ma\/autorite-de-controle\/guides-et-procedures\/"]}]},{"@type":"BreadcrumbList","@id":"https:\/\/www.moroccofoodex.org.ma\/autorite-de-controle\/guides-et-procedures\/#breadcrumb","itemListElement":[{"@type":"ListItem","position":1,"name":"Accueil","item":"https:\/\/www.moroccofoodex.org.ma\/"},{"@type":"ListItem","position":2,"name":"Autorit\u00e9 de contr\u00f4le","item":"https:\/\/www.moroccofoodex.org.ma\/autorite-de-controle\/"},{"@type":"ListItem","position":3,"name":"Guides et proc\u00e9dures"}]}]}},"_links":{"self":[{"href":"https:\/\/www.moroccofoodex.org.ma\/fr\/wp-json\/wp\/v2\/pages\/1082"}],"collection":[{"href":"https:\/\/www.moroccofoodex.org.ma\/fr\/wp-json\/wp\/v2\/pages"}],"about":[{"href":"https:\/\/www.moroccofoodex.org.ma\/fr\/wp-json\/wp\/v2\/types\/page"}],"author":[{"embeddable":true,"href":"https:\/\/www.moroccofoodex.org.ma\/fr\/wp-json\/wp\/v2\/users\/1"}],"replies":[{"embeddable":true,"href":"https:\/\/www.moroccofoodex.org.ma\/fr\/wp-json\/wp\/v2\/comments?post=1082"}],"version-history":[{"count":13,"href":"https:\/\/www.moroccofoodex.org.ma\/fr\/wp-json\/wp\/v2\/pages\/1082\/revisions"}],"predecessor-version":[{"id":2248,"href":"https:\/\/www.moroccofoodex.org.ma\/fr\/wp-json\/wp\/v2\/pages\/1082\/revisions\/2248"}],"up":[{"embeddable":true,"href":"https:\/\/www.moroccofoodex.org.ma\/fr\/wp-json\/wp\/v2\/pages\/20"}],"wp:attachment":[{"href":"https:\/\/www.moroccofoodex.org.ma\/fr\/wp-json\/wp\/v2\/media?parent=1082"}],"curies":[{"name":"wp","href":"https:\/\/api.w.org\/{rel}","templated":true}]}}