{"id":13,"date":"2019-10-23T12:06:00","date_gmt":"2019-10-23T10:06:00","guid":{"rendered":"https:\/\/www.moroccofoodex.org.ma\/\/?page_id=13"},"modified":"2021-01-05T18:19:02","modified_gmt":"2021-01-05T17:19:02","slug":"un-organisme-de-proximite","status":"publish","type":"page","link":"https:\/\/www.moroccofoodex.org.ma\/fr\/morocco-foodex\/un-organisme-de-proximite\/","title":{"rendered":"Un organisme de proximit\u00e9"},"content":{"rendered":"<p><strong>MOROCCO FOODEX<\/strong> dispose d\u2019une <strong>vingtaine de repr\u00e9sentations r\u00e9gionales<\/strong> r\u00e9parties dans les diff\u00e9rentes zones de production et d\u2019exportation, en vue de garantir un service de proximit\u00e9 aux professionnels du secteur des produits agricoles et halieutiques.<\/p>\n<p><img decoding=\"async\" loading=\"lazy\" class=\"aligncenter size-full wp-image-197\" src=\"https:\/\/www.moroccofoodex.org.ma\/\/wp-content\/uploads\/2019\/10\/rnational.png\" alt=\"\" width=\"636\" height=\"516\" \/><\/p>\n<p><a class=\"bTnS\" role=\"button\" href=\"https:\/\/www.moroccofoodex.org.ma\/menu-transversal\/contactez-nous\/\" target=\"_blank\" rel=\"noopener noreferrer\">Contacter une repr\u00e9sentation ?<\/a><\/p>\n<p style=\"text-align: left;\">Il dispose \u00e9galement de <strong>cinq d\u00e9l\u00e9gations internationales<\/strong>, trois bas\u00e9es en Europe et deux autres \u00e0 Saint Petersburg en Russie et \u00e0 Montr\u00e9al au Canada. Leur r\u00f4le est de contribuer au bon d\u00e9roulement des missions de contr\u00f4le technique, de coordination et de veille en fournissant des indications sur l\u2019\u00e9tat d\u2019arriv\u00e9e des produits export\u00e9s en termes de qualit\u00e9 et de conformit\u00e9 et en assurant une veille commerciale avec la remont\u00e9e d\u2019informations utiles au service du secteur agro-alimentaire d\u2019exportation.<\/p>\n<p>&nbsp;<\/p>\n<p style=\"text-align: left;\"><img decoding=\"async\" loading=\"lazy\" class=\"aligncenter size-full wp-image-196\" src=\"https:\/\/www.moroccofoodex.org.ma\/\/wp-content\/uploads\/2019\/10\/rinter.png\" alt=\"\" width=\"1053\" height=\"527\" \/><\/p>\n<p>&nbsp;<\/p>\n<p>Pour assurer l&#8217;appui scientifique et la fiabilit\u00e9 requise \u00e0 l&#8217;intervention du contr\u00f4le technique et analytique des produits destin\u00e9s \u00e0 l\u2019export, <strong>MOROCCO FOODEX<\/strong> dispose d&#8217;un r\u00e9seau de laboratoires \u00e0 la pointe de la technologie et du savoir \u2013faire humain, couvrant le Centre, le Sud et l&#8217;Oriental.<\/p>\n<p>Ces laboratoires sont outill\u00e9s pour garantir le respect des r\u00e9glementations sanitaires et Phyto-sanitaires exig\u00e9es \u00e0 l&#8217;exportation. Les analyses effectu\u00e9es portent notamment sur les limites maximales des r\u00e9sidus des pesticides, les m\u00e9taux lourds, la migration globale et sp\u00e9cifique, la stabilit\u00e9 biologique des conserves alimentaires.<br \/>\nDans le domaine des emballages, les analyses concernent la r\u00e9sistance \u00e0 la compression verticale, les caract\u00e9ristiques m\u00e9caniques du carton ondul\u00e9, la migration du vernis, l\u2019\u00e9tanch\u00e9it\u00e9&#8230; etc. Outre ses moyens propres, <strong>MOROCCO FOODEX<\/strong> (EACCE) recourt au tissu scientifique national en concluant des conventions de coop\u00e9ration technique avec des laboratoires reconnus. De m\u00eame que les laboratoires de <strong>MOROCCO FOODEX<\/strong> participent \u00e0 des circuits d&#8217;inter-comparaison de la qualit\u00e9 des analyses \u00e0 l&#8217;\u00e9chelle internationale, plus particuli\u00e8rement avec des laboratoires am\u00e9ricains, fran\u00e7ais et allemands.<br \/>\nPour apporter l&#8217;appui scientifique et la reconnaissance internationale n\u00e9cessaires \u00e0 son intervention technique, l\u2019\u00e9valuation de renouvellement et d\u2019extension de la port\u00e9e de l\u2019accr\u00e9ditation des laboratoires de Casablanca, Agadir, Berkane, Mekn\u00e8s et Larache ont \u00e9t\u00e9 \u00e9tendue avec succ\u00e8s en 2018 par le COFRAC selon la norme ISO 17025.<\/p>\n<p>L&#8217;instauration d&#8217;un syst\u00e8me de management de la qualit\u00e9 r\u00e9pondant aux exigences de la norme ISO 17025, a permis l&#8217;apport d&#8217;une valeur ajout\u00e9e en mati\u00e8re d&#8217;organisation et de comp\u00e9tence technique des laboratoires de <strong>MOROCCO FOODEX<\/strong> (EACCE) qui se mat\u00e9rialise par la qualit\u00e9 des prestations et la cr\u00e9dibilit\u00e9 des r\u00e9sultats d&#8217;analyses r\u00e9alis\u00e9s.<\/p>\n<p style=\"text-align: left;\">\n<p><\/p>","protected":false},"excerpt":{"rendered":"<p>MOROCCO FOODEX dispose d\u2019une vingtaine de repr\u00e9sentations r\u00e9gionales r\u00e9parties dans les diff\u00e9rentes zones de production et d\u2019exportation, en vue de garantir un service de proximit\u00e9 aux professionnels du secteur des produits agricoles et halieutiques. Contacter une repr\u00e9sentation ? Il dispose \u00e9galement de cinq d\u00e9l\u00e9gations internationales, trois bas\u00e9es en Europe et deux autres \u00e0 Saint Petersburg &hellip; <\/p>\n<p class=\"link-more\"><a href=\"https:\/\/www.moroccofoodex.org.ma\/fr\/morocco-foodex\/un-organisme-de-proximite\/\" class=\"more-link\">Continue reading<span class=\"screen-reader-text\"> &#8220;Un organisme de proximit\u00e9&#8221;<\/span><\/a><\/p>\n","protected":false},"author":1,"featured_media":0,"parent":7,"menu_order":38,"comment_status":"closed","ping_status":"closed","template":"","meta":[],"acf":[],"yoast_head":"<!-- This site is optimized with the Yoast SEO plugin v18.5.1 - https:\/\/yoast.com\/wordpress\/plugins\/seo\/ -->\n<title>Un organisme de proximit\u00e9 - Morocco Foodex<\/title>\n<meta name=\"robots\" content=\"index, follow, max-snippet:-1, max-image-preview:large, max-video-preview:-1\" \/>\n<link rel=\"canonical\" href=\"https:\/\/www.moroccofoodex.org.ma\/morocco-foodex\/un-organisme-de-proximite\/\" \/>\n<meta property=\"og:locale\" content=\"fr_FR\" \/>\n<meta property=\"og:type\" content=\"article\" \/>\n<meta property=\"og:title\" content=\"[:fr]Un organisme de proximit\u00e9[:ar]\u0645\u0624\u0633\u0633\u0629 \u0627\u0644\u0642\u0631\u0628[:en]Proximity based organization[:] - Morocco Foodex\" \/>\n<meta property=\"og:description\" content=\"MOROCCO FOODEX dispose d\u2019une vingtaine de repr\u00e9sentations r\u00e9gionales r\u00e9parties dans les diff\u00e9rentes zones de production et d\u2019exportation, en vue de garantir un service de proximit\u00e9 aux professionnels du secteur des produits agricoles et halieutiques. Contacter une repr\u00e9sentation ? Il dispose \u00e9galement de cinq d\u00e9l\u00e9gations internationales, trois bas\u00e9es en Europe et deux autres \u00e0 Saint Petersburg &hellip; Continue reading &quot;Un organisme de proximit\u00e9&quot;\" \/>\n<meta property=\"og:url\" content=\"https:\/\/www.moroccofoodex.org.ma\/morocco-foodex\/un-organisme-de-proximite\/\" \/>\n<meta property=\"og:site_name\" content=\"Morocco Foodex\" \/>\n<meta property=\"article:modified_time\" content=\"2021-01-05T17:19:02+00:00\" \/>\n<meta property=\"og:image\" content=\"https:\/\/www.moroccofoodex.org.ma\/\/wp-content\/uploads\/2019\/10\/rnational.png\" \/>\n<meta name=\"twitter:card\" content=\"summary_large_image\" \/>\n<meta name=\"twitter:label1\" content=\"Est. reading time\" \/>\n\t<meta name=\"twitter:data1\" content=\"4 minutes\" \/>\n<script type=\"application\/ld+json\" class=\"yoast-schema-graph\">{\"@context\":\"https:\/\/schema.org\",\"@graph\":[{\"@type\":\"WebSite\",\"@id\":\"https:\/\/www.moroccofoodex.org.ma\/#website\",\"url\":\"https:\/\/www.moroccofoodex.org.ma\/\",\"name\":\"Morocco Foodex\",\"description\":\"\",\"potentialAction\":[{\"@type\":\"SearchAction\",\"target\":{\"@type\":\"EntryPoint\",\"urlTemplate\":\"https:\/\/www.moroccofoodex.org.ma\/?s={search_term_string}\"},\"query-input\":\"required name=search_term_string\"}],\"inLanguage\":\"fr\"},{\"@type\":\"ImageObject\",\"@id\":\"https:\/\/www.moroccofoodex.org.ma\/morocco-foodex\/un-organisme-de-proximite\/#primaryimage\",\"inLanguage\":\"fr\",\"url\":\"https:\/\/www.moroccofoodex.org.ma\/\/wp-content\/uploads\/2019\/10\/rnational.png\",\"contentUrl\":\"https:\/\/www.moroccofoodex.org.ma\/\/wp-content\/uploads\/2019\/10\/rnational.png\"},{\"@type\":\"WebPage\",\"@id\":\"https:\/\/www.moroccofoodex.org.ma\/morocco-foodex\/un-organisme-de-proximite\/#webpage\",\"url\":\"https:\/\/www.moroccofoodex.org.ma\/morocco-foodex\/un-organisme-de-proximite\/\",\"name\":\"[:fr]Un organisme de proximit\u00e9[:ar]\u0645\u0624\u0633\u0633\u0629 \u0627\u0644\u0642\u0631\u0628[:en]Proximity based organization[:] - Morocco Foodex\",\"isPartOf\":{\"@id\":\"https:\/\/www.moroccofoodex.org.ma\/#website\"},\"primaryImageOfPage\":{\"@id\":\"https:\/\/www.moroccofoodex.org.ma\/morocco-foodex\/un-organisme-de-proximite\/#primaryimage\"},\"datePublished\":\"2019-10-23T10:06:00+00:00\",\"dateModified\":\"2021-01-05T17:19:02+00:00\",\"breadcrumb\":{\"@id\":\"https:\/\/www.moroccofoodex.org.ma\/morocco-foodex\/un-organisme-de-proximite\/#breadcrumb\"},\"inLanguage\":\"fr\",\"potentialAction\":[{\"@type\":\"ReadAction\",\"target\":[\"https:\/\/www.moroccofoodex.org.ma\/morocco-foodex\/un-organisme-de-proximite\/\"]}]},{\"@type\":\"BreadcrumbList\",\"@id\":\"https:\/\/www.moroccofoodex.org.ma\/morocco-foodex\/un-organisme-de-proximite\/#breadcrumb\",\"itemListElement\":[{\"@type\":\"ListItem\",\"position\":1,\"name\":\"Accueil\",\"item\":\"https:\/\/www.moroccofoodex.org.ma\/\"},{\"@type\":\"ListItem\",\"position\":2,\"name\":\"Morocco Foodex\",\"item\":\"https:\/\/www.moroccofoodex.org.ma\/morocco-foodex\/\"},{\"@type\":\"ListItem\",\"position\":3,\"name\":\"Un organisme de proximit\u00e9\"}]}]}<\/script>\n<!-- \/ Yoast SEO plugin. -->","yoast_head_json":{"title":"[:fr]Un organisme de proximit\u00e9[:ar]\u0645\u0624\u0633\u0633\u0629 \u0627\u0644\u0642\u0631\u0628[:en]Proximity based organization[:] - Morocco Foodex","robots":{"index":"index","follow":"follow","max-snippet":"max-snippet:-1","max-image-preview":"max-image-preview:large","max-video-preview":"max-video-preview:-1"},"canonical":"https:\/\/www.moroccofoodex.org.ma\/morocco-foodex\/un-organisme-de-proximite\/","og_locale":"fr_FR","og_type":"article","og_title":"[:fr]Un organisme de proximit\u00e9[:ar]\u0645\u0624\u0633\u0633\u0629 \u0627\u0644\u0642\u0631\u0628[:en]Proximity based organization[:] - Morocco Foodex","og_description":"MOROCCO FOODEX dispose d\u2019une vingtaine de repr\u00e9sentations r\u00e9gionales r\u00e9parties dans les diff\u00e9rentes zones de production et d\u2019exportation, en vue de garantir un service de proximit\u00e9 aux professionnels du secteur des produits agricoles et halieutiques. Contacter une repr\u00e9sentation ? Il dispose \u00e9galement de cinq d\u00e9l\u00e9gations internationales, trois bas\u00e9es en Europe et deux autres \u00e0 Saint Petersburg &hellip; Continue reading \"Un organisme de proximit\u00e9\"","og_url":"https:\/\/www.moroccofoodex.org.ma\/morocco-foodex\/un-organisme-de-proximite\/","og_site_name":"Morocco Foodex","article_modified_time":"2021-01-05T17:19:02+00:00","og_image":[{"url":"https:\/\/www.moroccofoodex.org.ma\/\/wp-content\/uploads\/2019\/10\/rnational.png"}],"twitter_card":"summary_large_image","twitter_misc":{"Est. reading time":"4 minutes"},"schema":{"@context":"https:\/\/schema.org","@graph":[{"@type":"WebSite","@id":"https:\/\/www.moroccofoodex.org.ma\/#website","url":"https:\/\/www.moroccofoodex.org.ma\/","name":"Morocco Foodex","description":"","potentialAction":[{"@type":"SearchAction","target":{"@type":"EntryPoint","urlTemplate":"https:\/\/www.moroccofoodex.org.ma\/?s={search_term_string}"},"query-input":"required name=search_term_string"}],"inLanguage":"fr"},{"@type":"ImageObject","@id":"https:\/\/www.moroccofoodex.org.ma\/morocco-foodex\/un-organisme-de-proximite\/#primaryimage","inLanguage":"fr","url":"https:\/\/www.moroccofoodex.org.ma\/\/wp-content\/uploads\/2019\/10\/rnational.png","contentUrl":"https:\/\/www.moroccofoodex.org.ma\/\/wp-content\/uploads\/2019\/10\/rnational.png"},{"@type":"WebPage","@id":"https:\/\/www.moroccofoodex.org.ma\/morocco-foodex\/un-organisme-de-proximite\/#webpage","url":"https:\/\/www.moroccofoodex.org.ma\/morocco-foodex\/un-organisme-de-proximite\/","name":"[:fr]Un organisme de proximit\u00e9[:ar]\u0645\u0624\u0633\u0633\u0629 \u0627\u0644\u0642\u0631\u0628[:en]Proximity based organization[:] - Morocco Foodex","isPartOf":{"@id":"https:\/\/www.moroccofoodex.org.ma\/#website"},"primaryImageOfPage":{"@id":"https:\/\/www.moroccofoodex.org.ma\/morocco-foodex\/un-organisme-de-proximite\/#primaryimage"},"datePublished":"2019-10-23T10:06:00+00:00","dateModified":"2021-01-05T17:19:02+00:00","breadcrumb":{"@id":"https:\/\/www.moroccofoodex.org.ma\/morocco-foodex\/un-organisme-de-proximite\/#breadcrumb"},"inLanguage":"fr","potentialAction":[{"@type":"ReadAction","target":["https:\/\/www.moroccofoodex.org.ma\/morocco-foodex\/un-organisme-de-proximite\/"]}]},{"@type":"BreadcrumbList","@id":"https:\/\/www.moroccofoodex.org.ma\/morocco-foodex\/un-organisme-de-proximite\/#breadcrumb","itemListElement":[{"@type":"ListItem","position":1,"name":"Accueil","item":"https:\/\/www.moroccofoodex.org.ma\/"},{"@type":"ListItem","position":2,"name":"Morocco Foodex","item":"https:\/\/www.moroccofoodex.org.ma\/morocco-foodex\/"},{"@type":"ListItem","position":3,"name":"Un organisme de proximit\u00e9"}]}]}},"_links":{"self":[{"href":"https:\/\/www.moroccofoodex.org.ma\/fr\/wp-json\/wp\/v2\/pages\/13"}],"collection":[{"href":"https:\/\/www.moroccofoodex.org.ma\/fr\/wp-json\/wp\/v2\/pages"}],"about":[{"href":"https:\/\/www.moroccofoodex.org.ma\/fr\/wp-json\/wp\/v2\/types\/page"}],"author":[{"embeddable":true,"href":"https:\/\/www.moroccofoodex.org.ma\/fr\/wp-json\/wp\/v2\/users\/1"}],"replies":[{"embeddable":true,"href":"https:\/\/www.moroccofoodex.org.ma\/fr\/wp-json\/wp\/v2\/comments?post=13"}],"version-history":[{"count":29,"href":"https:\/\/www.moroccofoodex.org.ma\/fr\/wp-json\/wp\/v2\/pages\/13\/revisions"}],"predecessor-version":[{"id":2759,"href":"https:\/\/www.moroccofoodex.org.ma\/fr\/wp-json\/wp\/v2\/pages\/13\/revisions\/2759"}],"up":[{"embeddable":true,"href":"https:\/\/www.moroccofoodex.org.ma\/fr\/wp-json\/wp\/v2\/pages\/7"}],"wp:attachment":[{"href":"https:\/\/www.moroccofoodex.org.ma\/fr\/wp-json\/wp\/v2\/media?parent=13"}],"curies":[{"name":"wp","href":"https:\/\/api.w.org\/{rel}","templated":true}]}}