{"id":186,"date":"2019-10-24T16:29:09","date_gmt":"2019-10-24T14:29:09","guid":{"rendered":"https:\/\/www.moroccofoodex.org.ma\/\/?page_id=186"},"modified":"2020-05-01T00:53:43","modified_gmt":"2020-04-30T22:53:43","slug":"mentions-legales","status":"publish","type":"page","link":"https:\/\/www.moroccofoodex.org.ma\/fr\/menu-transversal\/mentions-legales\/","title":{"rendered":"Mentions l\u00e9gales"},"content":{"rendered":"<p>Le site web est h\u00e9berg\u00e9 par : OVH \u2013 Casablanca.<\/p>\n<p><strong>MOROCCO FOODEX<\/strong> s\u2019efforce d\u2019assurer au mieux de ses possibilit\u00e9s, l\u2019exactitude et la mise \u00e0 jour des informations diffus\u00e9es sur ce site, dont elle se r\u00e9serve le droit de corriger, \u00e0 tout moment et sans pr\u00e9avis, le contenu. Toutefois, <strong>MOROCCO FOODEX<\/strong> ne peut garantir l\u2019exactitude, la pr\u00e9cision ou l\u2019exhaustivit\u00e9 des informations mises \u00e0 la disposition sur ce site.<\/p>\n<p>En cons\u00e9quence, <strong>MOROCCO FOODEX<\/strong> d\u00e9cline toute responsabilit\u00e9 pour toute interruption du site, probl\u00e8mes techniques, pour toute inexactitude ou omission sur des informations disponibles sur le site, pour tous dommages r\u00e9sultant d\u2019une intrusion frauduleuse d\u2019un tiers ayant entrain\u00e9 une modification des informations mises \u00e0 la disposition sur le site.<\/p>\n<p><strong>Contact:<\/strong> Route El Jadida, Lissassfa Rond-point AZBANE \u00e0 proximit\u00e9 de l\u2019H\u00f4tel ZENITH \u2013 Casablanca<\/p>\n<p><strong>T\u00e9l:<\/strong> <strong>+212 (0)522 30.51.04\/30.81.22<br \/>\nFax:<\/strong> <strong>+212 (0)522 30.51.68\/30.25.67<\/strong><\/p>\n<p><strong>Propri\u00e9t\u00e9 intellectuelle:<\/strong><\/p>\n<p>La reproduction de tous documents publi\u00e9s sur le site est seulement autoris\u00e9e aux fins exclusives d\u2019information pour un usage personnel et priv\u00e9, toute reproduction et toute utilisation de copies r\u00e9alis\u00e9es \u00e0 d\u2019autres fins \u00e9tant express\u00e9ment interdites.<\/p>\n<p>Tous les contenus, photographies et autres documents sur ce site sont la propri\u00e9t\u00e9 de <strong>MOROCCO FOODEX<\/strong> ou sont diffus\u00e9s avec l\u2019autorisation de leurs propri\u00e9taires, et sont soumis aux droits d\u2019auteurs et autres droits de propri\u00e9t\u00e9 intellectuelle.<\/p>\n<p>Les marques de commerce, logos, mod\u00e8les pr\u00e9sents sur ce site appartiennent \u00e0 <strong>MOROCCO FOODEX<\/strong>. Aucune interpr\u00e9tation ne peut \u00eatre faite en faveur d\u2019une licence d\u2019utilisation ou d\u2019un quelconque droit d\u2019utiliser la marque affich\u00e9e sur le site Internet.<\/p>\n<p>L\u2019utilisation frauduleuse de la marque ou de tout autre contenu du site internet est totalement interdite. Il est notamment interdit de copier, reproduire, repr\u00e9senter, modifier et\/ou exploiter, de quelque fa\u00e7on que ce soit et \u00e0 quelque fin que ce soit, tout ou partie de la structure et du contenu du site.<br \/>\nMorocco Foodex vous informe qu\u2019il usera largement de ses droits de propri\u00e9t\u00e9 intellectuelle pour engager des poursuites si n\u00e9cessaires.<\/p>\n<p><strong>Donn\u00e9es personnelles :<\/strong><\/p>\n<p>Vous pouvez visiter notre site sur Internet sans avoir \u00e0 d\u00e9cliner votre identit\u00e9 ou \u00e0 fournir des informations personnelles vous concernant. Cependant, nous pouvons parfois vous demander des informations pour traiter une commande, identifier une demande de support , \u00e9tablir une correspondance, fournir un abonnement.<\/p>\n<p><strong>MOROCCO FOODEX<\/strong> n\u2019utilisera pas vos donn\u00e9es personnelles pour des communications non-sollicit\u00e9es.<br \/>\nSur demande, <strong>MOROCCO FOODEX<\/strong> supprimera de sa base de donn\u00e9es vos informations personnelles, annulant de ce fait votre enregistrement via le site web.<\/p>\n<p>Vous pourrez acc\u00e9der \u00e0 vos donn\u00e9es personnelles et\/ou demander que les informations \u00e0 votre sujet soit corrig\u00e9es, modifi\u00e9es ou effac\u00e9es et ceci par mail (via la page contact) ou courrier.<\/p>\n<p>&nbsp;<\/p>","protected":false},"excerpt":{"rendered":"<p>Le site web est h\u00e9berg\u00e9 par : OVH \u2013 Casablanca. MOROCCO FOODEX s\u2019efforce d\u2019assurer au mieux de ses possibilit\u00e9s, l\u2019exactitude et la mise \u00e0 jour des informations diffus\u00e9es sur ce site, dont elle se r\u00e9serve le droit de corriger, \u00e0 tout moment et sans pr\u00e9avis, le contenu. Toutefois, MOROCCO FOODEX ne peut garantir l\u2019exactitude, la &hellip; <\/p>\n<p class=\"link-more\"><a href=\"https:\/\/www.moroccofoodex.org.ma\/fr\/menu-transversal\/mentions-legales\/\" class=\"more-link\">Continue reading<span class=\"screen-reader-text\"> &#8220;Mentions l\u00e9gales&#8221;<\/span><\/a><\/p>\n","protected":false},"author":1,"featured_media":0,"parent":170,"menu_order":15,"comment_status":"closed","ping_status":"closed","template":"","meta":[],"acf":[],"yoast_head":"<!-- This site is optimized with the Yoast SEO plugin v18.5.1 - https:\/\/yoast.com\/wordpress\/plugins\/seo\/ -->\n<title>Mentions l\u00e9gales - Morocco Foodex<\/title>\n<meta name=\"robots\" content=\"index, follow, max-snippet:-1, max-image-preview:large, max-video-preview:-1\" \/>\n<link rel=\"canonical\" href=\"https:\/\/www.moroccofoodex.org.ma\/menu-transversal\/mentions-legales\/\" \/>\n<meta property=\"og:locale\" content=\"fr_FR\" \/>\n<meta property=\"og:type\" content=\"article\" \/>\n<meta property=\"og:title\" content=\"[:fr]Mentions l\u00e9gales[:ar]\u0625\u0634\u0639\u0627\u0631\u0627\u062a \u0642\u0627\u0646\u0648\u0646\u064a\u0629[:en]Legal notice [:] - Morocco Foodex\" \/>\n<meta property=\"og:description\" content=\"Le site web est h\u00e9berg\u00e9 par : OVH \u2013 Casablanca. MOROCCO FOODEX s\u2019efforce d\u2019assurer au mieux de ses possibilit\u00e9s, l\u2019exactitude et la mise \u00e0 jour des informations diffus\u00e9es sur ce site, dont elle se r\u00e9serve le droit de corriger, \u00e0 tout moment et sans pr\u00e9avis, le contenu. Toutefois, MOROCCO FOODEX ne peut garantir l\u2019exactitude, la &hellip; Continue reading &quot;Mentions l\u00e9gales&quot;\" \/>\n<meta property=\"og:url\" content=\"https:\/\/www.moroccofoodex.org.ma\/menu-transversal\/mentions-legales\/\" \/>\n<meta property=\"og:site_name\" content=\"Morocco Foodex\" \/>\n<meta property=\"article:modified_time\" content=\"2020-04-30T22:53:43+00:00\" \/>\n<meta name=\"twitter:card\" content=\"summary_large_image\" \/>\n<meta name=\"twitter:label1\" content=\"Est. reading time\" \/>\n\t<meta name=\"twitter:data1\" content=\"4 minutes\" \/>\n<script type=\"application\/ld+json\" class=\"yoast-schema-graph\">{\"@context\":\"https:\/\/schema.org\",\"@graph\":[{\"@type\":\"WebSite\",\"@id\":\"https:\/\/www.moroccofoodex.org.ma\/#website\",\"url\":\"https:\/\/www.moroccofoodex.org.ma\/\",\"name\":\"Morocco Foodex\",\"description\":\"\",\"potentialAction\":[{\"@type\":\"SearchAction\",\"target\":{\"@type\":\"EntryPoint\",\"urlTemplate\":\"https:\/\/www.moroccofoodex.org.ma\/?s={search_term_string}\"},\"query-input\":\"required name=search_term_string\"}],\"inLanguage\":\"fr\"},{\"@type\":\"WebPage\",\"@id\":\"https:\/\/www.moroccofoodex.org.ma\/menu-transversal\/mentions-legales\/#webpage\",\"url\":\"https:\/\/www.moroccofoodex.org.ma\/menu-transversal\/mentions-legales\/\",\"name\":\"[:fr]Mentions l\u00e9gales[:ar]\u0625\u0634\u0639\u0627\u0631\u0627\u062a \u0642\u0627\u0646\u0648\u0646\u064a\u0629[:en]Legal notice [:] - Morocco Foodex\",\"isPartOf\":{\"@id\":\"https:\/\/www.moroccofoodex.org.ma\/#website\"},\"datePublished\":\"2019-10-24T14:29:09+00:00\",\"dateModified\":\"2020-04-30T22:53:43+00:00\",\"breadcrumb\":{\"@id\":\"https:\/\/www.moroccofoodex.org.ma\/menu-transversal\/mentions-legales\/#breadcrumb\"},\"inLanguage\":\"fr\",\"potentialAction\":[{\"@type\":\"ReadAction\",\"target\":[\"https:\/\/www.moroccofoodex.org.ma\/menu-transversal\/mentions-legales\/\"]}]},{\"@type\":\"BreadcrumbList\",\"@id\":\"https:\/\/www.moroccofoodex.org.ma\/menu-transversal\/mentions-legales\/#breadcrumb\",\"itemListElement\":[{\"@type\":\"ListItem\",\"position\":1,\"name\":\"Accueil\",\"item\":\"https:\/\/www.moroccofoodex.org.ma\/\"},{\"@type\":\"ListItem\",\"position\":2,\"name\":\"Menu transversal\",\"item\":\"https:\/\/www.moroccofoodex.org.ma\/menu-transversal\/\"},{\"@type\":\"ListItem\",\"position\":3,\"name\":\"Mentions l\u00e9gales\"}]}]}<\/script>\n<!-- \/ Yoast SEO plugin. -->","yoast_head_json":{"title":"[:fr]Mentions l\u00e9gales[:ar]\u0625\u0634\u0639\u0627\u0631\u0627\u062a \u0642\u0627\u0646\u0648\u0646\u064a\u0629[:en]Legal notice [:] - Morocco Foodex","robots":{"index":"index","follow":"follow","max-snippet":"max-snippet:-1","max-image-preview":"max-image-preview:large","max-video-preview":"max-video-preview:-1"},"canonical":"https:\/\/www.moroccofoodex.org.ma\/menu-transversal\/mentions-legales\/","og_locale":"fr_FR","og_type":"article","og_title":"[:fr]Mentions l\u00e9gales[:ar]\u0625\u0634\u0639\u0627\u0631\u0627\u062a \u0642\u0627\u0646\u0648\u0646\u064a\u0629[:en]Legal notice [:] - Morocco Foodex","og_description":"Le site web est h\u00e9berg\u00e9 par : OVH \u2013 Casablanca. MOROCCO FOODEX s\u2019efforce d\u2019assurer au mieux de ses possibilit\u00e9s, l\u2019exactitude et la mise \u00e0 jour des informations diffus\u00e9es sur ce site, dont elle se r\u00e9serve le droit de corriger, \u00e0 tout moment et sans pr\u00e9avis, le contenu. Toutefois, MOROCCO FOODEX ne peut garantir l\u2019exactitude, la &hellip; Continue reading \"Mentions l\u00e9gales\"","og_url":"https:\/\/www.moroccofoodex.org.ma\/menu-transversal\/mentions-legales\/","og_site_name":"Morocco Foodex","article_modified_time":"2020-04-30T22:53:43+00:00","twitter_card":"summary_large_image","twitter_misc":{"Est. reading time":"4 minutes"},"schema":{"@context":"https:\/\/schema.org","@graph":[{"@type":"WebSite","@id":"https:\/\/www.moroccofoodex.org.ma\/#website","url":"https:\/\/www.moroccofoodex.org.ma\/","name":"Morocco Foodex","description":"","potentialAction":[{"@type":"SearchAction","target":{"@type":"EntryPoint","urlTemplate":"https:\/\/www.moroccofoodex.org.ma\/?s={search_term_string}"},"query-input":"required name=search_term_string"}],"inLanguage":"fr"},{"@type":"WebPage","@id":"https:\/\/www.moroccofoodex.org.ma\/menu-transversal\/mentions-legales\/#webpage","url":"https:\/\/www.moroccofoodex.org.ma\/menu-transversal\/mentions-legales\/","name":"[:fr]Mentions l\u00e9gales[:ar]\u0625\u0634\u0639\u0627\u0631\u0627\u062a \u0642\u0627\u0646\u0648\u0646\u064a\u0629[:en]Legal notice [:] - Morocco Foodex","isPartOf":{"@id":"https:\/\/www.moroccofoodex.org.ma\/#website"},"datePublished":"2019-10-24T14:29:09+00:00","dateModified":"2020-04-30T22:53:43+00:00","breadcrumb":{"@id":"https:\/\/www.moroccofoodex.org.ma\/menu-transversal\/mentions-legales\/#breadcrumb"},"inLanguage":"fr","potentialAction":[{"@type":"ReadAction","target":["https:\/\/www.moroccofoodex.org.ma\/menu-transversal\/mentions-legales\/"]}]},{"@type":"BreadcrumbList","@id":"https:\/\/www.moroccofoodex.org.ma\/menu-transversal\/mentions-legales\/#breadcrumb","itemListElement":[{"@type":"ListItem","position":1,"name":"Accueil","item":"https:\/\/www.moroccofoodex.org.ma\/"},{"@type":"ListItem","position":2,"name":"Menu transversal","item":"https:\/\/www.moroccofoodex.org.ma\/menu-transversal\/"},{"@type":"ListItem","position":3,"name":"Mentions l\u00e9gales"}]}]}},"_links":{"self":[{"href":"https:\/\/www.moroccofoodex.org.ma\/fr\/wp-json\/wp\/v2\/pages\/186"}],"collection":[{"href":"https:\/\/www.moroccofoodex.org.ma\/fr\/wp-json\/wp\/v2\/pages"}],"about":[{"href":"https:\/\/www.moroccofoodex.org.ma\/fr\/wp-json\/wp\/v2\/types\/page"}],"author":[{"embeddable":true,"href":"https:\/\/www.moroccofoodex.org.ma\/fr\/wp-json\/wp\/v2\/users\/1"}],"replies":[{"embeddable":true,"href":"https:\/\/www.moroccofoodex.org.ma\/fr\/wp-json\/wp\/v2\/comments?post=186"}],"version-history":[{"count":15,"href":"https:\/\/www.moroccofoodex.org.ma\/fr\/wp-json\/wp\/v2\/pages\/186\/revisions"}],"predecessor-version":[{"id":1957,"href":"https:\/\/www.moroccofoodex.org.ma\/fr\/wp-json\/wp\/v2\/pages\/186\/revisions\/1957"}],"up":[{"embeddable":true,"href":"https:\/\/www.moroccofoodex.org.ma\/fr\/wp-json\/wp\/v2\/pages\/170"}],"wp:attachment":[{"href":"https:\/\/www.moroccofoodex.org.ma\/fr\/wp-json\/wp\/v2\/media?parent=186"}],"curies":[{"name":"wp","href":"https:\/\/api.w.org\/{rel}","templated":true}]}}