{"id":22,"date":"2019-10-23T12:16:10","date_gmt":"2019-10-23T10:16:10","guid":{"rendered":"https:\/\/www.moroccofoodex.org.ma\/\/?page_id=22"},"modified":"2020-06-08T12:28:58","modified_gmt":"2020-06-08T10:28:58","slug":"contole-technique-et-agreage-des-unites","status":"publish","type":"page","link":"https:\/\/www.moroccofoodex.org.ma\/fr\/autorite-de-controle\/contole-technique-et-agreage-des-unites\/","title":{"rendered":"Contr\u00f4le technique"},"content":{"rendered":"<p>Le contr\u00f4le technique est effectu\u00e9 aux stades de la transformation, de la fabrication, du conditionnement, du stockage et de l\u2019exportation des produits alimentaires agricoles et maritimes Marocains destin\u00e9s \u00e0 l\u2019export.<\/p>\n<p>Ce contr\u00f4le assure que ces produits respectent les exigences l\u00e9gislatives et r\u00e9glementaires qui leur sont applicables dans les march\u00e9s de l\u2019exportation ; en mati\u00e8re de r\u00e9glementations et normes techniques, normes de commercialisation, de qualit\u00e9 loyale, physico-chimique, organoleptique, de classement qualitatif, et toutes autres sp\u00e9cifications quantitatives et qualitatives particuli\u00e8res ou g\u00e9n\u00e9rales appliqu\u00e9es dans les march\u00e9s de l\u2019exportation\u2026\u2026<\/p>\n<p>Ce contr\u00f4le technique veille \u00e9galement au respect des conditions techniques pr\u00e9vues par les diff\u00e9rents accords relatifs aux exportations des produits alimentaires agricoles et maritimes Marocains.<\/p>\n<p>Il est exerc\u00e9 conform\u00e9ment \u00e0 la l\u00e9gislation et la r\u00e9glementation en vigueur, et conform\u00e9ment \u00e0 des proc\u00e9dures planifi\u00e9es et certifi\u00e9es ISO 9001.<\/p>\n<p>&nbsp;<\/p>\n<h3 style=\"text-align: center;\"><span style=\"color: #52a8ad;\"><strong>Le Contr\u00f4le technique consiste \u00e0 :<\/strong><\/span><\/h3>\n<p><img decoding=\"async\" loading=\"lazy\" class=\"size-full wp-image-623 alignleft\" src=\"http:\/\/www.moroccofoodex.org.ma\/wp-content\/uploads\/2019\/11\/controle_technique_1.png\" alt=\"\" width=\"338\" height=\"314\" \/> <img decoding=\"async\" loading=\"lazy\" class=\"size-full wp-image-631 alignleft\" src=\"http:\/\/www.moroccofoodex.org.ma\/wp-content\/uploads\/2019\/11\/controle_technique_2.png\" alt=\"\" width=\"407\" height=\"279\" \/><img decoding=\"async\" loading=\"lazy\" class=\"size-full wp-image-625 alignleft\" src=\"http:\/\/www.moroccofoodex.org.ma\/wp-content\/uploads\/2019\/11\/controle_technique_3.png\" alt=\"\" width=\"296\" height=\"317\" \/><\/p>\n<div class=\"clr\"><\/div>\n<p>Sur le plan op\u00e9rationnel et organisationnel, cette activit\u00e9 de contr\u00f4le technique est assur\u00e9e par des repr\u00e9sentations r\u00e9gionales couvrant les principales r\u00e9gions de production, de fabrication, de transformation et \/ou de conditionnement et d\u2019exp\u00e9dition des produits alimentaires agricoles et maritimes \u00e0 l\u2019exportation.<\/p>\n<p>Un r\u00e9seau de laboratoires accr\u00e9dit\u00e9s accompagne ces repr\u00e9sentations r\u00e9gionales pour accomplir les v\u00e9rifications analytiques requises pour statuer sur la conformit\u00e9 des produits destin\u00e9s \u00e0 l\u2019exportation selon les exigences des pays de destination.<\/p>\n<p><strong>MOROCCO FOODEX<\/strong> (EACCE) s\u2019appuie sur ses repr\u00e9sentations \u00e0 l\u2019\u00e9tranger, dans les principaux march\u00e9s, pour en plus des missions de veille et de promotion, op\u00e9rer des suivis de la qualit\u00e9 des arrivages des produits \u00e0 destination.<\/p>\n<h3 style=\"text-align: center;\"><strong>AGREAGE TECHNIQUE DES UNITES<\/strong><\/h3>\n<p><strong>MOROCCO FOODEX<\/strong> (EACCE) participe \u00e0 l\u2019\u00e9volution des conditions de travail des entreprises exportatrices des produits agro-alimentaires et maritimes \u00e0 travers une veille continue sur :<\/p>\n<ul>\n<li>L\u2019analyse de risques pour l\u2019am\u00e9lioration substantielle des conditions de travail dans les entreprises et donc une meilleure maitrise de la qualit\u00e9.<\/li>\n<li>Des actions d\u2019encadrement et d\u2019assistance dans la mise en place de syst\u00e8mes de tra\u00e7abilit\u00e9 et d\u2019autocontr\u00f4le<\/li>\n<li>L\u2019agr\u00e9age technique des unit\u00e9s et audits de suivi<\/li>\n<li>L\u2019enregistrement des exportateurs (base de donn\u00e9es).<\/li>\n<\/ul>\n<h3 style=\"text-align: center;\"><strong>SOLUTION DIGITALE EASY FOOD EXPORT<\/strong><\/h3>\n<p>Dans le cadre de sa modernisation, le syst\u00e8me d&#8217;information a constitu\u00e9 l&#8217;une des grandes priorit\u00e9s de la strat\u00e9gie globale de <strong>MOROCCO FOODEX<\/strong>.<br \/>\nDe ce fait, un nouveau syst\u00e8me d&#8217;information li\u00e9 \u00e0 l&#8217;activit\u00e9 du contr\u00f4le technique est d\u00e9velopp\u00e9, l&#8217;objectif de ce dispositif est la mise en place d&#8217;un syst\u00e8me ouvert et performant qui a pour mission l&#8217;am\u00e9lioration d&#8217;un certain nombre d&#8217;outils et de dispositifs pour, d&#8217;une part, mieux ma\u00eetriser et canaliser les flux d&#8217;informations et de donn\u00e9es se rapportant aux exportations des produits agroalimentaires et, d&#8217;autre part, permettre l&#8217;\u00e9change de donn\u00e9es informatis\u00e9es avec les diff\u00e9rents partenaires.<\/p>\n<p>&nbsp;<\/p>\n<p style=\"text-align: center;\"><span style=\"color: #52a8ad; font-size: 14pt;\"><strong>les p\u00e9rim\u00e8tres de ce syst\u00e8me sont d\u00e9taill\u00e9s comme suit:<\/strong><\/span><\/p>\n<p>&nbsp;<\/p>\n<p><img decoding=\"async\" loading=\"lazy\" class=\"size-full wp-image-623 alignleft\" src=\"http:\/\/www.moroccofoodex.org.ma\/wp-content\/uploads\/2019\/12\/reg_1.jpg\" alt=\"\" width=\"383\" height=\"260\" \/><img decoding=\"async\" loading=\"lazy\" class=\"size-full wp-image-631 alignleft\" src=\"http:\/\/www.moroccofoodex.org.ma\/wp-content\/uploads\/2019\/12\/reg2.jpg\" alt=\"\" width=\"383\" height=\"260\" \/><img decoding=\"async\" loading=\"lazy\" class=\"size-full wp-image-625 alignleft\" style=\"margin-top: 0!important;\" src=\"http:\/\/www.moroccofoodex.org.ma\/wp-content\/uploads\/2019\/12\/re3.jpg\" alt=\"\" width=\"287\" height=\"303\" \/><\/p>\n<p>&nbsp;<\/p>\n<div class=\"clr\"><\/div>\n<p><img decoding=\"async\" loading=\"lazy\" class=\"aligncenter size-full wp-image-362\" src=\"http:\/\/www.moroccofoodex.org.ma\/\/wp-content\/uploads\/2019\/10\/sch1.jpg\" alt=\"\" width=\"551\" height=\"339\" \/><\/p>","protected":false},"excerpt":{"rendered":"<p>Le contr\u00f4le technique est effectu\u00e9 aux stades de la transformation, de la fabrication, du conditionnement, du stockage et de l\u2019exportation des produits alimentaires agricoles et maritimes Marocains destin\u00e9s \u00e0 l\u2019export. Ce contr\u00f4le assure que ces produits respectent les exigences l\u00e9gislatives et r\u00e9glementaires qui leur sont applicables dans les march\u00e9s de l\u2019exportation ; en mati\u00e8re de &hellip; <\/p>\n<p class=\"link-more\"><a href=\"https:\/\/www.moroccofoodex.org.ma\/fr\/autorite-de-controle\/contole-technique-et-agreage-des-unites\/\" class=\"more-link\">Continue reading<span class=\"screen-reader-text\"> &#8220;Contr\u00f4le technique&#8221;<\/span><\/a><\/p>\n","protected":false},"author":1,"featured_media":0,"parent":20,"menu_order":34,"comment_status":"closed","ping_status":"closed","template":"","meta":[],"acf":[],"yoast_head":"<!-- This site is optimized with the Yoast SEO plugin v18.5.1 - https:\/\/yoast.com\/wordpress\/plugins\/seo\/ -->\n<title>Contr\u00f4le technique - Morocco Foodex<\/title>\n<meta name=\"robots\" content=\"index, follow, max-snippet:-1, max-image-preview:large, max-video-preview:-1\" \/>\n<link rel=\"canonical\" href=\"https:\/\/www.moroccofoodex.org.ma\/autorite-de-controle\/contole-technique-et-agreage-des-unites\/\" \/>\n<meta property=\"og:locale\" content=\"fr_FR\" \/>\n<meta property=\"og:type\" content=\"article\" \/>\n<meta property=\"og:title\" content=\"[:fr]Contr\u00f4le technique[:ar]\u0627\u0644\u0645\u0631\u0627\u0642\u0628\u0629 \u0627\u0644\u062a\u0642\u0646\u064a\u0629[:en]Technical inspection[:] - Morocco Foodex\" \/>\n<meta property=\"og:description\" content=\"Le contr\u00f4le technique est effectu\u00e9 aux stades de la transformation, de la fabrication, du conditionnement, du stockage et de l\u2019exportation des produits alimentaires agricoles et maritimes Marocains destin\u00e9s \u00e0 l\u2019export. Ce contr\u00f4le assure que ces produits respectent les exigences l\u00e9gislatives et r\u00e9glementaires qui leur sont applicables dans les march\u00e9s de l\u2019exportation ; en mati\u00e8re de &hellip; Continue reading &quot;Contr\u00f4le technique&quot;\" \/>\n<meta property=\"og:url\" content=\"https:\/\/www.moroccofoodex.org.ma\/autorite-de-controle\/contole-technique-et-agreage-des-unites\/\" \/>\n<meta property=\"og:site_name\" content=\"Morocco Foodex\" \/>\n<meta property=\"article:modified_time\" content=\"2020-06-08T10:28:58+00:00\" \/>\n<meta property=\"og:image\" content=\"http:\/\/www.moroccofoodex.org.ma\/wp-content\/uploads\/2019\/11\/controle_technique_1.png\" \/>\n<meta name=\"twitter:card\" content=\"summary_large_image\" \/>\n<meta name=\"twitter:label1\" content=\"Est. reading time\" \/>\n\t<meta name=\"twitter:data1\" content=\"5 minutes\" \/>\n<script type=\"application\/ld+json\" class=\"yoast-schema-graph\">{\"@context\":\"https:\/\/schema.org\",\"@graph\":[{\"@type\":\"WebSite\",\"@id\":\"https:\/\/www.moroccofoodex.org.ma\/#website\",\"url\":\"https:\/\/www.moroccofoodex.org.ma\/\",\"name\":\"Morocco Foodex\",\"description\":\"\",\"potentialAction\":[{\"@type\":\"SearchAction\",\"target\":{\"@type\":\"EntryPoint\",\"urlTemplate\":\"https:\/\/www.moroccofoodex.org.ma\/?s={search_term_string}\"},\"query-input\":\"required name=search_term_string\"}],\"inLanguage\":\"fr\"},{\"@type\":\"ImageObject\",\"@id\":\"https:\/\/www.moroccofoodex.org.ma\/autorite-de-controle\/contole-technique-et-agreage-des-unites\/#primaryimage\",\"inLanguage\":\"fr\",\"url\":\"http:\/\/www.moroccofoodex.org.ma\/wp-content\/uploads\/2019\/11\/controle_technique_1.png\",\"contentUrl\":\"http:\/\/www.moroccofoodex.org.ma\/wp-content\/uploads\/2019\/11\/controle_technique_1.png\"},{\"@type\":\"WebPage\",\"@id\":\"https:\/\/www.moroccofoodex.org.ma\/autorite-de-controle\/contole-technique-et-agreage-des-unites\/#webpage\",\"url\":\"https:\/\/www.moroccofoodex.org.ma\/autorite-de-controle\/contole-technique-et-agreage-des-unites\/\",\"name\":\"[:fr]Contr\u00f4le technique[:ar]\u0627\u0644\u0645\u0631\u0627\u0642\u0628\u0629 \u0627\u0644\u062a\u0642\u0646\u064a\u0629[:en]Technical inspection[:] - Morocco Foodex\",\"isPartOf\":{\"@id\":\"https:\/\/www.moroccofoodex.org.ma\/#website\"},\"primaryImageOfPage\":{\"@id\":\"https:\/\/www.moroccofoodex.org.ma\/autorite-de-controle\/contole-technique-et-agreage-des-unites\/#primaryimage\"},\"datePublished\":\"2019-10-23T10:16:10+00:00\",\"dateModified\":\"2020-06-08T10:28:58+00:00\",\"breadcrumb\":{\"@id\":\"https:\/\/www.moroccofoodex.org.ma\/autorite-de-controle\/contole-technique-et-agreage-des-unites\/#breadcrumb\"},\"inLanguage\":\"fr\",\"potentialAction\":[{\"@type\":\"ReadAction\",\"target\":[\"https:\/\/www.moroccofoodex.org.ma\/autorite-de-controle\/contole-technique-et-agreage-des-unites\/\"]}]},{\"@type\":\"BreadcrumbList\",\"@id\":\"https:\/\/www.moroccofoodex.org.ma\/autorite-de-controle\/contole-technique-et-agreage-des-unites\/#breadcrumb\",\"itemListElement\":[{\"@type\":\"ListItem\",\"position\":1,\"name\":\"Accueil\",\"item\":\"https:\/\/www.moroccofoodex.org.ma\/\"},{\"@type\":\"ListItem\",\"position\":2,\"name\":\"Autorit\u00e9 de contr\u00f4le\",\"item\":\"https:\/\/www.moroccofoodex.org.ma\/autorite-de-controle\/\"},{\"@type\":\"ListItem\",\"position\":3,\"name\":\"Contr\u00f4le technique\"}]}]}<\/script>\n<!-- \/ Yoast SEO plugin. -->","yoast_head_json":{"title":"[:fr]Contr\u00f4le technique[:ar]\u0627\u0644\u0645\u0631\u0627\u0642\u0628\u0629 \u0627\u0644\u062a\u0642\u0646\u064a\u0629[:en]Technical inspection[:] - Morocco Foodex","robots":{"index":"index","follow":"follow","max-snippet":"max-snippet:-1","max-image-preview":"max-image-preview:large","max-video-preview":"max-video-preview:-1"},"canonical":"https:\/\/www.moroccofoodex.org.ma\/autorite-de-controle\/contole-technique-et-agreage-des-unites\/","og_locale":"fr_FR","og_type":"article","og_title":"[:fr]Contr\u00f4le technique[:ar]\u0627\u0644\u0645\u0631\u0627\u0642\u0628\u0629 \u0627\u0644\u062a\u0642\u0646\u064a\u0629[:en]Technical inspection[:] - Morocco Foodex","og_description":"Le contr\u00f4le technique est effectu\u00e9 aux stades de la transformation, de la fabrication, du conditionnement, du stockage et de l\u2019exportation des produits alimentaires agricoles et maritimes Marocains destin\u00e9s \u00e0 l\u2019export. Ce contr\u00f4le assure que ces produits respectent les exigences l\u00e9gislatives et r\u00e9glementaires qui leur sont applicables dans les march\u00e9s de l\u2019exportation ; en mati\u00e8re de &hellip; Continue reading \"Contr\u00f4le technique\"","og_url":"https:\/\/www.moroccofoodex.org.ma\/autorite-de-controle\/contole-technique-et-agreage-des-unites\/","og_site_name":"Morocco Foodex","article_modified_time":"2020-06-08T10:28:58+00:00","og_image":[{"url":"http:\/\/www.moroccofoodex.org.ma\/wp-content\/uploads\/2019\/11\/controle_technique_1.png"}],"twitter_card":"summary_large_image","twitter_misc":{"Est. reading time":"5 minutes"},"schema":{"@context":"https:\/\/schema.org","@graph":[{"@type":"WebSite","@id":"https:\/\/www.moroccofoodex.org.ma\/#website","url":"https:\/\/www.moroccofoodex.org.ma\/","name":"Morocco Foodex","description":"","potentialAction":[{"@type":"SearchAction","target":{"@type":"EntryPoint","urlTemplate":"https:\/\/www.moroccofoodex.org.ma\/?s={search_term_string}"},"query-input":"required name=search_term_string"}],"inLanguage":"fr"},{"@type":"ImageObject","@id":"https:\/\/www.moroccofoodex.org.ma\/autorite-de-controle\/contole-technique-et-agreage-des-unites\/#primaryimage","inLanguage":"fr","url":"http:\/\/www.moroccofoodex.org.ma\/wp-content\/uploads\/2019\/11\/controle_technique_1.png","contentUrl":"http:\/\/www.moroccofoodex.org.ma\/wp-content\/uploads\/2019\/11\/controle_technique_1.png"},{"@type":"WebPage","@id":"https:\/\/www.moroccofoodex.org.ma\/autorite-de-controle\/contole-technique-et-agreage-des-unites\/#webpage","url":"https:\/\/www.moroccofoodex.org.ma\/autorite-de-controle\/contole-technique-et-agreage-des-unites\/","name":"[:fr]Contr\u00f4le technique[:ar]\u0627\u0644\u0645\u0631\u0627\u0642\u0628\u0629 \u0627\u0644\u062a\u0642\u0646\u064a\u0629[:en]Technical inspection[:] - Morocco Foodex","isPartOf":{"@id":"https:\/\/www.moroccofoodex.org.ma\/#website"},"primaryImageOfPage":{"@id":"https:\/\/www.moroccofoodex.org.ma\/autorite-de-controle\/contole-technique-et-agreage-des-unites\/#primaryimage"},"datePublished":"2019-10-23T10:16:10+00:00","dateModified":"2020-06-08T10:28:58+00:00","breadcrumb":{"@id":"https:\/\/www.moroccofoodex.org.ma\/autorite-de-controle\/contole-technique-et-agreage-des-unites\/#breadcrumb"},"inLanguage":"fr","potentialAction":[{"@type":"ReadAction","target":["https:\/\/www.moroccofoodex.org.ma\/autorite-de-controle\/contole-technique-et-agreage-des-unites\/"]}]},{"@type":"BreadcrumbList","@id":"https:\/\/www.moroccofoodex.org.ma\/autorite-de-controle\/contole-technique-et-agreage-des-unites\/#breadcrumb","itemListElement":[{"@type":"ListItem","position":1,"name":"Accueil","item":"https:\/\/www.moroccofoodex.org.ma\/"},{"@type":"ListItem","position":2,"name":"Autorit\u00e9 de contr\u00f4le","item":"https:\/\/www.moroccofoodex.org.ma\/autorite-de-controle\/"},{"@type":"ListItem","position":3,"name":"Contr\u00f4le technique"}]}]}},"_links":{"self":[{"href":"https:\/\/www.moroccofoodex.org.ma\/fr\/wp-json\/wp\/v2\/pages\/22"}],"collection":[{"href":"https:\/\/www.moroccofoodex.org.ma\/fr\/wp-json\/wp\/v2\/pages"}],"about":[{"href":"https:\/\/www.moroccofoodex.org.ma\/fr\/wp-json\/wp\/v2\/types\/page"}],"author":[{"embeddable":true,"href":"https:\/\/www.moroccofoodex.org.ma\/fr\/wp-json\/wp\/v2\/users\/1"}],"replies":[{"embeddable":true,"href":"https:\/\/www.moroccofoodex.org.ma\/fr\/wp-json\/wp\/v2\/comments?post=22"}],"version-history":[{"count":91,"href":"https:\/\/www.moroccofoodex.org.ma\/fr\/wp-json\/wp\/v2\/pages\/22\/revisions"}],"predecessor-version":[{"id":2250,"href":"https:\/\/www.moroccofoodex.org.ma\/fr\/wp-json\/wp\/v2\/pages\/22\/revisions\/2250"}],"up":[{"embeddable":true,"href":"https:\/\/www.moroccofoodex.org.ma\/fr\/wp-json\/wp\/v2\/pages\/20"}],"wp:attachment":[{"href":"https:\/\/www.moroccofoodex.org.ma\/fr\/wp-json\/wp\/v2\/media?parent=22"}],"curies":[{"name":"wp","href":"https:\/\/api.w.org\/{rel}","templated":true}]}}