{"id":32,"date":"2019-10-23T12:18:43","date_gmt":"2019-10-23T10:18:43","guid":{"rendered":"https:\/\/www.moroccofoodex.org.ma\/\/?page_id=32"},"modified":"2020-05-08T19:05:12","modified_gmt":"2020-05-08T17:05:12","slug":"reglementations-techniques","status":"publish","type":"page","link":"https:\/\/www.moroccofoodex.org.ma\/fr\/autorite-de-controle\/reglementations-techniques\/","title":{"rendered":"R\u00e9glementations techniques"},"content":{"rendered":"<p>La section &#8220;<strong>R\u00e9glementations techniques&#8221;<\/strong> du site web de<strong> MOROCCO FOODEX<\/strong> se veut un support technique au profit des exportateurs marocains pour les aider \u00e0 acc\u00e9der aux principaux march\u00e9s d&#8217;exportation et ne se pr\u00e9tend pas \u00eatre exhaustive. Pour les demandeurs d&#8217;informations r\u00e9glementaires suppl\u00e9mentaires, l\u2019adresse email <a style=\"display: inline-block;\" href=\"mailto:normes@mfoodex.ma\">normes@mfoodex.ma<\/a> est \u00e0 leur service.<\/p>","protected":false},"excerpt":{"rendered":"<p>La section &#8220;R\u00e9glementations techniques&#8221; du site web de MOROCCO FOODEX se veut un support technique au profit des exportateurs marocains pour les aider \u00e0 acc\u00e9der aux principaux march\u00e9s d&#8217;exportation et ne se pr\u00e9tend pas \u00eatre exhaustive. Pour les demandeurs d&#8217;informations r\u00e9glementaires suppl\u00e9mentaires, l\u2019adresse email normes@mfoodex.ma est \u00e0 leur service.<\/p>\n","protected":false},"author":1,"featured_media":0,"parent":20,"menu_order":45,"comment_status":"closed","ping_status":"closed","template":"page-reglementations.php","meta":[],"acf":[],"yoast_head":"<!-- This site is optimized with the Yoast SEO plugin v18.5.1 - https:\/\/yoast.com\/wordpress\/plugins\/seo\/ -->\n<title>R\u00e9glementations techniques - Morocco Foodex<\/title>\n<meta name=\"robots\" content=\"index, follow, max-snippet:-1, max-image-preview:large, max-video-preview:-1\" \/>\n<link rel=\"canonical\" href=\"https:\/\/www.moroccofoodex.org.ma\/autorite-de-controle\/reglementations-techniques\/\" \/>\n<meta property=\"og:locale\" content=\"fr_FR\" \/>\n<meta property=\"og:type\" content=\"article\" \/>\n<meta property=\"og:title\" content=\"[:fr]R\u00e9glementations techniques[:ar]\u0627\u0644\u0623\u0646\u0638\u0645\u0629 \u0627\u0644\u062a\u0642\u0646\u064a\u0629[:en]Technical regulations[:] - Morocco Foodex\" \/>\n<meta property=\"og:description\" content=\"La section &#8220;R\u00e9glementations techniques&#8221; du site web de MOROCCO FOODEX se veut un support technique au profit des exportateurs marocains pour les aider \u00e0 acc\u00e9der aux principaux march\u00e9s d&#8217;exportation et ne se pr\u00e9tend pas \u00eatre exhaustive. Pour les demandeurs d&#8217;informations r\u00e9glementaires suppl\u00e9mentaires, l\u2019adresse email normes@mfoodex.ma est \u00e0 leur service.\" \/>\n<meta property=\"og:url\" content=\"https:\/\/www.moroccofoodex.org.ma\/autorite-de-controle\/reglementations-techniques\/\" \/>\n<meta property=\"og:site_name\" content=\"Morocco Foodex\" \/>\n<meta property=\"article:modified_time\" content=\"2020-05-08T17:05:12+00:00\" \/>\n<meta name=\"twitter:card\" content=\"summary_large_image\" \/>\n<meta name=\"twitter:label1\" content=\"Est. reading time\" \/>\n\t<meta name=\"twitter:data1\" content=\"1 minute\" \/>\n<script type=\"application\/ld+json\" class=\"yoast-schema-graph\">{\"@context\":\"https:\/\/schema.org\",\"@graph\":[{\"@type\":\"WebSite\",\"@id\":\"https:\/\/www.moroccofoodex.org.ma\/#website\",\"url\":\"https:\/\/www.moroccofoodex.org.ma\/\",\"name\":\"Morocco Foodex\",\"description\":\"\",\"potentialAction\":[{\"@type\":\"SearchAction\",\"target\":{\"@type\":\"EntryPoint\",\"urlTemplate\":\"https:\/\/www.moroccofoodex.org.ma\/?s={search_term_string}\"},\"query-input\":\"required name=search_term_string\"}],\"inLanguage\":\"fr\"},{\"@type\":\"WebPage\",\"@id\":\"https:\/\/www.moroccofoodex.org.ma\/autorite-de-controle\/reglementations-techniques\/#webpage\",\"url\":\"https:\/\/www.moroccofoodex.org.ma\/autorite-de-controle\/reglementations-techniques\/\",\"name\":\"[:fr]R\u00e9glementations techniques[:ar]\u0627\u0644\u0623\u0646\u0638\u0645\u0629 \u0627\u0644\u062a\u0642\u0646\u064a\u0629[:en]Technical regulations[:] - Morocco Foodex\",\"isPartOf\":{\"@id\":\"https:\/\/www.moroccofoodex.org.ma\/#website\"},\"datePublished\":\"2019-10-23T10:18:43+00:00\",\"dateModified\":\"2020-05-08T17:05:12+00:00\",\"breadcrumb\":{\"@id\":\"https:\/\/www.moroccofoodex.org.ma\/autorite-de-controle\/reglementations-techniques\/#breadcrumb\"},\"inLanguage\":\"fr\",\"potentialAction\":[{\"@type\":\"ReadAction\",\"target\":[\"https:\/\/www.moroccofoodex.org.ma\/autorite-de-controle\/reglementations-techniques\/\"]}]},{\"@type\":\"BreadcrumbList\",\"@id\":\"https:\/\/www.moroccofoodex.org.ma\/autorite-de-controle\/reglementations-techniques\/#breadcrumb\",\"itemListElement\":[{\"@type\":\"ListItem\",\"position\":1,\"name\":\"Accueil\",\"item\":\"https:\/\/www.moroccofoodex.org.ma\/\"},{\"@type\":\"ListItem\",\"position\":2,\"name\":\"Autorit\u00e9 de contr\u00f4le\",\"item\":\"https:\/\/www.moroccofoodex.org.ma\/autorite-de-controle\/\"},{\"@type\":\"ListItem\",\"position\":3,\"name\":\"R\u00e9glementations techniques\"}]}]}<\/script>\n<!-- \/ Yoast SEO plugin. -->","yoast_head_json":{"title":"[:fr]R\u00e9glementations techniques[:ar]\u0627\u0644\u0623\u0646\u0638\u0645\u0629 \u0627\u0644\u062a\u0642\u0646\u064a\u0629[:en]Technical regulations[:] - Morocco Foodex","robots":{"index":"index","follow":"follow","max-snippet":"max-snippet:-1","max-image-preview":"max-image-preview:large","max-video-preview":"max-video-preview:-1"},"canonical":"https:\/\/www.moroccofoodex.org.ma\/autorite-de-controle\/reglementations-techniques\/","og_locale":"fr_FR","og_type":"article","og_title":"[:fr]R\u00e9glementations techniques[:ar]\u0627\u0644\u0623\u0646\u0638\u0645\u0629 \u0627\u0644\u062a\u0642\u0646\u064a\u0629[:en]Technical regulations[:] - Morocco Foodex","og_description":"La section &#8220;R\u00e9glementations techniques&#8221; du site web de MOROCCO FOODEX se veut un support technique au profit des exportateurs marocains pour les aider \u00e0 acc\u00e9der aux principaux march\u00e9s d&#8217;exportation et ne se pr\u00e9tend pas \u00eatre exhaustive. Pour les demandeurs d&#8217;informations r\u00e9glementaires suppl\u00e9mentaires, l\u2019adresse email normes@mfoodex.ma est \u00e0 leur service.","og_url":"https:\/\/www.moroccofoodex.org.ma\/autorite-de-controle\/reglementations-techniques\/","og_site_name":"Morocco Foodex","article_modified_time":"2020-05-08T17:05:12+00:00","twitter_card":"summary_large_image","twitter_misc":{"Est. reading time":"1 minute"},"schema":{"@context":"https:\/\/schema.org","@graph":[{"@type":"WebSite","@id":"https:\/\/www.moroccofoodex.org.ma\/#website","url":"https:\/\/www.moroccofoodex.org.ma\/","name":"Morocco Foodex","description":"","potentialAction":[{"@type":"SearchAction","target":{"@type":"EntryPoint","urlTemplate":"https:\/\/www.moroccofoodex.org.ma\/?s={search_term_string}"},"query-input":"required name=search_term_string"}],"inLanguage":"fr"},{"@type":"WebPage","@id":"https:\/\/www.moroccofoodex.org.ma\/autorite-de-controle\/reglementations-techniques\/#webpage","url":"https:\/\/www.moroccofoodex.org.ma\/autorite-de-controle\/reglementations-techniques\/","name":"[:fr]R\u00e9glementations techniques[:ar]\u0627\u0644\u0623\u0646\u0638\u0645\u0629 \u0627\u0644\u062a\u0642\u0646\u064a\u0629[:en]Technical regulations[:] - Morocco Foodex","isPartOf":{"@id":"https:\/\/www.moroccofoodex.org.ma\/#website"},"datePublished":"2019-10-23T10:18:43+00:00","dateModified":"2020-05-08T17:05:12+00:00","breadcrumb":{"@id":"https:\/\/www.moroccofoodex.org.ma\/autorite-de-controle\/reglementations-techniques\/#breadcrumb"},"inLanguage":"fr","potentialAction":[{"@type":"ReadAction","target":["https:\/\/www.moroccofoodex.org.ma\/autorite-de-controle\/reglementations-techniques\/"]}]},{"@type":"BreadcrumbList","@id":"https:\/\/www.moroccofoodex.org.ma\/autorite-de-controle\/reglementations-techniques\/#breadcrumb","itemListElement":[{"@type":"ListItem","position":1,"name":"Accueil","item":"https:\/\/www.moroccofoodex.org.ma\/"},{"@type":"ListItem","position":2,"name":"Autorit\u00e9 de contr\u00f4le","item":"https:\/\/www.moroccofoodex.org.ma\/autorite-de-controle\/"},{"@type":"ListItem","position":3,"name":"R\u00e9glementations techniques"}]}]}},"_links":{"self":[{"href":"https:\/\/www.moroccofoodex.org.ma\/fr\/wp-json\/wp\/v2\/pages\/32"}],"collection":[{"href":"https:\/\/www.moroccofoodex.org.ma\/fr\/wp-json\/wp\/v2\/pages"}],"about":[{"href":"https:\/\/www.moroccofoodex.org.ma\/fr\/wp-json\/wp\/v2\/types\/page"}],"author":[{"embeddable":true,"href":"https:\/\/www.moroccofoodex.org.ma\/fr\/wp-json\/wp\/v2\/users\/1"}],"replies":[{"embeddable":true,"href":"https:\/\/www.moroccofoodex.org.ma\/fr\/wp-json\/wp\/v2\/comments?post=32"}],"version-history":[{"count":22,"href":"https:\/\/www.moroccofoodex.org.ma\/fr\/wp-json\/wp\/v2\/pages\/32\/revisions"}],"predecessor-version":[{"id":2127,"href":"https:\/\/www.moroccofoodex.org.ma\/fr\/wp-json\/wp\/v2\/pages\/32\/revisions\/2127"}],"up":[{"embeddable":true,"href":"https:\/\/www.moroccofoodex.org.ma\/fr\/wp-json\/wp\/v2\/pages\/20"}],"wp:attachment":[{"href":"https:\/\/www.moroccofoodex.org.ma\/fr\/wp-json\/wp\/v2\/media?parent=32"}],"curies":[{"name":"wp","href":"https:\/\/api.w.org\/{rel}","templated":true}]}}