{"id":36,"date":"2019-10-23T12:19:32","date_gmt":"2019-10-23T10:19:32","guid":{"rendered":"https:\/\/www.moroccofoodex.org.ma\/\/?page_id=36"},"modified":"2020-05-08T16:12:38","modified_gmt":"2020-05-08T14:12:38","slug":"veille-strategique-operationnelle","status":"publish","type":"page","link":"https:\/\/www.moroccofoodex.org.ma\/fr\/business-intelligence\/veille-strategique-operationnelle\/","title":{"rendered":"Veille Strat\u00e9gique op\u00e9rationnelle"},"content":{"rendered":"<p>En tant qu\u2019acteur dans le secteur des exportations agroalimentaires, <strong>MOROCCO FOODEX<\/strong> est appel\u00e9 en permanence \u00e0 apporter son savoir-faire et son exp\u00e9rience aux op\u00e9rateurs du secteur.<\/p>\n<p>Outil du Plan Maroc Vert et du Plan Halieutis, qui visent notamment la valorisation des produits \u00e0 l\u2019export et la diversification des march\u00e9s, <strong>MOROCCO FOODEX<\/strong> se doit d\u2019acqu\u00e9rir une connaissance de l\u2019environnement externe en vue d\u2019identifier les opportunit\u00e9s et les menaces et anticiper les risques, dans le sens d\u2019accompagner les partenaires dans une optique de comp\u00e9titivit\u00e9 internationale.<\/p>\n<p>C\u2019est dans ce contexte que <strong>MOROCCO FOODEX<\/strong> devait se positionner en tant qu\u2019organisme de r\u00e9f\u00e9rence en mati\u00e8re de veille op\u00e9rationnelle au profit des d\u00e9cideurs publics et priv\u00e9s du secteur d\u2019exportation agroalimentaire, et par cons\u00e9quent ce dernier s\u2019est engag\u00e9 dans un projet de mise en place d\u2019un dispositif de veille strat\u00e9gique. Les principaux objectifs escompt\u00e9s \u00e0 travers ce dispositif sont :<\/p>\n<ul>\n<li>Rester \u00e0 jour en mati\u00e8re de r\u00e9glementations techniques, analytiques, et op\u00e9rationnelles internationales.<\/li>\n<li>Optimiser la gestion de l\u2019information (recherche, archivage, partage).<\/li>\n<li>Mettre \u00e0 la disposition des utilisateurs une base de donn\u00e9es avec syst\u00e8me d\u2019acc\u00e8s adapt\u00e9.<\/li>\n<\/ul>\n<p><\/p>","protected":false},"excerpt":{"rendered":"<p>En tant qu\u2019acteur dans le secteur des exportations agroalimentaires, MOROCCO FOODEX est appel\u00e9 en permanence \u00e0 apporter son savoir-faire et son exp\u00e9rience aux op\u00e9rateurs du secteur. Outil du Plan Maroc Vert et du Plan Halieutis, qui visent notamment la valorisation des produits \u00e0 l\u2019export et la diversification des march\u00e9s, MOROCCO FOODEX se doit d\u2019acqu\u00e9rir une &hellip; <\/p>\n<p class=\"link-more\"><a href=\"https:\/\/www.moroccofoodex.org.ma\/fr\/business-intelligence\/veille-strategique-operationnelle\/\" class=\"more-link\">Continue reading<span class=\"screen-reader-text\"> &#8220;Veille Strat\u00e9gique op\u00e9rationnelle&#8221;<\/span><\/a><\/p>\n","protected":false},"author":1,"featured_media":0,"parent":34,"menu_order":28,"comment_status":"closed","ping_status":"closed","template":"page-section.php","meta":[],"acf":[],"yoast_head":"<!-- This site is optimized with the Yoast SEO plugin v18.5.1 - https:\/\/yoast.com\/wordpress\/plugins\/seo\/ -->\n<title>Veille Strat\u00e9gique op\u00e9rationnelle - Morocco Foodex<\/title>\n<meta name=\"robots\" content=\"index, follow, max-snippet:-1, max-image-preview:large, max-video-preview:-1\" \/>\n<link rel=\"canonical\" href=\"https:\/\/www.moroccofoodex.org.ma\/business-intelligence\/veille-strategique-operationnelle\/\" \/>\n<meta property=\"og:locale\" content=\"fr_FR\" \/>\n<meta property=\"og:type\" content=\"article\" \/>\n<meta property=\"og:title\" content=\"[:fr]Veille Strat\u00e9gique op\u00e9rationnelle[:ar]\u0627\u0644\u064a\u0642\u0638\u0629 \u0627\u0644\u0627\u0633\u062a\u0631\u0627\u062a\u064a\u062c\u064a\u0629 \u0648\u0627\u0644\u0639\u0645\u0644\u064a\u0629 [:en]Strategic Business Intelligence [:] - Morocco Foodex\" \/>\n<meta property=\"og:description\" content=\"En tant qu\u2019acteur dans le secteur des exportations agroalimentaires, MOROCCO FOODEX est appel\u00e9 en permanence \u00e0 apporter son savoir-faire et son exp\u00e9rience aux op\u00e9rateurs du secteur. Outil du Plan Maroc Vert et du Plan Halieutis, qui visent notamment la valorisation des produits \u00e0 l\u2019export et la diversification des march\u00e9s, MOROCCO FOODEX se doit d\u2019acqu\u00e9rir une &hellip; Continue reading &quot;Veille Strat\u00e9gique op\u00e9rationnelle&quot;\" \/>\n<meta property=\"og:url\" content=\"https:\/\/www.moroccofoodex.org.ma\/business-intelligence\/veille-strategique-operationnelle\/\" \/>\n<meta property=\"og:site_name\" content=\"Morocco Foodex\" \/>\n<meta property=\"article:modified_time\" content=\"2020-05-08T14:12:38+00:00\" \/>\n<meta name=\"twitter:card\" content=\"summary_large_image\" \/>\n<meta name=\"twitter:label1\" content=\"Est. reading time\" \/>\n\t<meta name=\"twitter:data1\" content=\"2 minutes\" \/>\n<script type=\"application\/ld+json\" class=\"yoast-schema-graph\">{\"@context\":\"https:\/\/schema.org\",\"@graph\":[{\"@type\":\"WebSite\",\"@id\":\"https:\/\/www.moroccofoodex.org.ma\/#website\",\"url\":\"https:\/\/www.moroccofoodex.org.ma\/\",\"name\":\"Morocco Foodex\",\"description\":\"\",\"potentialAction\":[{\"@type\":\"SearchAction\",\"target\":{\"@type\":\"EntryPoint\",\"urlTemplate\":\"https:\/\/www.moroccofoodex.org.ma\/?s={search_term_string}\"},\"query-input\":\"required name=search_term_string\"}],\"inLanguage\":\"fr\"},{\"@type\":\"WebPage\",\"@id\":\"https:\/\/www.moroccofoodex.org.ma\/business-intelligence\/veille-strategique-operationnelle\/#webpage\",\"url\":\"https:\/\/www.moroccofoodex.org.ma\/business-intelligence\/veille-strategique-operationnelle\/\",\"name\":\"[:fr]Veille Strat\u00e9gique op\u00e9rationnelle[:ar]\u0627\u0644\u064a\u0642\u0638\u0629 \u0627\u0644\u0627\u0633\u062a\u0631\u0627\u062a\u064a\u062c\u064a\u0629 \u0648\u0627\u0644\u0639\u0645\u0644\u064a\u0629 [:en]Strategic Business Intelligence [:] - Morocco Foodex\",\"isPartOf\":{\"@id\":\"https:\/\/www.moroccofoodex.org.ma\/#website\"},\"datePublished\":\"2019-10-23T10:19:32+00:00\",\"dateModified\":\"2020-05-08T14:12:38+00:00\",\"breadcrumb\":{\"@id\":\"https:\/\/www.moroccofoodex.org.ma\/business-intelligence\/veille-strategique-operationnelle\/#breadcrumb\"},\"inLanguage\":\"fr\",\"potentialAction\":[{\"@type\":\"ReadAction\",\"target\":[\"https:\/\/www.moroccofoodex.org.ma\/business-intelligence\/veille-strategique-operationnelle\/\"]}]},{\"@type\":\"BreadcrumbList\",\"@id\":\"https:\/\/www.moroccofoodex.org.ma\/business-intelligence\/veille-strategique-operationnelle\/#breadcrumb\",\"itemListElement\":[{\"@type\":\"ListItem\",\"position\":1,\"name\":\"Accueil\",\"item\":\"https:\/\/www.moroccofoodex.org.ma\/\"},{\"@type\":\"ListItem\",\"position\":2,\"name\":\"Business intelligence\",\"item\":\"https:\/\/www.moroccofoodex.org.ma\/business-intelligence\/\"},{\"@type\":\"ListItem\",\"position\":3,\"name\":\"Veille Strat\u00e9gique op\u00e9rationnelle\"}]}]}<\/script>\n<!-- \/ Yoast SEO plugin. -->","yoast_head_json":{"title":"[:fr]Veille Strat\u00e9gique op\u00e9rationnelle[:ar]\u0627\u0644\u064a\u0642\u0638\u0629 \u0627\u0644\u0627\u0633\u062a\u0631\u0627\u062a\u064a\u062c\u064a\u0629 \u0648\u0627\u0644\u0639\u0645\u0644\u064a\u0629 [:en]Strategic Business Intelligence [:] - Morocco Foodex","robots":{"index":"index","follow":"follow","max-snippet":"max-snippet:-1","max-image-preview":"max-image-preview:large","max-video-preview":"max-video-preview:-1"},"canonical":"https:\/\/www.moroccofoodex.org.ma\/business-intelligence\/veille-strategique-operationnelle\/","og_locale":"fr_FR","og_type":"article","og_title":"[:fr]Veille Strat\u00e9gique op\u00e9rationnelle[:ar]\u0627\u0644\u064a\u0642\u0638\u0629 \u0627\u0644\u0627\u0633\u062a\u0631\u0627\u062a\u064a\u062c\u064a\u0629 \u0648\u0627\u0644\u0639\u0645\u0644\u064a\u0629 [:en]Strategic Business Intelligence [:] - Morocco Foodex","og_description":"En tant qu\u2019acteur dans le secteur des exportations agroalimentaires, MOROCCO FOODEX est appel\u00e9 en permanence \u00e0 apporter son savoir-faire et son exp\u00e9rience aux op\u00e9rateurs du secteur. Outil du Plan Maroc Vert et du Plan Halieutis, qui visent notamment la valorisation des produits \u00e0 l\u2019export et la diversification des march\u00e9s, MOROCCO FOODEX se doit d\u2019acqu\u00e9rir une &hellip; Continue reading \"Veille Strat\u00e9gique op\u00e9rationnelle\"","og_url":"https:\/\/www.moroccofoodex.org.ma\/business-intelligence\/veille-strategique-operationnelle\/","og_site_name":"Morocco Foodex","article_modified_time":"2020-05-08T14:12:38+00:00","twitter_card":"summary_large_image","twitter_misc":{"Est. reading time":"2 minutes"},"schema":{"@context":"https:\/\/schema.org","@graph":[{"@type":"WebSite","@id":"https:\/\/www.moroccofoodex.org.ma\/#website","url":"https:\/\/www.moroccofoodex.org.ma\/","name":"Morocco Foodex","description":"","potentialAction":[{"@type":"SearchAction","target":{"@type":"EntryPoint","urlTemplate":"https:\/\/www.moroccofoodex.org.ma\/?s={search_term_string}"},"query-input":"required name=search_term_string"}],"inLanguage":"fr"},{"@type":"WebPage","@id":"https:\/\/www.moroccofoodex.org.ma\/business-intelligence\/veille-strategique-operationnelle\/#webpage","url":"https:\/\/www.moroccofoodex.org.ma\/business-intelligence\/veille-strategique-operationnelle\/","name":"[:fr]Veille Strat\u00e9gique op\u00e9rationnelle[:ar]\u0627\u0644\u064a\u0642\u0638\u0629 \u0627\u0644\u0627\u0633\u062a\u0631\u0627\u062a\u064a\u062c\u064a\u0629 \u0648\u0627\u0644\u0639\u0645\u0644\u064a\u0629 [:en]Strategic Business Intelligence [:] - Morocco Foodex","isPartOf":{"@id":"https:\/\/www.moroccofoodex.org.ma\/#website"},"datePublished":"2019-10-23T10:19:32+00:00","dateModified":"2020-05-08T14:12:38+00:00","breadcrumb":{"@id":"https:\/\/www.moroccofoodex.org.ma\/business-intelligence\/veille-strategique-operationnelle\/#breadcrumb"},"inLanguage":"fr","potentialAction":[{"@type":"ReadAction","target":["https:\/\/www.moroccofoodex.org.ma\/business-intelligence\/veille-strategique-operationnelle\/"]}]},{"@type":"BreadcrumbList","@id":"https:\/\/www.moroccofoodex.org.ma\/business-intelligence\/veille-strategique-operationnelle\/#breadcrumb","itemListElement":[{"@type":"ListItem","position":1,"name":"Accueil","item":"https:\/\/www.moroccofoodex.org.ma\/"},{"@type":"ListItem","position":2,"name":"Business intelligence","item":"https:\/\/www.moroccofoodex.org.ma\/business-intelligence\/"},{"@type":"ListItem","position":3,"name":"Veille Strat\u00e9gique op\u00e9rationnelle"}]}]}},"_links":{"self":[{"href":"https:\/\/www.moroccofoodex.org.ma\/fr\/wp-json\/wp\/v2\/pages\/36"}],"collection":[{"href":"https:\/\/www.moroccofoodex.org.ma\/fr\/wp-json\/wp\/v2\/pages"}],"about":[{"href":"https:\/\/www.moroccofoodex.org.ma\/fr\/wp-json\/wp\/v2\/types\/page"}],"author":[{"embeddable":true,"href":"https:\/\/www.moroccofoodex.org.ma\/fr\/wp-json\/wp\/v2\/users\/1"}],"replies":[{"embeddable":true,"href":"https:\/\/www.moroccofoodex.org.ma\/fr\/wp-json\/wp\/v2\/comments?post=36"}],"version-history":[{"count":50,"href":"https:\/\/www.moroccofoodex.org.ma\/fr\/wp-json\/wp\/v2\/pages\/36\/revisions"}],"predecessor-version":[{"id":2089,"href":"https:\/\/www.moroccofoodex.org.ma\/fr\/wp-json\/wp\/v2\/pages\/36\/revisions\/2089"}],"up":[{"embeddable":true,"href":"https:\/\/www.moroccofoodex.org.ma\/fr\/wp-json\/wp\/v2\/pages\/34"}],"wp:attachment":[{"href":"https:\/\/www.moroccofoodex.org.ma\/fr\/wp-json\/wp\/v2\/media?parent=36"}],"curies":[{"name":"wp","href":"https:\/\/api.w.org\/{rel}","templated":true}]}}