{"id":375,"date":"2019-10-31T08:33:56","date_gmt":"2019-10-31T07:33:56","guid":{"rendered":"https:\/\/www.moroccofoodex.org.ma\/\/?page_id=375"},"modified":"2020-05-21T13:51:19","modified_gmt":"2020-05-21T11:51:19","slug":"missions-daffaires","status":"publish","type":"page","link":"https:\/\/www.moroccofoodex.org.ma\/fr\/promotion-des-exportations\/missions-daffaires\/","title":{"rendered":"Missions d&#8217;affaires"},"content":{"rendered":"<p><img decoding=\"async\" loading=\"lazy\" class=\"aligncenter size-full wp-image-626\" src=\"https:\/\/www.moroccofoodex.org.ma\/wp-content\/uploads\/2019\/11\/missions_affaires2.jpg\" alt=\"\" width=\"1092\" height=\"407\" \/><\/p>\n<p><strong>MOROCCO FOODEX<\/strong> r\u00e9alise chaque ann\u00e9e des actions cibl\u00e9es de promotion et de d\u00e9veloppement des exportations, r\u00e9pondant aux attentes et ambitions des acteurs publics et priv\u00e9s du secteur\u00a0 des produits agroalimentaires et maritimes, en l\u2019occurrence, l\u2019organisation de missions d\u2019affaires \u00e0 l\u2019\u00e9chelle nationale et internationale (Missions B to B et Incoming missions).<\/p>\n<ul>\n<li><strong>Mission BtoB\u00a0: <\/strong>\n<ul>\n<li>Rencontres d\u2019affaires cibl\u00e9es (dont des missions ind\u00e9pendantes ou en marge des salons) afin de nouer de nouveaux partenariats avec des importateurs et donneurs d\u2019ordre internationaux<\/li>\n<\/ul>\n<\/li>\n<li><strong>Incoming Missions\u00a0: <\/strong>\n<ul>\n<li>L&#8217;organisation de missions commerciales au Maroc, qui consistent en l&#8217;invitation de donneurs d&#8217;ordre et acheteurs internationaux sp\u00e9cialis\u00e9s par secteur cibl\u00e9, en vue de mener des visites directes aupr\u00e8s des op\u00e9rateurs marocains ainsi que les vergers et unit\u00e9s de production et de conditionnement des produits afin de d\u00e9montrer leur qualit\u00e9 et leur potentiel \u00e0 l&#8217;export.<\/li>\n<\/ul>\n<\/li>\n<\/ul>\n<p><\/p>","protected":false},"excerpt":{"rendered":"<p>MOROCCO FOODEX r\u00e9alise chaque ann\u00e9e des actions cibl\u00e9es de promotion et de d\u00e9veloppement des exportations, r\u00e9pondant aux attentes et ambitions des acteurs publics et priv\u00e9s du secteur\u00a0 des produits agroalimentaires et maritimes, en l\u2019occurrence, l\u2019organisation de missions d\u2019affaires \u00e0 l\u2019\u00e9chelle nationale et internationale (Missions B to B et Incoming missions). Mission BtoB\u00a0: Rencontres d\u2019affaires cibl\u00e9es &hellip; <\/p>\n<p class=\"link-more\"><a href=\"https:\/\/www.moroccofoodex.org.ma\/fr\/promotion-des-exportations\/missions-daffaires\/\" class=\"more-link\">Continue reading<span class=\"screen-reader-text\"> &#8220;Missions d&#8217;affaires&#8221;<\/span><\/a><\/p>\n","protected":false},"author":1,"featured_media":0,"parent":40,"menu_order":23,"comment_status":"closed","ping_status":"closed","template":"","meta":[],"acf":[],"yoast_head":"<!-- This site is optimized with the Yoast SEO plugin v18.5.1 - https:\/\/yoast.com\/wordpress\/plugins\/seo\/ -->\n<title>Missions d&#039;affaires - Morocco Foodex<\/title>\n<meta name=\"robots\" content=\"index, follow, max-snippet:-1, max-image-preview:large, max-video-preview:-1\" \/>\n<link rel=\"canonical\" href=\"https:\/\/www.moroccofoodex.org.ma\/promotion-des-exportations\/missions-daffaires\/\" \/>\n<meta property=\"og:locale\" content=\"fr_FR\" \/>\n<meta property=\"og:type\" content=\"article\" \/>\n<meta property=\"og:title\" content=\"[:fr]Missions d&#039;affaires[:ar]\u0627\u0644\u0644\u0642\u0627\u0621\u0627\u062a \u0627\u0644\u062a\u062c\u0627\u0631\u064a\u0629[:en]Business Missions [:] - Morocco Foodex\" \/>\n<meta property=\"og:description\" content=\"MOROCCO FOODEX r\u00e9alise chaque ann\u00e9e des actions cibl\u00e9es de promotion et de d\u00e9veloppement des exportations, r\u00e9pondant aux attentes et ambitions des acteurs publics et priv\u00e9s du secteur\u00a0 des produits agroalimentaires et maritimes, en l\u2019occurrence, l\u2019organisation de missions d\u2019affaires \u00e0 l\u2019\u00e9chelle nationale et internationale (Missions B to B et Incoming missions). Mission BtoB\u00a0: Rencontres d\u2019affaires cibl\u00e9es &hellip; Continue reading &quot;Missions d&#8217;affaires&quot;\" \/>\n<meta property=\"og:url\" content=\"https:\/\/www.moroccofoodex.org.ma\/promotion-des-exportations\/missions-daffaires\/\" \/>\n<meta property=\"og:site_name\" content=\"Morocco Foodex\" \/>\n<meta property=\"article:modified_time\" content=\"2020-05-21T11:51:19+00:00\" \/>\n<meta property=\"og:image\" content=\"https:\/\/www.moroccofoodex.org.ma\/wp-content\/uploads\/2019\/11\/missions_affaires2.jpg\" \/>\n<meta name=\"twitter:card\" content=\"summary_large_image\" \/>\n<meta name=\"twitter:label1\" content=\"Est. reading time\" \/>\n\t<meta name=\"twitter:data1\" content=\"1 minute\" \/>\n<script type=\"application\/ld+json\" class=\"yoast-schema-graph\">{\"@context\":\"https:\/\/schema.org\",\"@graph\":[{\"@type\":\"WebSite\",\"@id\":\"https:\/\/www.moroccofoodex.org.ma\/#website\",\"url\":\"https:\/\/www.moroccofoodex.org.ma\/\",\"name\":\"Morocco Foodex\",\"description\":\"\",\"potentialAction\":[{\"@type\":\"SearchAction\",\"target\":{\"@type\":\"EntryPoint\",\"urlTemplate\":\"https:\/\/www.moroccofoodex.org.ma\/?s={search_term_string}\"},\"query-input\":\"required name=search_term_string\"}],\"inLanguage\":\"fr\"},{\"@type\":\"ImageObject\",\"@id\":\"https:\/\/www.moroccofoodex.org.ma\/promotion-des-exportations\/missions-daffaires\/#primaryimage\",\"inLanguage\":\"fr\",\"url\":\"https:\/\/www.moroccofoodex.org.ma\/wp-content\/uploads\/2019\/11\/missions_affaires2.jpg\",\"contentUrl\":\"https:\/\/www.moroccofoodex.org.ma\/wp-content\/uploads\/2019\/11\/missions_affaires2.jpg\",\"width\":1092,\"height\":407},{\"@type\":\"WebPage\",\"@id\":\"https:\/\/www.moroccofoodex.org.ma\/promotion-des-exportations\/missions-daffaires\/#webpage\",\"url\":\"https:\/\/www.moroccofoodex.org.ma\/promotion-des-exportations\/missions-daffaires\/\",\"name\":\"[:fr]Missions d'affaires[:ar]\u0627\u0644\u0644\u0642\u0627\u0621\u0627\u062a \u0627\u0644\u062a\u062c\u0627\u0631\u064a\u0629[:en]Business Missions [:] - Morocco Foodex\",\"isPartOf\":{\"@id\":\"https:\/\/www.moroccofoodex.org.ma\/#website\"},\"primaryImageOfPage\":{\"@id\":\"https:\/\/www.moroccofoodex.org.ma\/promotion-des-exportations\/missions-daffaires\/#primaryimage\"},\"datePublished\":\"2019-10-31T07:33:56+00:00\",\"dateModified\":\"2020-05-21T11:51:19+00:00\",\"breadcrumb\":{\"@id\":\"https:\/\/www.moroccofoodex.org.ma\/promotion-des-exportations\/missions-daffaires\/#breadcrumb\"},\"inLanguage\":\"fr\",\"potentialAction\":[{\"@type\":\"ReadAction\",\"target\":[\"https:\/\/www.moroccofoodex.org.ma\/promotion-des-exportations\/missions-daffaires\/\"]}]},{\"@type\":\"BreadcrumbList\",\"@id\":\"https:\/\/www.moroccofoodex.org.ma\/promotion-des-exportations\/missions-daffaires\/#breadcrumb\",\"itemListElement\":[{\"@type\":\"ListItem\",\"position\":1,\"name\":\"Accueil\",\"item\":\"https:\/\/www.moroccofoodex.org.ma\/\"},{\"@type\":\"ListItem\",\"position\":2,\"name\":\"Promotion des exportations\",\"item\":\"https:\/\/www.moroccofoodex.org.ma\/promotion-des-exportations\/\"},{\"@type\":\"ListItem\",\"position\":3,\"name\":\"Missions d&#8217;affaires\"}]}]}<\/script>\n<!-- \/ Yoast SEO plugin. -->","yoast_head_json":{"title":"[:fr]Missions d'affaires[:ar]\u0627\u0644\u0644\u0642\u0627\u0621\u0627\u062a \u0627\u0644\u062a\u062c\u0627\u0631\u064a\u0629[:en]Business Missions [:] - Morocco Foodex","robots":{"index":"index","follow":"follow","max-snippet":"max-snippet:-1","max-image-preview":"max-image-preview:large","max-video-preview":"max-video-preview:-1"},"canonical":"https:\/\/www.moroccofoodex.org.ma\/promotion-des-exportations\/missions-daffaires\/","og_locale":"fr_FR","og_type":"article","og_title":"[:fr]Missions d'affaires[:ar]\u0627\u0644\u0644\u0642\u0627\u0621\u0627\u062a \u0627\u0644\u062a\u062c\u0627\u0631\u064a\u0629[:en]Business Missions [:] - Morocco Foodex","og_description":"MOROCCO FOODEX r\u00e9alise chaque ann\u00e9e des actions cibl\u00e9es de promotion et de d\u00e9veloppement des exportations, r\u00e9pondant aux attentes et ambitions des acteurs publics et priv\u00e9s du secteur\u00a0 des produits agroalimentaires et maritimes, en l\u2019occurrence, l\u2019organisation de missions d\u2019affaires \u00e0 l\u2019\u00e9chelle nationale et internationale (Missions B to B et Incoming missions). Mission BtoB\u00a0: Rencontres d\u2019affaires cibl\u00e9es &hellip; Continue reading \"Missions d&#8217;affaires\"","og_url":"https:\/\/www.moroccofoodex.org.ma\/promotion-des-exportations\/missions-daffaires\/","og_site_name":"Morocco Foodex","article_modified_time":"2020-05-21T11:51:19+00:00","og_image":[{"url":"https:\/\/www.moroccofoodex.org.ma\/wp-content\/uploads\/2019\/11\/missions_affaires2.jpg"}],"twitter_card":"summary_large_image","twitter_misc":{"Est. reading time":"1 minute"},"schema":{"@context":"https:\/\/schema.org","@graph":[{"@type":"WebSite","@id":"https:\/\/www.moroccofoodex.org.ma\/#website","url":"https:\/\/www.moroccofoodex.org.ma\/","name":"Morocco Foodex","description":"","potentialAction":[{"@type":"SearchAction","target":{"@type":"EntryPoint","urlTemplate":"https:\/\/www.moroccofoodex.org.ma\/?s={search_term_string}"},"query-input":"required name=search_term_string"}],"inLanguage":"fr"},{"@type":"ImageObject","@id":"https:\/\/www.moroccofoodex.org.ma\/promotion-des-exportations\/missions-daffaires\/#primaryimage","inLanguage":"fr","url":"https:\/\/www.moroccofoodex.org.ma\/wp-content\/uploads\/2019\/11\/missions_affaires2.jpg","contentUrl":"https:\/\/www.moroccofoodex.org.ma\/wp-content\/uploads\/2019\/11\/missions_affaires2.jpg","width":1092,"height":407},{"@type":"WebPage","@id":"https:\/\/www.moroccofoodex.org.ma\/promotion-des-exportations\/missions-daffaires\/#webpage","url":"https:\/\/www.moroccofoodex.org.ma\/promotion-des-exportations\/missions-daffaires\/","name":"[:fr]Missions d'affaires[:ar]\u0627\u0644\u0644\u0642\u0627\u0621\u0627\u062a \u0627\u0644\u062a\u062c\u0627\u0631\u064a\u0629[:en]Business Missions [:] - Morocco Foodex","isPartOf":{"@id":"https:\/\/www.moroccofoodex.org.ma\/#website"},"primaryImageOfPage":{"@id":"https:\/\/www.moroccofoodex.org.ma\/promotion-des-exportations\/missions-daffaires\/#primaryimage"},"datePublished":"2019-10-31T07:33:56+00:00","dateModified":"2020-05-21T11:51:19+00:00","breadcrumb":{"@id":"https:\/\/www.moroccofoodex.org.ma\/promotion-des-exportations\/missions-daffaires\/#breadcrumb"},"inLanguage":"fr","potentialAction":[{"@type":"ReadAction","target":["https:\/\/www.moroccofoodex.org.ma\/promotion-des-exportations\/missions-daffaires\/"]}]},{"@type":"BreadcrumbList","@id":"https:\/\/www.moroccofoodex.org.ma\/promotion-des-exportations\/missions-daffaires\/#breadcrumb","itemListElement":[{"@type":"ListItem","position":1,"name":"Accueil","item":"https:\/\/www.moroccofoodex.org.ma\/"},{"@type":"ListItem","position":2,"name":"Promotion des exportations","item":"https:\/\/www.moroccofoodex.org.ma\/promotion-des-exportations\/"},{"@type":"ListItem","position":3,"name":"Missions d&#8217;affaires"}]}]}},"_links":{"self":[{"href":"https:\/\/www.moroccofoodex.org.ma\/fr\/wp-json\/wp\/v2\/pages\/375"}],"collection":[{"href":"https:\/\/www.moroccofoodex.org.ma\/fr\/wp-json\/wp\/v2\/pages"}],"about":[{"href":"https:\/\/www.moroccofoodex.org.ma\/fr\/wp-json\/wp\/v2\/types\/page"}],"author":[{"embeddable":true,"href":"https:\/\/www.moroccofoodex.org.ma\/fr\/wp-json\/wp\/v2\/users\/1"}],"replies":[{"embeddable":true,"href":"https:\/\/www.moroccofoodex.org.ma\/fr\/wp-json\/wp\/v2\/comments?post=375"}],"version-history":[{"count":30,"href":"https:\/\/www.moroccofoodex.org.ma\/fr\/wp-json\/wp\/v2\/pages\/375\/revisions"}],"predecessor-version":[{"id":2191,"href":"https:\/\/www.moroccofoodex.org.ma\/fr\/wp-json\/wp\/v2\/pages\/375\/revisions\/2191"}],"up":[{"embeddable":true,"href":"https:\/\/www.moroccofoodex.org.ma\/fr\/wp-json\/wp\/v2\/pages\/40"}],"wp:attachment":[{"href":"https:\/\/www.moroccofoodex.org.ma\/fr\/wp-json\/wp\/v2\/media?parent=375"}],"curies":[{"name":"wp","href":"https:\/\/api.w.org\/{rel}","templated":true}]}}