{"id":377,"date":"2019-10-31T08:34:25","date_gmt":"2019-10-31T07:34:25","guid":{"rendered":"https:\/\/www.moroccofoodex.org.ma\/\/?page_id=377"},"modified":"2020-05-08T17:29:46","modified_gmt":"2020-05-08T15:29:46","slug":"campagnes-de-communication","status":"publish","type":"page","link":"https:\/\/www.moroccofoodex.org.ma\/fr\/promotion-des-exportations\/campagnes-de-communication\/","title":{"rendered":"Campagnes de communication"},"content":{"rendered":"<p><img decoding=\"async\" loading=\"lazy\" class=\"aligncenter wp-image-387 size-full\" src=\"https:\/\/www.moroccofoodex.org.ma\/\/wp-content\/uploads\/2019\/10\/campagnes-min.png\" alt=\"\" width=\"1092\" height=\"407\" \/><\/p>\n<p><em><strong>Dans le but de promouvoir l\u2019origine Maroc et mettre en \u00e9vidence la qualit\u00e9 et la diversit\u00e9 des produits marocains \u00e0 l\u2019\u00e9chelle internationale.<\/strong><\/em><\/p>\n<p><strong>MOROCCO FOODEX<\/strong> lance des campagnes de communication sp\u00e9cialis\u00e9es, afin de communiquer davantage sur la qualit\u00e9 et la notori\u00e9t\u00e9 des produits agro-alimentaires marocains et mettre en exergue leurs avantages concurrentiels sur les march\u00e9s cibl\u00e9s. Et ce, \u00e0 travers la mise en \u0153uvre de plusieurs actions de communication adapt\u00e9es, ayant pour objectif, le renforcement du positionnement du produit d\u2019origine Maroc, la promotion de ses atouts et caract\u00e9ristiques qualitatives et le d\u00e9veloppement de sa notori\u00e9t\u00e9 en tant que produit de qualit\u00e9 premium aupr\u00e8s de la population cibl\u00e9e.<\/p>\n<p>Ces campagnes, sont \u00e9galement des opportunit\u00e9s de communication autour du professionnalisme de la chaine de valeur, amont et aval, par laquelle passe le produit marocain avant d\u2019atterrir les march\u00e9s d\u2019export et une r\u00e9elle occasion de pr\u00e9senter les efforts et le r\u00f4le des acteurs publiques et priv\u00e9s du secteur des produits agro-alimentaires dans le maintien et le renforcement de l\u2019image de la qualit\u00e9 du produit marocain \u00e0 l\u2019\u00e9chelle internationale.<\/p>","protected":false},"excerpt":{"rendered":"<p>Dans le but de promouvoir l\u2019origine Maroc et mettre en \u00e9vidence la qualit\u00e9 et la diversit\u00e9 des produits marocains \u00e0 l\u2019\u00e9chelle internationale. MOROCCO FOODEX lance des campagnes de communication sp\u00e9cialis\u00e9es, afin de communiquer davantage sur la qualit\u00e9 et la notori\u00e9t\u00e9 des produits agro-alimentaires marocains et mettre en exergue leurs avantages concurrentiels sur les march\u00e9s cibl\u00e9s. &hellip; <\/p>\n<p class=\"link-more\"><a href=\"https:\/\/www.moroccofoodex.org.ma\/fr\/promotion-des-exportations\/campagnes-de-communication\/\" class=\"more-link\">Continue reading<span class=\"screen-reader-text\"> &#8220;Campagnes de communication&#8221;<\/span><\/a><\/p>\n","protected":false},"author":1,"featured_media":0,"parent":40,"menu_order":22,"comment_status":"closed","ping_status":"closed","template":"","meta":[],"acf":[],"yoast_head":"<!-- This site is optimized with the Yoast SEO plugin v18.5.1 - https:\/\/yoast.com\/wordpress\/plugins\/seo\/ -->\n<title>Campagnes de communication - Morocco Foodex<\/title>\n<meta name=\"robots\" content=\"index, follow, max-snippet:-1, max-image-preview:large, max-video-preview:-1\" \/>\n<link rel=\"canonical\" href=\"https:\/\/www.moroccofoodex.org.ma\/promotion-des-exportations\/campagnes-de-communication\/\" \/>\n<meta property=\"og:locale\" content=\"fr_FR\" \/>\n<meta property=\"og:type\" content=\"article\" \/>\n<meta property=\"og:title\" content=\"[:fr]Campagnes de communication[:ar]\u062d\u0645\u0644\u0627\u062a \u0627\u0644\u062a\u0648\u0627\u0635\u0644 [:en]Communication Campaigns [:] - Morocco Foodex\" \/>\n<meta property=\"og:description\" content=\"Dans le but de promouvoir l\u2019origine Maroc et mettre en \u00e9vidence la qualit\u00e9 et la diversit\u00e9 des produits marocains \u00e0 l\u2019\u00e9chelle internationale. MOROCCO FOODEX lance des campagnes de communication sp\u00e9cialis\u00e9es, afin de communiquer davantage sur la qualit\u00e9 et la notori\u00e9t\u00e9 des produits agro-alimentaires marocains et mettre en exergue leurs avantages concurrentiels sur les march\u00e9s cibl\u00e9s. &hellip; Continue reading &quot;Campagnes de communication&quot;\" \/>\n<meta property=\"og:url\" content=\"https:\/\/www.moroccofoodex.org.ma\/promotion-des-exportations\/campagnes-de-communication\/\" \/>\n<meta property=\"og:site_name\" content=\"Morocco Foodex\" \/>\n<meta property=\"article:modified_time\" content=\"2020-05-08T15:29:46+00:00\" \/>\n<meta property=\"og:image\" content=\"https:\/\/www.moroccofoodex.org.ma\/\/wp-content\/uploads\/2019\/10\/campagnes-min.png\" \/>\n<meta name=\"twitter:card\" content=\"summary_large_image\" \/>\n<meta name=\"twitter:label1\" content=\"Est. reading time\" \/>\n\t<meta name=\"twitter:data1\" content=\"2 minutes\" \/>\n<script type=\"application\/ld+json\" class=\"yoast-schema-graph\">{\"@context\":\"https:\/\/schema.org\",\"@graph\":[{\"@type\":\"WebSite\",\"@id\":\"https:\/\/www.moroccofoodex.org.ma\/#website\",\"url\":\"https:\/\/www.moroccofoodex.org.ma\/\",\"name\":\"Morocco Foodex\",\"description\":\"\",\"potentialAction\":[{\"@type\":\"SearchAction\",\"target\":{\"@type\":\"EntryPoint\",\"urlTemplate\":\"https:\/\/www.moroccofoodex.org.ma\/?s={search_term_string}\"},\"query-input\":\"required name=search_term_string\"}],\"inLanguage\":\"fr\"},{\"@type\":\"ImageObject\",\"@id\":\"https:\/\/www.moroccofoodex.org.ma\/promotion-des-exportations\/campagnes-de-communication\/#primaryimage\",\"inLanguage\":\"fr\",\"url\":\"https:\/\/www.moroccofoodex.org.ma\/\/wp-content\/uploads\/2019\/10\/campagnes-min.png\",\"contentUrl\":\"https:\/\/www.moroccofoodex.org.ma\/\/wp-content\/uploads\/2019\/10\/campagnes-min.png\"},{\"@type\":\"WebPage\",\"@id\":\"https:\/\/www.moroccofoodex.org.ma\/promotion-des-exportations\/campagnes-de-communication\/#webpage\",\"url\":\"https:\/\/www.moroccofoodex.org.ma\/promotion-des-exportations\/campagnes-de-communication\/\",\"name\":\"[:fr]Campagnes de communication[:ar]\u062d\u0645\u0644\u0627\u062a \u0627\u0644\u062a\u0648\u0627\u0635\u0644 [:en]Communication Campaigns [:] - Morocco Foodex\",\"isPartOf\":{\"@id\":\"https:\/\/www.moroccofoodex.org.ma\/#website\"},\"primaryImageOfPage\":{\"@id\":\"https:\/\/www.moroccofoodex.org.ma\/promotion-des-exportations\/campagnes-de-communication\/#primaryimage\"},\"datePublished\":\"2019-10-31T07:34:25+00:00\",\"dateModified\":\"2020-05-08T15:29:46+00:00\",\"breadcrumb\":{\"@id\":\"https:\/\/www.moroccofoodex.org.ma\/promotion-des-exportations\/campagnes-de-communication\/#breadcrumb\"},\"inLanguage\":\"fr\",\"potentialAction\":[{\"@type\":\"ReadAction\",\"target\":[\"https:\/\/www.moroccofoodex.org.ma\/promotion-des-exportations\/campagnes-de-communication\/\"]}]},{\"@type\":\"BreadcrumbList\",\"@id\":\"https:\/\/www.moroccofoodex.org.ma\/promotion-des-exportations\/campagnes-de-communication\/#breadcrumb\",\"itemListElement\":[{\"@type\":\"ListItem\",\"position\":1,\"name\":\"Accueil\",\"item\":\"https:\/\/www.moroccofoodex.org.ma\/\"},{\"@type\":\"ListItem\",\"position\":2,\"name\":\"Promotion des exportations\",\"item\":\"https:\/\/www.moroccofoodex.org.ma\/promotion-des-exportations\/\"},{\"@type\":\"ListItem\",\"position\":3,\"name\":\"Campagnes de communication\"}]}]}<\/script>\n<!-- \/ Yoast SEO plugin. -->","yoast_head_json":{"title":"[:fr]Campagnes de communication[:ar]\u062d\u0645\u0644\u0627\u062a \u0627\u0644\u062a\u0648\u0627\u0635\u0644 [:en]Communication Campaigns [:] - Morocco Foodex","robots":{"index":"index","follow":"follow","max-snippet":"max-snippet:-1","max-image-preview":"max-image-preview:large","max-video-preview":"max-video-preview:-1"},"canonical":"https:\/\/www.moroccofoodex.org.ma\/promotion-des-exportations\/campagnes-de-communication\/","og_locale":"fr_FR","og_type":"article","og_title":"[:fr]Campagnes de communication[:ar]\u062d\u0645\u0644\u0627\u062a \u0627\u0644\u062a\u0648\u0627\u0635\u0644 [:en]Communication Campaigns [:] - Morocco Foodex","og_description":"Dans le but de promouvoir l\u2019origine Maroc et mettre en \u00e9vidence la qualit\u00e9 et la diversit\u00e9 des produits marocains \u00e0 l\u2019\u00e9chelle internationale. MOROCCO FOODEX lance des campagnes de communication sp\u00e9cialis\u00e9es, afin de communiquer davantage sur la qualit\u00e9 et la notori\u00e9t\u00e9 des produits agro-alimentaires marocains et mettre en exergue leurs avantages concurrentiels sur les march\u00e9s cibl\u00e9s. &hellip; Continue reading \"Campagnes de communication\"","og_url":"https:\/\/www.moroccofoodex.org.ma\/promotion-des-exportations\/campagnes-de-communication\/","og_site_name":"Morocco Foodex","article_modified_time":"2020-05-08T15:29:46+00:00","og_image":[{"url":"https:\/\/www.moroccofoodex.org.ma\/\/wp-content\/uploads\/2019\/10\/campagnes-min.png"}],"twitter_card":"summary_large_image","twitter_misc":{"Est. reading time":"2 minutes"},"schema":{"@context":"https:\/\/schema.org","@graph":[{"@type":"WebSite","@id":"https:\/\/www.moroccofoodex.org.ma\/#website","url":"https:\/\/www.moroccofoodex.org.ma\/","name":"Morocco Foodex","description":"","potentialAction":[{"@type":"SearchAction","target":{"@type":"EntryPoint","urlTemplate":"https:\/\/www.moroccofoodex.org.ma\/?s={search_term_string}"},"query-input":"required name=search_term_string"}],"inLanguage":"fr"},{"@type":"ImageObject","@id":"https:\/\/www.moroccofoodex.org.ma\/promotion-des-exportations\/campagnes-de-communication\/#primaryimage","inLanguage":"fr","url":"https:\/\/www.moroccofoodex.org.ma\/\/wp-content\/uploads\/2019\/10\/campagnes-min.png","contentUrl":"https:\/\/www.moroccofoodex.org.ma\/\/wp-content\/uploads\/2019\/10\/campagnes-min.png"},{"@type":"WebPage","@id":"https:\/\/www.moroccofoodex.org.ma\/promotion-des-exportations\/campagnes-de-communication\/#webpage","url":"https:\/\/www.moroccofoodex.org.ma\/promotion-des-exportations\/campagnes-de-communication\/","name":"[:fr]Campagnes de communication[:ar]\u062d\u0645\u0644\u0627\u062a \u0627\u0644\u062a\u0648\u0627\u0635\u0644 [:en]Communication Campaigns [:] - Morocco Foodex","isPartOf":{"@id":"https:\/\/www.moroccofoodex.org.ma\/#website"},"primaryImageOfPage":{"@id":"https:\/\/www.moroccofoodex.org.ma\/promotion-des-exportations\/campagnes-de-communication\/#primaryimage"},"datePublished":"2019-10-31T07:34:25+00:00","dateModified":"2020-05-08T15:29:46+00:00","breadcrumb":{"@id":"https:\/\/www.moroccofoodex.org.ma\/promotion-des-exportations\/campagnes-de-communication\/#breadcrumb"},"inLanguage":"fr","potentialAction":[{"@type":"ReadAction","target":["https:\/\/www.moroccofoodex.org.ma\/promotion-des-exportations\/campagnes-de-communication\/"]}]},{"@type":"BreadcrumbList","@id":"https:\/\/www.moroccofoodex.org.ma\/promotion-des-exportations\/campagnes-de-communication\/#breadcrumb","itemListElement":[{"@type":"ListItem","position":1,"name":"Accueil","item":"https:\/\/www.moroccofoodex.org.ma\/"},{"@type":"ListItem","position":2,"name":"Promotion des exportations","item":"https:\/\/www.moroccofoodex.org.ma\/promotion-des-exportations\/"},{"@type":"ListItem","position":3,"name":"Campagnes de communication"}]}]}},"_links":{"self":[{"href":"https:\/\/www.moroccofoodex.org.ma\/fr\/wp-json\/wp\/v2\/pages\/377"}],"collection":[{"href":"https:\/\/www.moroccofoodex.org.ma\/fr\/wp-json\/wp\/v2\/pages"}],"about":[{"href":"https:\/\/www.moroccofoodex.org.ma\/fr\/wp-json\/wp\/v2\/types\/page"}],"author":[{"embeddable":true,"href":"https:\/\/www.moroccofoodex.org.ma\/fr\/wp-json\/wp\/v2\/users\/1"}],"replies":[{"embeddable":true,"href":"https:\/\/www.moroccofoodex.org.ma\/fr\/wp-json\/wp\/v2\/comments?post=377"}],"version-history":[{"count":16,"href":"https:\/\/www.moroccofoodex.org.ma\/fr\/wp-json\/wp\/v2\/pages\/377\/revisions"}],"predecessor-version":[{"id":2110,"href":"https:\/\/www.moroccofoodex.org.ma\/fr\/wp-json\/wp\/v2\/pages\/377\/revisions\/2110"}],"up":[{"embeddable":true,"href":"https:\/\/www.moroccofoodex.org.ma\/fr\/wp-json\/wp\/v2\/pages\/40"}],"wp:attachment":[{"href":"https:\/\/www.moroccofoodex.org.ma\/fr\/wp-json\/wp\/v2\/media?parent=377"}],"curies":[{"name":"wp","href":"https:\/\/api.w.org\/{rel}","templated":true}]}}