{"id":38,"date":"2019-10-23T12:19:54","date_gmt":"2019-10-23T10:19:54","guid":{"rendered":"https:\/\/www.moroccofoodex.org.ma\/\/?page_id=38"},"modified":"2020-05-21T13:52:05","modified_gmt":"2020-05-21T11:52:05","slug":"coordination-des-exportations","status":"publish","type":"page","link":"https:\/\/www.moroccofoodex.org.ma\/fr\/business-intelligence\/coordination-des-exportations\/","title":{"rendered":"Coordination des exportations"},"content":{"rendered":"<p>Cette mission s\u2019est davantage impos\u00e9e suite au d\u00e9veloppement de la l\u00e9gislation technique et commerciale des pays importateurs.\u00a0 Elle consiste principalement \u00e0\u00a0animer des comit\u00e9s sectoriels sp\u00e9cialis\u00e9s de coordination qui regroupent les producteurs \u2013 exportateurs et les institutionnels du secteur.<\/p>\n<p>Ces comit\u00e9s sectoriels sp\u00e9cialis\u00e9s sont cr\u00e9\u00e9s par le Conseil d\u2019Administration afin de faciliter la concertation entre les op\u00e9rateurs, de consolider l\u2019offre marocaine et d\u2019accro\u00eetre la comp\u00e9titivit\u00e9 et la qualit\u00e9 des produits.<\/p>\n<p>La composition et les modalit\u00e9s de fonctionnement des comit\u00e9s sectoriels sp\u00e9cialis\u00e9s sont fix\u00e9es par le Conseil d\u2019Administration. Le comit\u00e9, pr\u00e9sid\u00e9 par Morocco Foodex, est compos\u00e9 de partenaire public et priv\u00e9 et est souvent assist\u00e9 par des personnes physiques ou morales connues par leur comp\u00e9tence ou leur exp\u00e9rience et\/ou expertise dans les domaines concern\u00e9s.<\/p>\n<p>En effet, les comit\u00e9s de coordination op\u00e9rationnels sont\u00a0:<\/p>","protected":false},"excerpt":{"rendered":"<p>Cette mission s\u2019est davantage impos\u00e9e suite au d\u00e9veloppement de la l\u00e9gislation technique et commerciale des pays importateurs.\u00a0 Elle consiste principalement \u00e0\u00a0animer des comit\u00e9s sectoriels sp\u00e9cialis\u00e9s de coordination qui regroupent les producteurs \u2013 exportateurs et les institutionnels du secteur. Ces comit\u00e9s sectoriels sp\u00e9cialis\u00e9s sont cr\u00e9\u00e9s par le Conseil d\u2019Administration afin de faciliter la concertation entre les &hellip; <\/p>\n<p class=\"link-more\"><a href=\"https:\/\/www.moroccofoodex.org.ma\/fr\/business-intelligence\/coordination-des-exportations\/\" class=\"more-link\">Continue reading<span class=\"screen-reader-text\"> &#8220;Coordination des exportations&#8221;<\/span><\/a><\/p>\n","protected":false},"author":1,"featured_media":0,"parent":34,"menu_order":29,"comment_status":"closed","ping_status":"closed","template":"","meta":[],"acf":[],"yoast_head":"<!-- This site is optimized with the Yoast SEO plugin v18.5.1 - https:\/\/yoast.com\/wordpress\/plugins\/seo\/ -->\n<title>Coordination des exportations - Morocco Foodex<\/title>\n<meta name=\"robots\" content=\"index, follow, max-snippet:-1, max-image-preview:large, max-video-preview:-1\" \/>\n<link rel=\"canonical\" href=\"https:\/\/www.moroccofoodex.org.ma\/business-intelligence\/coordination-des-exportations\/\" \/>\n<meta property=\"og:locale\" content=\"fr_FR\" \/>\n<meta property=\"og:type\" content=\"article\" \/>\n<meta property=\"og:title\" content=\"[:fr]Coordination des exportations[:ar]\u062a\u0646\u0633\u064a\u0642 \u0627\u0644\u0635\u0627\u062f\u0631\u0627\u062a [:en]Export Coordination [:] - Morocco Foodex\" \/>\n<meta property=\"og:description\" content=\"Cette mission s\u2019est davantage impos\u00e9e suite au d\u00e9veloppement de la l\u00e9gislation technique et commerciale des pays importateurs.\u00a0 Elle consiste principalement \u00e0\u00a0animer des comit\u00e9s sectoriels sp\u00e9cialis\u00e9s de coordination qui regroupent les producteurs \u2013 exportateurs et les institutionnels du secteur. Ces comit\u00e9s sectoriels sp\u00e9cialis\u00e9s sont cr\u00e9\u00e9s par le Conseil d\u2019Administration afin de faciliter la concertation entre les &hellip; Continue reading &quot;Coordination des exportations&quot;\" \/>\n<meta property=\"og:url\" content=\"https:\/\/www.moroccofoodex.org.ma\/business-intelligence\/coordination-des-exportations\/\" \/>\n<meta property=\"og:site_name\" content=\"Morocco Foodex\" \/>\n<meta property=\"article:modified_time\" content=\"2020-05-21T11:52:05+00:00\" \/>\n<meta name=\"twitter:card\" content=\"summary_large_image\" \/>\n<meta name=\"twitter:label1\" content=\"Est. reading time\" \/>\n\t<meta name=\"twitter:data1\" content=\"1 minute\" \/>\n<script type=\"application\/ld+json\" class=\"yoast-schema-graph\">{\"@context\":\"https:\/\/schema.org\",\"@graph\":[{\"@type\":\"WebSite\",\"@id\":\"https:\/\/www.moroccofoodex.org.ma\/#website\",\"url\":\"https:\/\/www.moroccofoodex.org.ma\/\",\"name\":\"Morocco Foodex\",\"description\":\"\",\"potentialAction\":[{\"@type\":\"SearchAction\",\"target\":{\"@type\":\"EntryPoint\",\"urlTemplate\":\"https:\/\/www.moroccofoodex.org.ma\/?s={search_term_string}\"},\"query-input\":\"required name=search_term_string\"}],\"inLanguage\":\"fr\"},{\"@type\":\"WebPage\",\"@id\":\"https:\/\/www.moroccofoodex.org.ma\/business-intelligence\/coordination-des-exportations\/#webpage\",\"url\":\"https:\/\/www.moroccofoodex.org.ma\/business-intelligence\/coordination-des-exportations\/\",\"name\":\"[:fr]Coordination des exportations[:ar]\u062a\u0646\u0633\u064a\u0642 \u0627\u0644\u0635\u0627\u062f\u0631\u0627\u062a [:en]Export Coordination [:] - Morocco Foodex\",\"isPartOf\":{\"@id\":\"https:\/\/www.moroccofoodex.org.ma\/#website\"},\"datePublished\":\"2019-10-23T10:19:54+00:00\",\"dateModified\":\"2020-05-21T11:52:05+00:00\",\"breadcrumb\":{\"@id\":\"https:\/\/www.moroccofoodex.org.ma\/business-intelligence\/coordination-des-exportations\/#breadcrumb\"},\"inLanguage\":\"fr\",\"potentialAction\":[{\"@type\":\"ReadAction\",\"target\":[\"https:\/\/www.moroccofoodex.org.ma\/business-intelligence\/coordination-des-exportations\/\"]}]},{\"@type\":\"BreadcrumbList\",\"@id\":\"https:\/\/www.moroccofoodex.org.ma\/business-intelligence\/coordination-des-exportations\/#breadcrumb\",\"itemListElement\":[{\"@type\":\"ListItem\",\"position\":1,\"name\":\"Accueil\",\"item\":\"https:\/\/www.moroccofoodex.org.ma\/\"},{\"@type\":\"ListItem\",\"position\":2,\"name\":\"Business intelligence\",\"item\":\"https:\/\/www.moroccofoodex.org.ma\/business-intelligence\/\"},{\"@type\":\"ListItem\",\"position\":3,\"name\":\"Coordination des exportations\"}]}]}<\/script>\n<!-- \/ Yoast SEO plugin. -->","yoast_head_json":{"title":"[:fr]Coordination des exportations[:ar]\u062a\u0646\u0633\u064a\u0642 \u0627\u0644\u0635\u0627\u062f\u0631\u0627\u062a [:en]Export Coordination [:] - Morocco Foodex","robots":{"index":"index","follow":"follow","max-snippet":"max-snippet:-1","max-image-preview":"max-image-preview:large","max-video-preview":"max-video-preview:-1"},"canonical":"https:\/\/www.moroccofoodex.org.ma\/business-intelligence\/coordination-des-exportations\/","og_locale":"fr_FR","og_type":"article","og_title":"[:fr]Coordination des exportations[:ar]\u062a\u0646\u0633\u064a\u0642 \u0627\u0644\u0635\u0627\u062f\u0631\u0627\u062a [:en]Export Coordination [:] - Morocco Foodex","og_description":"Cette mission s\u2019est davantage impos\u00e9e suite au d\u00e9veloppement de la l\u00e9gislation technique et commerciale des pays importateurs.\u00a0 Elle consiste principalement \u00e0\u00a0animer des comit\u00e9s sectoriels sp\u00e9cialis\u00e9s de coordination qui regroupent les producteurs \u2013 exportateurs et les institutionnels du secteur. Ces comit\u00e9s sectoriels sp\u00e9cialis\u00e9s sont cr\u00e9\u00e9s par le Conseil d\u2019Administration afin de faciliter la concertation entre les &hellip; Continue reading \"Coordination des exportations\"","og_url":"https:\/\/www.moroccofoodex.org.ma\/business-intelligence\/coordination-des-exportations\/","og_site_name":"Morocco Foodex","article_modified_time":"2020-05-21T11:52:05+00:00","twitter_card":"summary_large_image","twitter_misc":{"Est. reading time":"1 minute"},"schema":{"@context":"https:\/\/schema.org","@graph":[{"@type":"WebSite","@id":"https:\/\/www.moroccofoodex.org.ma\/#website","url":"https:\/\/www.moroccofoodex.org.ma\/","name":"Morocco Foodex","description":"","potentialAction":[{"@type":"SearchAction","target":{"@type":"EntryPoint","urlTemplate":"https:\/\/www.moroccofoodex.org.ma\/?s={search_term_string}"},"query-input":"required name=search_term_string"}],"inLanguage":"fr"},{"@type":"WebPage","@id":"https:\/\/www.moroccofoodex.org.ma\/business-intelligence\/coordination-des-exportations\/#webpage","url":"https:\/\/www.moroccofoodex.org.ma\/business-intelligence\/coordination-des-exportations\/","name":"[:fr]Coordination des exportations[:ar]\u062a\u0646\u0633\u064a\u0642 \u0627\u0644\u0635\u0627\u062f\u0631\u0627\u062a [:en]Export Coordination [:] - Morocco Foodex","isPartOf":{"@id":"https:\/\/www.moroccofoodex.org.ma\/#website"},"datePublished":"2019-10-23T10:19:54+00:00","dateModified":"2020-05-21T11:52:05+00:00","breadcrumb":{"@id":"https:\/\/www.moroccofoodex.org.ma\/business-intelligence\/coordination-des-exportations\/#breadcrumb"},"inLanguage":"fr","potentialAction":[{"@type":"ReadAction","target":["https:\/\/www.moroccofoodex.org.ma\/business-intelligence\/coordination-des-exportations\/"]}]},{"@type":"BreadcrumbList","@id":"https:\/\/www.moroccofoodex.org.ma\/business-intelligence\/coordination-des-exportations\/#breadcrumb","itemListElement":[{"@type":"ListItem","position":1,"name":"Accueil","item":"https:\/\/www.moroccofoodex.org.ma\/"},{"@type":"ListItem","position":2,"name":"Business intelligence","item":"https:\/\/www.moroccofoodex.org.ma\/business-intelligence\/"},{"@type":"ListItem","position":3,"name":"Coordination des exportations"}]}]}},"_links":{"self":[{"href":"https:\/\/www.moroccofoodex.org.ma\/fr\/wp-json\/wp\/v2\/pages\/38"}],"collection":[{"href":"https:\/\/www.moroccofoodex.org.ma\/fr\/wp-json\/wp\/v2\/pages"}],"about":[{"href":"https:\/\/www.moroccofoodex.org.ma\/fr\/wp-json\/wp\/v2\/types\/page"}],"author":[{"embeddable":true,"href":"https:\/\/www.moroccofoodex.org.ma\/fr\/wp-json\/wp\/v2\/users\/1"}],"replies":[{"embeddable":true,"href":"https:\/\/www.moroccofoodex.org.ma\/fr\/wp-json\/wp\/v2\/comments?post=38"}],"version-history":[{"count":27,"href":"https:\/\/www.moroccofoodex.org.ma\/fr\/wp-json\/wp\/v2\/pages\/38\/revisions"}],"predecessor-version":[{"id":2192,"href":"https:\/\/www.moroccofoodex.org.ma\/fr\/wp-json\/wp\/v2\/pages\/38\/revisions\/2192"}],"up":[{"embeddable":true,"href":"https:\/\/www.moroccofoodex.org.ma\/fr\/wp-json\/wp\/v2\/pages\/34"}],"wp:attachment":[{"href":"https:\/\/www.moroccofoodex.org.ma\/fr\/wp-json\/wp\/v2\/media?parent=38"}],"curies":[{"name":"wp","href":"https:\/\/api.w.org\/{rel}","templated":true}]}}