{"id":44,"date":"2019-10-23T12:21:31","date_gmt":"2019-10-23T10:21:31","guid":{"rendered":"https:\/\/www.moroccofoodex.org.ma\/\/?page_id=44"},"modified":"2021-11-30T16:31:26","modified_gmt":"2021-11-30T15:31:26","slug":"salons-professionnels","status":"publish","type":"page","link":"https:\/\/www.moroccofoodex.org.ma\/fr\/promotion-des-exportations\/salons-professionnels\/","title":{"rendered":"Salons professionnels"},"content":{"rendered":"<p><strong>MOROCCO FOODEX<\/strong> r\u00e9alise chaque ann\u00e9e des actions cibl\u00e9es de promotion et de d\u00e9veloppement des exportations, r\u00e9pondant aux attentes et ambitions des acteurs publics et priv\u00e9s du secteur\u00a0 des produits agroalimentaires et maritimes, en l\u2019occurrence, l\u2019organisation de la participation marocaine aux salons professionnels sp\u00e9cialis\u00e9s \u00e0 l\u2019\u00e9chelle international.<\/p>","protected":false},"excerpt":{"rendered":"<p>MOROCCO FOODEX r\u00e9alise chaque ann\u00e9e des actions cibl\u00e9es de promotion et de d\u00e9veloppement des exportations, r\u00e9pondant aux attentes et ambitions des acteurs publics et priv\u00e9s du secteur\u00a0 des produits agroalimentaires et maritimes, en l\u2019occurrence, l\u2019organisation de la participation marocaine aux salons professionnels sp\u00e9cialis\u00e9s \u00e0 l\u2019\u00e9chelle international.<\/p>\n","protected":false},"author":1,"featured_media":0,"parent":40,"menu_order":25,"comment_status":"closed","ping_status":"closed","template":"page-salons.php","meta":[],"acf":[],"yoast_head":"<!-- This site is optimized with the Yoast SEO plugin v18.5.1 - https:\/\/yoast.com\/wordpress\/plugins\/seo\/ -->\n<title>Salons professionnels - Morocco Foodex<\/title>\n<meta name=\"robots\" content=\"index, follow, max-snippet:-1, max-image-preview:large, max-video-preview:-1\" \/>\n<link rel=\"canonical\" href=\"https:\/\/www.moroccofoodex.org.ma\/promotion-des-exportations\/salons-professionnels\/\" \/>\n<meta property=\"og:locale\" content=\"fr_FR\" \/>\n<meta property=\"og:type\" content=\"article\" \/>\n<meta property=\"og:title\" content=\"[:fr]Salons professionnels[:ar]\u0627\u0644\u0645\u0639\u0627\u0631\u0636 \u0627\u0644\u0645\u0647\u0646\u064a\u0629[:en]Trade Fairs [:] - Morocco Foodex\" \/>\n<meta property=\"og:description\" content=\"MOROCCO FOODEX r\u00e9alise chaque ann\u00e9e des actions cibl\u00e9es de promotion et de d\u00e9veloppement des exportations, r\u00e9pondant aux attentes et ambitions des acteurs publics et priv\u00e9s du secteur\u00a0 des produits agroalimentaires et maritimes, en l\u2019occurrence, l\u2019organisation de la participation marocaine aux salons professionnels sp\u00e9cialis\u00e9s \u00e0 l\u2019\u00e9chelle international.\" \/>\n<meta property=\"og:url\" content=\"https:\/\/www.moroccofoodex.org.ma\/promotion-des-exportations\/salons-professionnels\/\" \/>\n<meta property=\"og:site_name\" content=\"Morocco Foodex\" \/>\n<meta property=\"article:modified_time\" content=\"2021-11-30T15:31:26+00:00\" \/>\n<meta name=\"twitter:card\" content=\"summary_large_image\" \/>\n<meta name=\"twitter:label1\" content=\"Est. reading time\" \/>\n\t<meta name=\"twitter:data1\" content=\"1 minute\" \/>\n<script type=\"application\/ld+json\" class=\"yoast-schema-graph\">{\"@context\":\"https:\/\/schema.org\",\"@graph\":[{\"@type\":\"WebSite\",\"@id\":\"https:\/\/www.moroccofoodex.org.ma\/#website\",\"url\":\"https:\/\/www.moroccofoodex.org.ma\/\",\"name\":\"Morocco Foodex\",\"description\":\"\",\"potentialAction\":[{\"@type\":\"SearchAction\",\"target\":{\"@type\":\"EntryPoint\",\"urlTemplate\":\"https:\/\/www.moroccofoodex.org.ma\/?s={search_term_string}\"},\"query-input\":\"required name=search_term_string\"}],\"inLanguage\":\"fr\"},{\"@type\":\"WebPage\",\"@id\":\"https:\/\/www.moroccofoodex.org.ma\/promotion-des-exportations\/salons-professionnels\/#webpage\",\"url\":\"https:\/\/www.moroccofoodex.org.ma\/promotion-des-exportations\/salons-professionnels\/\",\"name\":\"[:fr]Salons professionnels[:ar]\u0627\u0644\u0645\u0639\u0627\u0631\u0636 \u0627\u0644\u0645\u0647\u0646\u064a\u0629[:en]Trade Fairs [:] - Morocco Foodex\",\"isPartOf\":{\"@id\":\"https:\/\/www.moroccofoodex.org.ma\/#website\"},\"datePublished\":\"2019-10-23T10:21:31+00:00\",\"dateModified\":\"2021-11-30T15:31:26+00:00\",\"breadcrumb\":{\"@id\":\"https:\/\/www.moroccofoodex.org.ma\/promotion-des-exportations\/salons-professionnels\/#breadcrumb\"},\"inLanguage\":\"fr\",\"potentialAction\":[{\"@type\":\"ReadAction\",\"target\":[\"https:\/\/www.moroccofoodex.org.ma\/promotion-des-exportations\/salons-professionnels\/\"]}]},{\"@type\":\"BreadcrumbList\",\"@id\":\"https:\/\/www.moroccofoodex.org.ma\/promotion-des-exportations\/salons-professionnels\/#breadcrumb\",\"itemListElement\":[{\"@type\":\"ListItem\",\"position\":1,\"name\":\"Accueil\",\"item\":\"https:\/\/www.moroccofoodex.org.ma\/\"},{\"@type\":\"ListItem\",\"position\":2,\"name\":\"Promotion des exportations\",\"item\":\"https:\/\/www.moroccofoodex.org.ma\/promotion-des-exportations\/\"},{\"@type\":\"ListItem\",\"position\":3,\"name\":\"Salons professionnels\"}]}]}<\/script>\n<!-- \/ Yoast SEO plugin. -->","yoast_head_json":{"title":"[:fr]Salons professionnels[:ar]\u0627\u0644\u0645\u0639\u0627\u0631\u0636 \u0627\u0644\u0645\u0647\u0646\u064a\u0629[:en]Trade Fairs [:] - Morocco Foodex","robots":{"index":"index","follow":"follow","max-snippet":"max-snippet:-1","max-image-preview":"max-image-preview:large","max-video-preview":"max-video-preview:-1"},"canonical":"https:\/\/www.moroccofoodex.org.ma\/promotion-des-exportations\/salons-professionnels\/","og_locale":"fr_FR","og_type":"article","og_title":"[:fr]Salons professionnels[:ar]\u0627\u0644\u0645\u0639\u0627\u0631\u0636 \u0627\u0644\u0645\u0647\u0646\u064a\u0629[:en]Trade Fairs [:] - Morocco Foodex","og_description":"MOROCCO FOODEX r\u00e9alise chaque ann\u00e9e des actions cibl\u00e9es de promotion et de d\u00e9veloppement des exportations, r\u00e9pondant aux attentes et ambitions des acteurs publics et priv\u00e9s du secteur\u00a0 des produits agroalimentaires et maritimes, en l\u2019occurrence, l\u2019organisation de la participation marocaine aux salons professionnels sp\u00e9cialis\u00e9s \u00e0 l\u2019\u00e9chelle international.","og_url":"https:\/\/www.moroccofoodex.org.ma\/promotion-des-exportations\/salons-professionnels\/","og_site_name":"Morocco Foodex","article_modified_time":"2021-11-30T15:31:26+00:00","twitter_card":"summary_large_image","twitter_misc":{"Est. reading time":"1 minute"},"schema":{"@context":"https:\/\/schema.org","@graph":[{"@type":"WebSite","@id":"https:\/\/www.moroccofoodex.org.ma\/#website","url":"https:\/\/www.moroccofoodex.org.ma\/","name":"Morocco Foodex","description":"","potentialAction":[{"@type":"SearchAction","target":{"@type":"EntryPoint","urlTemplate":"https:\/\/www.moroccofoodex.org.ma\/?s={search_term_string}"},"query-input":"required name=search_term_string"}],"inLanguage":"fr"},{"@type":"WebPage","@id":"https:\/\/www.moroccofoodex.org.ma\/promotion-des-exportations\/salons-professionnels\/#webpage","url":"https:\/\/www.moroccofoodex.org.ma\/promotion-des-exportations\/salons-professionnels\/","name":"[:fr]Salons professionnels[:ar]\u0627\u0644\u0645\u0639\u0627\u0631\u0636 \u0627\u0644\u0645\u0647\u0646\u064a\u0629[:en]Trade Fairs [:] - Morocco Foodex","isPartOf":{"@id":"https:\/\/www.moroccofoodex.org.ma\/#website"},"datePublished":"2019-10-23T10:21:31+00:00","dateModified":"2021-11-30T15:31:26+00:00","breadcrumb":{"@id":"https:\/\/www.moroccofoodex.org.ma\/promotion-des-exportations\/salons-professionnels\/#breadcrumb"},"inLanguage":"fr","potentialAction":[{"@type":"ReadAction","target":["https:\/\/www.moroccofoodex.org.ma\/promotion-des-exportations\/salons-professionnels\/"]}]},{"@type":"BreadcrumbList","@id":"https:\/\/www.moroccofoodex.org.ma\/promotion-des-exportations\/salons-professionnels\/#breadcrumb","itemListElement":[{"@type":"ListItem","position":1,"name":"Accueil","item":"https:\/\/www.moroccofoodex.org.ma\/"},{"@type":"ListItem","position":2,"name":"Promotion des exportations","item":"https:\/\/www.moroccofoodex.org.ma\/promotion-des-exportations\/"},{"@type":"ListItem","position":3,"name":"Salons professionnels"}]}]}},"_links":{"self":[{"href":"https:\/\/www.moroccofoodex.org.ma\/fr\/wp-json\/wp\/v2\/pages\/44"}],"collection":[{"href":"https:\/\/www.moroccofoodex.org.ma\/fr\/wp-json\/wp\/v2\/pages"}],"about":[{"href":"https:\/\/www.moroccofoodex.org.ma\/fr\/wp-json\/wp\/v2\/types\/page"}],"author":[{"embeddable":true,"href":"https:\/\/www.moroccofoodex.org.ma\/fr\/wp-json\/wp\/v2\/users\/1"}],"replies":[{"embeddable":true,"href":"https:\/\/www.moroccofoodex.org.ma\/fr\/wp-json\/wp\/v2\/comments?post=44"}],"version-history":[{"count":22,"href":"https:\/\/www.moroccofoodex.org.ma\/fr\/wp-json\/wp\/v2\/pages\/44\/revisions"}],"predecessor-version":[{"id":3054,"href":"https:\/\/www.moroccofoodex.org.ma\/fr\/wp-json\/wp\/v2\/pages\/44\/revisions\/3054"}],"up":[{"embeddable":true,"href":"https:\/\/www.moroccofoodex.org.ma\/fr\/wp-json\/wp\/v2\/pages\/40"}],"wp:attachment":[{"href":"https:\/\/www.moroccofoodex.org.ma\/fr\/wp-json\/wp\/v2\/media?parent=44"}],"curies":[{"name":"wp","href":"https:\/\/api.w.org\/{rel}","templated":true}]}}