{"id":46,"date":"2019-10-23T12:22:01","date_gmt":"2019-10-23T10:22:01","guid":{"rendered":"https:\/\/www.moroccofoodex.org.ma\/\/?page_id=46"},"modified":"2020-08-05T16:09:15","modified_gmt":"2020-08-05T14:09:15","slug":"etre-accompagne","status":"publish","type":"page","link":"https:\/\/www.moroccofoodex.org.ma\/fr\/morocco-foodex\/etre-accompagne\/","title":{"rendered":"\u00catre accompagn\u00e9"},"content":{"rendered":"<p><strong>Vous souhaitez effectuer votre premi\u00e8re op\u00e9ration d\u2019export des produits Agro-alimentaires et maritimes, et vous avez besoin d\u2019un accompagnement\u00a0?<\/strong><\/p>\n<h3>BIENVENUS AU CAP\u2019EXPORT\u00a0!<\/h3>\n<p><img decoding=\"async\" loading=\"lazy\" class=\"size-full wp-image-1270 aligncenter\" src=\"https:\/\/www.moroccofoodex.org.ma\/wp-content\/uploads\/2019\/12\/capexport.png\" alt=\"\" width=\"214\" height=\"156\" \/><\/p>\n<p>Lanc\u00e9 officiellement en mars 2017, CAP\u2019EXPORT, le centre de r\u00e9f\u00e9rence d\u2019accompagnement des petits et moyens exportateurs, a \u00e9t\u00e9 mis \u00e0 la disposition des op\u00e9rateurs marocains d\u00e9sirant conqu\u00e9rir le march\u00e9 international.<\/p>\n<p><strong><span style=\"color: #339966;\"><a style=\"color: #339966;\" href=\"mailto:capexport@mfoodex.ma\">capexport@mfoodex.ma\u00a0<\/a><\/span><\/strong><\/p>\n<p><strong>Le centre CAP\u2019EXPORT a comme mandat<\/strong> :<\/p>\n<ul>\n<li>L\u2019orientation des primo-exportateurs dans les diff\u00e9rentes d\u00e9marches d\u2019exportation,<\/li>\n<li>L\u2019appui et le soutien des PME pour l\u2019obtention de l\u2019agr\u00e9ment <strong>MOROCCO FOODEX<\/strong>,<\/li>\n<li>L\u2019information des primo-exportateurs sur les conditions d\u2019acc\u00e8s aux diff\u00e9rents march\u00e9s,<\/li>\n<li>L\u2019animation des formations cibl\u00e9es et pratiques relatives aux exigences normatives et r\u00e9glementaires exig\u00e9es par les pays de destination et les syst\u00e8mes de management de la qualit\u00e9,<\/li>\n<li>La r\u00e9alisation des missions de diagnostic \u00e0 l\u2019export.<\/li>\n<\/ul>\n<p>Ainsi, pour d\u00e9velopper les outils servant \u00e0 bien orienter et informer les primo- exportateurs, un projet de site Web convivial sur les conditions d\u2019acc\u00e8s aux march\u00e9s a \u00e9t\u00e9 mis en place. Ce site a pour objectif d\u2019informer les op\u00e9rateurs sur les conditions r\u00e9glementaires et tarifaires pour acc\u00e9der aux march\u00e9s internationaux. Aussi, il offrira des indications sur la taille de march\u00e9 des pays cibles.<\/p>\n<p>En effet, le site sur les conditions d\u2019acc\u00e8s offrira les informations pour les principaux produits export\u00e9s par le Maroc et \u00e0 destination des principaux march\u00e9s. Ainsi, en analysant la configuration des exportations agroalimentaires marocaines une liste de 300 couples produits\/march\u00e9s prioritaires a \u00e9t\u00e9 s\u00e9lectionn\u00e9e.<\/p>\n<p>A cet \u00e9gard, le site permettra la collecte, la centralisation et la mise \u00e0 jour en continue des informations sur les principaux produits export\u00e9s et march\u00e9s cibles du Maroc afin de constituer \u00e0 terme, une base de donn\u00e9es sur les march\u00e9s internationaux.<\/p>\n<p><strong>En quelques clics, les PME peuvent v\u00e9rifier les<\/strong> :<\/p>\n<ul>\n<li>Conditions r\u00e9glementaires : comprenant des informations sur les conditions d\u2019acc\u00e8s tarifaires aux march\u00e9s.<\/li>\n<li>Conditions techniques : faisant le point sur les normes, r\u00e8glements et textes techniques n\u00e9cessaires \u00e0 l\u2019acc\u00e8s aux march\u00e9s internationaux<\/li>\n<li>Conditions commerciales : donnant un aper\u00e7u sur les importations du march\u00e9 en question et les pays concurrents<\/li>\n<\/ul>\n<p><\/p>","protected":false},"excerpt":{"rendered":"<p>Vous souhaitez effectuer votre premi\u00e8re op\u00e9ration d\u2019export des produits Agro-alimentaires et maritimes, et vous avez besoin d\u2019un accompagnement\u00a0? BIENVENUS AU CAP\u2019EXPORT\u00a0! Lanc\u00e9 officiellement en mars 2017, CAP\u2019EXPORT, le centre de r\u00e9f\u00e9rence d\u2019accompagnement des petits et moyens exportateurs, a \u00e9t\u00e9 mis \u00e0 la disposition des op\u00e9rateurs marocains d\u00e9sirant conqu\u00e9rir le march\u00e9 international. capexport@mfoodex.ma\u00a0 Le centre CAP\u2019EXPORT &hellip; <\/p>\n<p class=\"link-more\"><a href=\"https:\/\/www.moroccofoodex.org.ma\/fr\/morocco-foodex\/etre-accompagne\/\" class=\"more-link\">Continue reading<span class=\"screen-reader-text\"> &#8220;\u00catre accompagn\u00e9&#8221;<\/span><\/a><\/p>\n","protected":false},"author":1,"featured_media":1761,"parent":7,"menu_order":47,"comment_status":"closed","ping_status":"closed","template":"","meta":[],"acf":[],"yoast_head":"<!-- This site is optimized with the Yoast SEO plugin v18.5.1 - https:\/\/yoast.com\/wordpress\/plugins\/seo\/ -->\n<title>\u00catre accompagn\u00e9 - Morocco Foodex<\/title>\n<meta name=\"robots\" content=\"index, follow, max-snippet:-1, max-image-preview:large, max-video-preview:-1\" \/>\n<link rel=\"canonical\" href=\"https:\/\/www.moroccofoodex.org.ma\/morocco-foodex\/etre-accompagne\/\" \/>\n<meta property=\"og:locale\" content=\"fr_FR\" \/>\n<meta property=\"og:type\" content=\"article\" \/>\n<meta property=\"og:title\" content=\"[:fr]\u00catre accompagn\u00e9[:ar]\u0644\u0645\u0631\u0627\u0641\u0642\u062a\u0643[:en]To be accompanied[:] - Morocco Foodex\" \/>\n<meta property=\"og:description\" content=\"Vous souhaitez effectuer votre premi\u00e8re op\u00e9ration d\u2019export des produits Agro-alimentaires et maritimes, et vous avez besoin d\u2019un accompagnement\u00a0? BIENVENUS AU CAP\u2019EXPORT\u00a0! Lanc\u00e9 officiellement en mars 2017, CAP\u2019EXPORT, le centre de r\u00e9f\u00e9rence d\u2019accompagnement des petits et moyens exportateurs, a \u00e9t\u00e9 mis \u00e0 la disposition des op\u00e9rateurs marocains d\u00e9sirant conqu\u00e9rir le march\u00e9 international. capexport@mfoodex.ma\u00a0 Le centre CAP\u2019EXPORT &hellip; Continue reading &quot;\u00catre accompagn\u00e9&quot;\" \/>\n<meta property=\"og:url\" content=\"https:\/\/www.moroccofoodex.org.ma\/morocco-foodex\/etre-accompagne\/\" \/>\n<meta property=\"og:site_name\" content=\"Morocco Foodex\" \/>\n<meta property=\"article:modified_time\" content=\"2020-08-05T14:09:15+00:00\" \/>\n<meta property=\"og:image\" content=\"https:\/\/www.moroccofoodex.org.ma\/wp-content\/uploads\/2020\/04\/etre_accompagne.jpg\" \/>\n\t<meta property=\"og:image:width\" content=\"1092\" \/>\n\t<meta property=\"og:image:height\" content=\"615\" \/>\n\t<meta property=\"og:image:type\" content=\"image\/jpeg\" \/>\n<meta name=\"twitter:card\" content=\"summary_large_image\" \/>\n<meta name=\"twitter:label1\" content=\"Est. reading time\" \/>\n\t<meta name=\"twitter:data1\" content=\"3 minutes\" \/>\n<script type=\"application\/ld+json\" class=\"yoast-schema-graph\">{\"@context\":\"https:\/\/schema.org\",\"@graph\":[{\"@type\":\"WebSite\",\"@id\":\"https:\/\/www.moroccofoodex.org.ma\/#website\",\"url\":\"https:\/\/www.moroccofoodex.org.ma\/\",\"name\":\"Morocco Foodex\",\"description\":\"\",\"potentialAction\":[{\"@type\":\"SearchAction\",\"target\":{\"@type\":\"EntryPoint\",\"urlTemplate\":\"https:\/\/www.moroccofoodex.org.ma\/?s={search_term_string}\"},\"query-input\":\"required name=search_term_string\"}],\"inLanguage\":\"fr\"},{\"@type\":\"ImageObject\",\"@id\":\"https:\/\/www.moroccofoodex.org.ma\/morocco-foodex\/etre-accompagne\/#primaryimage\",\"inLanguage\":\"fr\",\"url\":\"https:\/\/www.moroccofoodex.org.ma\/wp-content\/uploads\/2020\/04\/etre_accompagne.jpg\",\"contentUrl\":\"https:\/\/www.moroccofoodex.org.ma\/wp-content\/uploads\/2020\/04\/etre_accompagne.jpg\",\"width\":1092,\"height\":615},{\"@type\":\"WebPage\",\"@id\":\"https:\/\/www.moroccofoodex.org.ma\/morocco-foodex\/etre-accompagne\/#webpage\",\"url\":\"https:\/\/www.moroccofoodex.org.ma\/morocco-foodex\/etre-accompagne\/\",\"name\":\"[:fr]\u00catre accompagn\u00e9[:ar]\u0644\u0645\u0631\u0627\u0641\u0642\u062a\u0643[:en]To be accompanied[:] - Morocco Foodex\",\"isPartOf\":{\"@id\":\"https:\/\/www.moroccofoodex.org.ma\/#website\"},\"primaryImageOfPage\":{\"@id\":\"https:\/\/www.moroccofoodex.org.ma\/morocco-foodex\/etre-accompagne\/#primaryimage\"},\"datePublished\":\"2019-10-23T10:22:01+00:00\",\"dateModified\":\"2020-08-05T14:09:15+00:00\",\"breadcrumb\":{\"@id\":\"https:\/\/www.moroccofoodex.org.ma\/morocco-foodex\/etre-accompagne\/#breadcrumb\"},\"inLanguage\":\"fr\",\"potentialAction\":[{\"@type\":\"ReadAction\",\"target\":[\"https:\/\/www.moroccofoodex.org.ma\/morocco-foodex\/etre-accompagne\/\"]}]},{\"@type\":\"BreadcrumbList\",\"@id\":\"https:\/\/www.moroccofoodex.org.ma\/morocco-foodex\/etre-accompagne\/#breadcrumb\",\"itemListElement\":[{\"@type\":\"ListItem\",\"position\":1,\"name\":\"Accueil\",\"item\":\"https:\/\/www.moroccofoodex.org.ma\/\"},{\"@type\":\"ListItem\",\"position\":2,\"name\":\"Morocco Foodex\",\"item\":\"https:\/\/www.moroccofoodex.org.ma\/morocco-foodex\/\"},{\"@type\":\"ListItem\",\"position\":3,\"name\":\"\u00catre accompagn\u00e9\"}]}]}<\/script>\n<!-- \/ Yoast SEO plugin. -->","yoast_head_json":{"title":"[:fr]\u00catre accompagn\u00e9[:ar]\u0644\u0645\u0631\u0627\u0641\u0642\u062a\u0643[:en]To be accompanied[:] - Morocco Foodex","robots":{"index":"index","follow":"follow","max-snippet":"max-snippet:-1","max-image-preview":"max-image-preview:large","max-video-preview":"max-video-preview:-1"},"canonical":"https:\/\/www.moroccofoodex.org.ma\/morocco-foodex\/etre-accompagne\/","og_locale":"fr_FR","og_type":"article","og_title":"[:fr]\u00catre accompagn\u00e9[:ar]\u0644\u0645\u0631\u0627\u0641\u0642\u062a\u0643[:en]To be accompanied[:] - Morocco Foodex","og_description":"Vous souhaitez effectuer votre premi\u00e8re op\u00e9ration d\u2019export des produits Agro-alimentaires et maritimes, et vous avez besoin d\u2019un accompagnement\u00a0? BIENVENUS AU CAP\u2019EXPORT\u00a0! Lanc\u00e9 officiellement en mars 2017, CAP\u2019EXPORT, le centre de r\u00e9f\u00e9rence d\u2019accompagnement des petits et moyens exportateurs, a \u00e9t\u00e9 mis \u00e0 la disposition des op\u00e9rateurs marocains d\u00e9sirant conqu\u00e9rir le march\u00e9 international. capexport@mfoodex.ma\u00a0 Le centre CAP\u2019EXPORT &hellip; Continue reading \"\u00catre accompagn\u00e9\"","og_url":"https:\/\/www.moroccofoodex.org.ma\/morocco-foodex\/etre-accompagne\/","og_site_name":"Morocco Foodex","article_modified_time":"2020-08-05T14:09:15+00:00","og_image":[{"width":1092,"height":615,"url":"https:\/\/www.moroccofoodex.org.ma\/wp-content\/uploads\/2020\/04\/etre_accompagne.jpg","type":"image\/jpeg"}],"twitter_card":"summary_large_image","twitter_misc":{"Est. reading time":"3 minutes"},"schema":{"@context":"https:\/\/schema.org","@graph":[{"@type":"WebSite","@id":"https:\/\/www.moroccofoodex.org.ma\/#website","url":"https:\/\/www.moroccofoodex.org.ma\/","name":"Morocco Foodex","description":"","potentialAction":[{"@type":"SearchAction","target":{"@type":"EntryPoint","urlTemplate":"https:\/\/www.moroccofoodex.org.ma\/?s={search_term_string}"},"query-input":"required name=search_term_string"}],"inLanguage":"fr"},{"@type":"ImageObject","@id":"https:\/\/www.moroccofoodex.org.ma\/morocco-foodex\/etre-accompagne\/#primaryimage","inLanguage":"fr","url":"https:\/\/www.moroccofoodex.org.ma\/wp-content\/uploads\/2020\/04\/etre_accompagne.jpg","contentUrl":"https:\/\/www.moroccofoodex.org.ma\/wp-content\/uploads\/2020\/04\/etre_accompagne.jpg","width":1092,"height":615},{"@type":"WebPage","@id":"https:\/\/www.moroccofoodex.org.ma\/morocco-foodex\/etre-accompagne\/#webpage","url":"https:\/\/www.moroccofoodex.org.ma\/morocco-foodex\/etre-accompagne\/","name":"[:fr]\u00catre accompagn\u00e9[:ar]\u0644\u0645\u0631\u0627\u0641\u0642\u062a\u0643[:en]To be accompanied[:] - Morocco Foodex","isPartOf":{"@id":"https:\/\/www.moroccofoodex.org.ma\/#website"},"primaryImageOfPage":{"@id":"https:\/\/www.moroccofoodex.org.ma\/morocco-foodex\/etre-accompagne\/#primaryimage"},"datePublished":"2019-10-23T10:22:01+00:00","dateModified":"2020-08-05T14:09:15+00:00","breadcrumb":{"@id":"https:\/\/www.moroccofoodex.org.ma\/morocco-foodex\/etre-accompagne\/#breadcrumb"},"inLanguage":"fr","potentialAction":[{"@type":"ReadAction","target":["https:\/\/www.moroccofoodex.org.ma\/morocco-foodex\/etre-accompagne\/"]}]},{"@type":"BreadcrumbList","@id":"https:\/\/www.moroccofoodex.org.ma\/morocco-foodex\/etre-accompagne\/#breadcrumb","itemListElement":[{"@type":"ListItem","position":1,"name":"Accueil","item":"https:\/\/www.moroccofoodex.org.ma\/"},{"@type":"ListItem","position":2,"name":"Morocco Foodex","item":"https:\/\/www.moroccofoodex.org.ma\/morocco-foodex\/"},{"@type":"ListItem","position":3,"name":"\u00catre accompagn\u00e9"}]}]}},"_links":{"self":[{"href":"https:\/\/www.moroccofoodex.org.ma\/fr\/wp-json\/wp\/v2\/pages\/46"}],"collection":[{"href":"https:\/\/www.moroccofoodex.org.ma\/fr\/wp-json\/wp\/v2\/pages"}],"about":[{"href":"https:\/\/www.moroccofoodex.org.ma\/fr\/wp-json\/wp\/v2\/types\/page"}],"author":[{"embeddable":true,"href":"https:\/\/www.moroccofoodex.org.ma\/fr\/wp-json\/wp\/v2\/users\/1"}],"replies":[{"embeddable":true,"href":"https:\/\/www.moroccofoodex.org.ma\/fr\/wp-json\/wp\/v2\/comments?post=46"}],"version-history":[{"count":32,"href":"https:\/\/www.moroccofoodex.org.ma\/fr\/wp-json\/wp\/v2\/pages\/46\/revisions"}],"predecessor-version":[{"id":2421,"href":"https:\/\/www.moroccofoodex.org.ma\/fr\/wp-json\/wp\/v2\/pages\/46\/revisions\/2421"}],"up":[{"embeddable":true,"href":"https:\/\/www.moroccofoodex.org.ma\/fr\/wp-json\/wp\/v2\/pages\/7"}],"wp:featuredmedia":[{"embeddable":true,"href":"https:\/\/www.moroccofoodex.org.ma\/fr\/wp-json\/wp\/v2\/media\/1761"}],"wp:attachment":[{"href":"https:\/\/www.moroccofoodex.org.ma\/fr\/wp-json\/wp\/v2\/media?parent=46"}],"curies":[{"name":"wp","href":"https:\/\/api.w.org\/{rel}","templated":true}]}}