{"id":505,"date":"2019-11-25T15:52:54","date_gmt":"2019-11-25T14:52:54","guid":{"rendered":"https:\/\/www.moroccofoodex.org.ma\/?page_id=505"},"modified":"2020-05-08T16:23:32","modified_gmt":"2020-05-08T14:23:32","slug":"reglementations-commerciales","status":"publish","type":"page","link":"https:\/\/www.moroccofoodex.org.ma\/fr\/business-intelligence\/reglementations-commerciales\/","title":{"rendered":"R\u00e9glementations Commerciales"},"content":{"rendered":"<p>Dans le cadre du renforcement des performances et l\u2019am\u00e9lioration de la comp\u00e9titivit\u00e9 du secteur agroalimentaire \u00e0 l\u2019export sur les principaux march\u00e9s, Morocco Foodex \u00e0 travers son activit\u00e9 r\u00e9glementation commerciale :<\/p>\n<ul>\n<li class=\"removeBG\">Assure le suivi syst\u00e9matique de l&#8217;ex\u00e9cution des engagements convenus dans le cadre des accords commerciaux conclus, entre le Maroc et ses principaux partenaires, relatifs aux exportations des produits alimentaires agricoles et maritimes marocaines<\/li>\n<li>Contribue \u00e0 l&#8217;obtention de meilleures r\u00e8gles commerciales d\u2019acc\u00e8s aux exportations marocaines et ce, en vulgarisant les m\u00e9canismes tarifaires d\u2019acc\u00e8s aux march\u00e9s, essentiellement sur l\u2019Union Europ\u00e9enne, qui constitue le d\u00e9bouch\u00e9 principal des exportations marocaines et dont les artifices r\u00e9glementaires sont multiples et assez complexes. \u00bb<\/li>\n<\/ul>\n<p><\/p>","protected":false},"excerpt":{"rendered":"<p>Dans le cadre du renforcement des performances et l\u2019am\u00e9lioration de la comp\u00e9titivit\u00e9 du secteur agroalimentaire \u00e0 l\u2019export sur les principaux march\u00e9s, Morocco Foodex \u00e0 travers son activit\u00e9 r\u00e9glementation commerciale : Assure le suivi syst\u00e9matique de l&#8217;ex\u00e9cution des engagements convenus dans le cadre des accords commerciaux conclus, entre le Maroc et ses principaux partenaires, relatifs aux &hellip; <\/p>\n<p class=\"link-more\"><a href=\"https:\/\/www.moroccofoodex.org.ma\/fr\/business-intelligence\/reglementations-commerciales\/\" class=\"more-link\">Continue reading<span class=\"screen-reader-text\"> &#8220;R\u00e9glementations Commerciales&#8221;<\/span><\/a><\/p>\n","protected":false},"author":1,"featured_media":0,"parent":34,"menu_order":30,"comment_status":"closed","ping_status":"closed","template":"","meta":[],"acf":[],"yoast_head":"<!-- This site is optimized with the Yoast SEO plugin v18.5.1 - https:\/\/yoast.com\/wordpress\/plugins\/seo\/ -->\n<title>R\u00e9glementations Commerciales - Morocco Foodex<\/title>\n<meta name=\"robots\" content=\"index, follow, max-snippet:-1, max-image-preview:large, max-video-preview:-1\" \/>\n<link rel=\"canonical\" href=\"https:\/\/www.moroccofoodex.org.ma\/business-intelligence\/reglementations-commerciales\/\" \/>\n<meta property=\"og:locale\" content=\"fr_FR\" \/>\n<meta property=\"og:type\" content=\"article\" \/>\n<meta property=\"og:title\" content=\"[:fr]R\u00e9glementations Commerciales[:ar]\u0627\u0644\u0623\u0646\u0638\u0645\u0629 \u0627\u0644\u062a\u062c\u0627\u0631\u064a\u0629 [:en]Commercial regulations[:] - Morocco Foodex\" \/>\n<meta property=\"og:description\" content=\"Dans le cadre du renforcement des performances et l\u2019am\u00e9lioration de la comp\u00e9titivit\u00e9 du secteur agroalimentaire \u00e0 l\u2019export sur les principaux march\u00e9s, Morocco Foodex \u00e0 travers son activit\u00e9 r\u00e9glementation commerciale : Assure le suivi syst\u00e9matique de l&#8217;ex\u00e9cution des engagements convenus dans le cadre des accords commerciaux conclus, entre le Maroc et ses principaux partenaires, relatifs aux &hellip; Continue reading &quot;R\u00e9glementations Commerciales&quot;\" \/>\n<meta property=\"og:url\" content=\"https:\/\/www.moroccofoodex.org.ma\/business-intelligence\/reglementations-commerciales\/\" \/>\n<meta property=\"og:site_name\" content=\"Morocco Foodex\" \/>\n<meta property=\"article:modified_time\" content=\"2020-05-08T14:23:32+00:00\" \/>\n<meta name=\"twitter:card\" content=\"summary_large_image\" \/>\n<meta name=\"twitter:label1\" content=\"Est. reading time\" \/>\n\t<meta name=\"twitter:data1\" content=\"1 minute\" \/>\n<script type=\"application\/ld+json\" class=\"yoast-schema-graph\">{\"@context\":\"https:\/\/schema.org\",\"@graph\":[{\"@type\":\"WebSite\",\"@id\":\"https:\/\/www.moroccofoodex.org.ma\/#website\",\"url\":\"https:\/\/www.moroccofoodex.org.ma\/\",\"name\":\"Morocco Foodex\",\"description\":\"\",\"potentialAction\":[{\"@type\":\"SearchAction\",\"target\":{\"@type\":\"EntryPoint\",\"urlTemplate\":\"https:\/\/www.moroccofoodex.org.ma\/?s={search_term_string}\"},\"query-input\":\"required name=search_term_string\"}],\"inLanguage\":\"fr\"},{\"@type\":\"WebPage\",\"@id\":\"https:\/\/www.moroccofoodex.org.ma\/business-intelligence\/reglementations-commerciales\/#webpage\",\"url\":\"https:\/\/www.moroccofoodex.org.ma\/business-intelligence\/reglementations-commerciales\/\",\"name\":\"[:fr]R\u00e9glementations Commerciales[:ar]\u0627\u0644\u0623\u0646\u0638\u0645\u0629 \u0627\u0644\u062a\u062c\u0627\u0631\u064a\u0629 [:en]Commercial regulations[:] - Morocco Foodex\",\"isPartOf\":{\"@id\":\"https:\/\/www.moroccofoodex.org.ma\/#website\"},\"datePublished\":\"2019-11-25T14:52:54+00:00\",\"dateModified\":\"2020-05-08T14:23:32+00:00\",\"breadcrumb\":{\"@id\":\"https:\/\/www.moroccofoodex.org.ma\/business-intelligence\/reglementations-commerciales\/#breadcrumb\"},\"inLanguage\":\"fr\",\"potentialAction\":[{\"@type\":\"ReadAction\",\"target\":[\"https:\/\/www.moroccofoodex.org.ma\/business-intelligence\/reglementations-commerciales\/\"]}]},{\"@type\":\"BreadcrumbList\",\"@id\":\"https:\/\/www.moroccofoodex.org.ma\/business-intelligence\/reglementations-commerciales\/#breadcrumb\",\"itemListElement\":[{\"@type\":\"ListItem\",\"position\":1,\"name\":\"Accueil\",\"item\":\"https:\/\/www.moroccofoodex.org.ma\/\"},{\"@type\":\"ListItem\",\"position\":2,\"name\":\"Business intelligence\",\"item\":\"https:\/\/www.moroccofoodex.org.ma\/business-intelligence\/\"},{\"@type\":\"ListItem\",\"position\":3,\"name\":\"R\u00e9glementations Commerciales\"}]}]}<\/script>\n<!-- \/ Yoast SEO plugin. -->","yoast_head_json":{"title":"[:fr]R\u00e9glementations Commerciales[:ar]\u0627\u0644\u0623\u0646\u0638\u0645\u0629 \u0627\u0644\u062a\u062c\u0627\u0631\u064a\u0629 [:en]Commercial regulations[:] - Morocco Foodex","robots":{"index":"index","follow":"follow","max-snippet":"max-snippet:-1","max-image-preview":"max-image-preview:large","max-video-preview":"max-video-preview:-1"},"canonical":"https:\/\/www.moroccofoodex.org.ma\/business-intelligence\/reglementations-commerciales\/","og_locale":"fr_FR","og_type":"article","og_title":"[:fr]R\u00e9glementations Commerciales[:ar]\u0627\u0644\u0623\u0646\u0638\u0645\u0629 \u0627\u0644\u062a\u062c\u0627\u0631\u064a\u0629 [:en]Commercial regulations[:] - Morocco Foodex","og_description":"Dans le cadre du renforcement des performances et l\u2019am\u00e9lioration de la comp\u00e9titivit\u00e9 du secteur agroalimentaire \u00e0 l\u2019export sur les principaux march\u00e9s, Morocco Foodex \u00e0 travers son activit\u00e9 r\u00e9glementation commerciale : Assure le suivi syst\u00e9matique de l&#8217;ex\u00e9cution des engagements convenus dans le cadre des accords commerciaux conclus, entre le Maroc et ses principaux partenaires, relatifs aux &hellip; Continue reading \"R\u00e9glementations Commerciales\"","og_url":"https:\/\/www.moroccofoodex.org.ma\/business-intelligence\/reglementations-commerciales\/","og_site_name":"Morocco Foodex","article_modified_time":"2020-05-08T14:23:32+00:00","twitter_card":"summary_large_image","twitter_misc":{"Est. reading time":"1 minute"},"schema":{"@context":"https:\/\/schema.org","@graph":[{"@type":"WebSite","@id":"https:\/\/www.moroccofoodex.org.ma\/#website","url":"https:\/\/www.moroccofoodex.org.ma\/","name":"Morocco Foodex","description":"","potentialAction":[{"@type":"SearchAction","target":{"@type":"EntryPoint","urlTemplate":"https:\/\/www.moroccofoodex.org.ma\/?s={search_term_string}"},"query-input":"required name=search_term_string"}],"inLanguage":"fr"},{"@type":"WebPage","@id":"https:\/\/www.moroccofoodex.org.ma\/business-intelligence\/reglementations-commerciales\/#webpage","url":"https:\/\/www.moroccofoodex.org.ma\/business-intelligence\/reglementations-commerciales\/","name":"[:fr]R\u00e9glementations Commerciales[:ar]\u0627\u0644\u0623\u0646\u0638\u0645\u0629 \u0627\u0644\u062a\u062c\u0627\u0631\u064a\u0629 [:en]Commercial regulations[:] - Morocco Foodex","isPartOf":{"@id":"https:\/\/www.moroccofoodex.org.ma\/#website"},"datePublished":"2019-11-25T14:52:54+00:00","dateModified":"2020-05-08T14:23:32+00:00","breadcrumb":{"@id":"https:\/\/www.moroccofoodex.org.ma\/business-intelligence\/reglementations-commerciales\/#breadcrumb"},"inLanguage":"fr","potentialAction":[{"@type":"ReadAction","target":["https:\/\/www.moroccofoodex.org.ma\/business-intelligence\/reglementations-commerciales\/"]}]},{"@type":"BreadcrumbList","@id":"https:\/\/www.moroccofoodex.org.ma\/business-intelligence\/reglementations-commerciales\/#breadcrumb","itemListElement":[{"@type":"ListItem","position":1,"name":"Accueil","item":"https:\/\/www.moroccofoodex.org.ma\/"},{"@type":"ListItem","position":2,"name":"Business intelligence","item":"https:\/\/www.moroccofoodex.org.ma\/business-intelligence\/"},{"@type":"ListItem","position":3,"name":"R\u00e9glementations Commerciales"}]}]}},"_links":{"self":[{"href":"https:\/\/www.moroccofoodex.org.ma\/fr\/wp-json\/wp\/v2\/pages\/505"}],"collection":[{"href":"https:\/\/www.moroccofoodex.org.ma\/fr\/wp-json\/wp\/v2\/pages"}],"about":[{"href":"https:\/\/www.moroccofoodex.org.ma\/fr\/wp-json\/wp\/v2\/types\/page"}],"author":[{"embeddable":true,"href":"https:\/\/www.moroccofoodex.org.ma\/fr\/wp-json\/wp\/v2\/users\/1"}],"replies":[{"embeddable":true,"href":"https:\/\/www.moroccofoodex.org.ma\/fr\/wp-json\/wp\/v2\/comments?post=505"}],"version-history":[{"count":22,"href":"https:\/\/www.moroccofoodex.org.ma\/fr\/wp-json\/wp\/v2\/pages\/505\/revisions"}],"predecessor-version":[{"id":2093,"href":"https:\/\/www.moroccofoodex.org.ma\/fr\/wp-json\/wp\/v2\/pages\/505\/revisions\/2093"}],"up":[{"embeddable":true,"href":"https:\/\/www.moroccofoodex.org.ma\/fr\/wp-json\/wp\/v2\/pages\/34"}],"wp:attachment":[{"href":"https:\/\/www.moroccofoodex.org.ma\/fr\/wp-json\/wp\/v2\/media?parent=505"}],"curies":[{"name":"wp","href":"https:\/\/api.w.org\/{rel}","templated":true}]}}