{"id":512,"date":"2019-11-25T15:58:38","date_gmt":"2019-11-25T14:58:38","guid":{"rendered":"https:\/\/www.moroccofoodex.org.ma\/?page_id=512"},"modified":"2020-05-08T16:47:56","modified_gmt":"2020-05-08T14:47:56","slug":"cooperation-nationale-et-internationale","status":"publish","type":"page","link":"https:\/\/www.moroccofoodex.org.ma\/fr\/promotion-des-exportations\/cooperation-nationale-et-internationale\/","title":{"rendered":"Coop\u00e9ration Nationale et Internationale"},"content":{"rendered":"<p><img decoding=\"async\" loading=\"lazy\" class=\"aligncenter size-full wp-image-2039\" src=\"https:\/\/www.moroccofoodex.org.ma\/wp-content\/uploads\/2020\/05\/people_puzzle-min.jpg\" alt=\"\" width=\"1092\" height=\"615\" \/><\/p>\n<p>Dans le cadre de son d\u00e9veloppement, <strong>MOROCCO FOODEX<\/strong>, a fait de l&#8217;ouverture sur son environnement national et international l&#8217;un des axes prioritaires de sa strat\u00e9gie de coop\u00e9ration.<\/p>\n<p>A ce titre, <strong>MOROCCO FOODEX<\/strong> entretient des relations de coop\u00e9ration vari\u00e9es avec les diff\u00e9rents organismes \u00e0 l\u2019\u00e9chelle internationale, il s\u2019agit du :<\/p>\n<ul>\n<li><strong> Codex Alimentarius <\/strong><\/li>\n<li><strong> Organisation de Coop\u00e9ration et de D\u00e9veloppement Economique (OCDE). <\/strong><\/li>\n<li><strong> Conseil Ol\u00e9icole International (COI).<\/strong><\/li>\n<li><strong> France Agrimer &#8211; France.<\/strong><\/li>\n<li><strong>Programme d\u2019assistance technique et d\u2019\u00e9change d\u2019information (TAEIX) de l\u2019Union Europ\u00e9enne<\/strong><\/li>\n<li><strong> Kwaliteits Control Bureau (KCB) en Hollande <\/strong><\/li>\n<li><strong> Bundesanstalt fur Landwirtschaft und Ernahrung (BLE) en Allemagne.<\/strong><\/li>\n<\/ul>\n<p><strong>\u00a0<\/strong>Les activit\u00e9s dans le cadre de ces partenariats sont tr\u00e8s diverses, elles comprennent notamment\u00a0:<\/p>\n<ul>\n<li>Un \u00e9change continu d&#8217;informations et de savoir-faire\u00a0;<\/li>\n<li>Des missions d&#8217;appui et expertise \u00e9trang\u00e8re \u00e0 Morocco Foodex\u00a0;<\/li>\n<li>La mise \u00e0 niveau des comp\u00e9tences \u00e0 travers des formations \u00e0 l&#8217;\u00e9tranger\u00a0;<\/li>\n<li>La participation \u00e0 des manifestations internationales\u00a0;<\/li>\n<li>L&#8217;organisation de diverses manifestations au Maroc (ateliers, s\u00e9minaires, visites au profit de cadres \u00e9trangers, etc)\u00a0;<\/li>\n<li>La r\u00e9ception de d\u00e9l\u00e9gations \u00e9trang\u00e8res. Etc..<\/li>\n<\/ul>\n<p>Au niveau national, <strong>MOROCCO FOODEX<\/strong> a d\u00e9velopp\u00e9 des projets de partenariat avec les acteurs institutionnels et les organisations professionnelles, en vue de dynamiser le dispositif de promotion des exportations agro-alimentaires et halieutiques et de contribuer ensemble \u00e0 la r\u00e9alisation des objectifs du PMV.<\/p>\n<p><strong>MOROCCO FOODEX<\/strong> est partenaire avec des institutions, telles que <strong>l\u2019Office National de S\u00e9curit\u00e9 Sanitaire des produits Alimentaires (ONSSA)<\/strong>, \u00e0 travers une convention sign\u00e9e dans le but de mutualiser et de d\u00e9velopper l\u2019\u00e9change d\u2019informations et d\u2019expertise entre les deux organismes, ainsi que <strong>l\u2019office des changes (OC) <\/strong>et<strong> l&#8217;Administration des Douanes et Imp\u00f4ts Indirects (ADII)<\/strong>, pour la facilitation des proc\u00e9dures douani\u00e8res pour l&#8217;exportation des produits alimentaires agricoles et halieutiques. Une autre convention a \u00e9t\u00e9 \u00e9galement sign\u00e9e avec <strong>l\u2019Association Marocaine des Exportateurs (ASMEX)<\/strong> dans le domaine de la veille, de la promotion des exportations agroalimentaires et des produits de la mer, de l\u2019appui \u00e0 l\u2019exportation et du renforcement de la qualit\u00e9.<\/p>","protected":false},"excerpt":{"rendered":"<p>Dans le cadre de son d\u00e9veloppement, MOROCCO FOODEX, a fait de l&#8217;ouverture sur son environnement national et international l&#8217;un des axes prioritaires de sa strat\u00e9gie de coop\u00e9ration. A ce titre, MOROCCO FOODEX entretient des relations de coop\u00e9ration vari\u00e9es avec les diff\u00e9rents organismes \u00e0 l\u2019\u00e9chelle internationale, il s\u2019agit du : Codex Alimentarius Organisation de Coop\u00e9ration et &hellip; <\/p>\n<p class=\"link-more\"><a href=\"https:\/\/www.moroccofoodex.org.ma\/fr\/promotion-des-exportations\/cooperation-nationale-et-internationale\/\" class=\"more-link\">Continue reading<span class=\"screen-reader-text\"> &#8220;Coop\u00e9ration Nationale et Internationale&#8221;<\/span><\/a><\/p>\n","protected":false},"author":1,"featured_media":0,"parent":40,"menu_order":43,"comment_status":"closed","ping_status":"closed","template":"","meta":[],"acf":[],"yoast_head":"<!-- This site is optimized with the Yoast SEO plugin v18.5.1 - https:\/\/yoast.com\/wordpress\/plugins\/seo\/ -->\n<title>Coop\u00e9ration Nationale et Internationale - Morocco Foodex<\/title>\n<meta name=\"robots\" content=\"index, follow, max-snippet:-1, max-image-preview:large, max-video-preview:-1\" \/>\n<link rel=\"canonical\" href=\"https:\/\/www.moroccofoodex.org.ma\/promotion-des-exportations\/cooperation-nationale-et-internationale\/\" \/>\n<meta property=\"og:locale\" content=\"fr_FR\" \/>\n<meta property=\"og:type\" content=\"article\" \/>\n<meta property=\"og:title\" content=\"[:fr]Coop\u00e9ration Nationale et Internationale[:ar]\u0627\u0644\u062a\u0639\u0627\u0648\u0646 \u0627\u0644\u0648\u0637\u0646\u064a \u0648\u0627\u0644\u062f\u0648\u0644\u064a[:en]National and International Cooperation[:] - Morocco Foodex\" \/>\n<meta property=\"og:description\" content=\"Dans le cadre de son d\u00e9veloppement, MOROCCO FOODEX, a fait de l&#8217;ouverture sur son environnement national et international l&#8217;un des axes prioritaires de sa strat\u00e9gie de coop\u00e9ration. A ce titre, MOROCCO FOODEX entretient des relations de coop\u00e9ration vari\u00e9es avec les diff\u00e9rents organismes \u00e0 l\u2019\u00e9chelle internationale, il s\u2019agit du : Codex Alimentarius Organisation de Coop\u00e9ration et &hellip; Continue reading &quot;Coop\u00e9ration Nationale et Internationale&quot;\" \/>\n<meta property=\"og:url\" content=\"https:\/\/www.moroccofoodex.org.ma\/promotion-des-exportations\/cooperation-nationale-et-internationale\/\" \/>\n<meta property=\"og:site_name\" content=\"Morocco Foodex\" \/>\n<meta property=\"article:modified_time\" content=\"2020-05-08T14:47:56+00:00\" \/>\n<meta property=\"og:image\" content=\"https:\/\/www.moroccofoodex.org.ma\/wp-content\/uploads\/2020\/05\/people_puzzle-min.jpg\" \/>\n<meta name=\"twitter:card\" content=\"summary_large_image\" \/>\n<meta name=\"twitter:label1\" content=\"Est. reading time\" \/>\n\t<meta name=\"twitter:data1\" content=\"3 minutes\" \/>\n<script type=\"application\/ld+json\" class=\"yoast-schema-graph\">{\"@context\":\"https:\/\/schema.org\",\"@graph\":[{\"@type\":\"WebSite\",\"@id\":\"https:\/\/www.moroccofoodex.org.ma\/#website\",\"url\":\"https:\/\/www.moroccofoodex.org.ma\/\",\"name\":\"Morocco Foodex\",\"description\":\"\",\"potentialAction\":[{\"@type\":\"SearchAction\",\"target\":{\"@type\":\"EntryPoint\",\"urlTemplate\":\"https:\/\/www.moroccofoodex.org.ma\/?s={search_term_string}\"},\"query-input\":\"required name=search_term_string\"}],\"inLanguage\":\"fr\"},{\"@type\":\"ImageObject\",\"@id\":\"https:\/\/www.moroccofoodex.org.ma\/promotion-des-exportations\/cooperation-nationale-et-internationale\/#primaryimage\",\"inLanguage\":\"fr\",\"url\":\"https:\/\/www.moroccofoodex.org.ma\/wp-content\/uploads\/2020\/05\/people_puzzle-min.jpg\",\"contentUrl\":\"https:\/\/www.moroccofoodex.org.ma\/wp-content\/uploads\/2020\/05\/people_puzzle-min.jpg\",\"width\":1092,\"height\":615},{\"@type\":\"WebPage\",\"@id\":\"https:\/\/www.moroccofoodex.org.ma\/promotion-des-exportations\/cooperation-nationale-et-internationale\/#webpage\",\"url\":\"https:\/\/www.moroccofoodex.org.ma\/promotion-des-exportations\/cooperation-nationale-et-internationale\/\",\"name\":\"[:fr]Coop\u00e9ration Nationale et Internationale[:ar]\u0627\u0644\u062a\u0639\u0627\u0648\u0646 \u0627\u0644\u0648\u0637\u0646\u064a \u0648\u0627\u0644\u062f\u0648\u0644\u064a[:en]National and International Cooperation[:] - Morocco Foodex\",\"isPartOf\":{\"@id\":\"https:\/\/www.moroccofoodex.org.ma\/#website\"},\"primaryImageOfPage\":{\"@id\":\"https:\/\/www.moroccofoodex.org.ma\/promotion-des-exportations\/cooperation-nationale-et-internationale\/#primaryimage\"},\"datePublished\":\"2019-11-25T14:58:38+00:00\",\"dateModified\":\"2020-05-08T14:47:56+00:00\",\"breadcrumb\":{\"@id\":\"https:\/\/www.moroccofoodex.org.ma\/promotion-des-exportations\/cooperation-nationale-et-internationale\/#breadcrumb\"},\"inLanguage\":\"fr\",\"potentialAction\":[{\"@type\":\"ReadAction\",\"target\":[\"https:\/\/www.moroccofoodex.org.ma\/promotion-des-exportations\/cooperation-nationale-et-internationale\/\"]}]},{\"@type\":\"BreadcrumbList\",\"@id\":\"https:\/\/www.moroccofoodex.org.ma\/promotion-des-exportations\/cooperation-nationale-et-internationale\/#breadcrumb\",\"itemListElement\":[{\"@type\":\"ListItem\",\"position\":1,\"name\":\"Accueil\",\"item\":\"https:\/\/www.moroccofoodex.org.ma\/\"},{\"@type\":\"ListItem\",\"position\":2,\"name\":\"Promotion des exportations\",\"item\":\"https:\/\/www.moroccofoodex.org.ma\/promotion-des-exportations\/\"},{\"@type\":\"ListItem\",\"position\":3,\"name\":\"Coop\u00e9ration Nationale et Internationale\"}]}]}<\/script>\n<!-- \/ Yoast SEO plugin. -->","yoast_head_json":{"title":"[:fr]Coop\u00e9ration Nationale et Internationale[:ar]\u0627\u0644\u062a\u0639\u0627\u0648\u0646 \u0627\u0644\u0648\u0637\u0646\u064a \u0648\u0627\u0644\u062f\u0648\u0644\u064a[:en]National and International Cooperation[:] - Morocco Foodex","robots":{"index":"index","follow":"follow","max-snippet":"max-snippet:-1","max-image-preview":"max-image-preview:large","max-video-preview":"max-video-preview:-1"},"canonical":"https:\/\/www.moroccofoodex.org.ma\/promotion-des-exportations\/cooperation-nationale-et-internationale\/","og_locale":"fr_FR","og_type":"article","og_title":"[:fr]Coop\u00e9ration Nationale et Internationale[:ar]\u0627\u0644\u062a\u0639\u0627\u0648\u0646 \u0627\u0644\u0648\u0637\u0646\u064a \u0648\u0627\u0644\u062f\u0648\u0644\u064a[:en]National and International Cooperation[:] - Morocco Foodex","og_description":"Dans le cadre de son d\u00e9veloppement, MOROCCO FOODEX, a fait de l&#8217;ouverture sur son environnement national et international l&#8217;un des axes prioritaires de sa strat\u00e9gie de coop\u00e9ration. A ce titre, MOROCCO FOODEX entretient des relations de coop\u00e9ration vari\u00e9es avec les diff\u00e9rents organismes \u00e0 l\u2019\u00e9chelle internationale, il s\u2019agit du : Codex Alimentarius Organisation de Coop\u00e9ration et &hellip; Continue reading \"Coop\u00e9ration Nationale et Internationale\"","og_url":"https:\/\/www.moroccofoodex.org.ma\/promotion-des-exportations\/cooperation-nationale-et-internationale\/","og_site_name":"Morocco Foodex","article_modified_time":"2020-05-08T14:47:56+00:00","og_image":[{"url":"https:\/\/www.moroccofoodex.org.ma\/wp-content\/uploads\/2020\/05\/people_puzzle-min.jpg"}],"twitter_card":"summary_large_image","twitter_misc":{"Est. reading time":"3 minutes"},"schema":{"@context":"https:\/\/schema.org","@graph":[{"@type":"WebSite","@id":"https:\/\/www.moroccofoodex.org.ma\/#website","url":"https:\/\/www.moroccofoodex.org.ma\/","name":"Morocco Foodex","description":"","potentialAction":[{"@type":"SearchAction","target":{"@type":"EntryPoint","urlTemplate":"https:\/\/www.moroccofoodex.org.ma\/?s={search_term_string}"},"query-input":"required name=search_term_string"}],"inLanguage":"fr"},{"@type":"ImageObject","@id":"https:\/\/www.moroccofoodex.org.ma\/promotion-des-exportations\/cooperation-nationale-et-internationale\/#primaryimage","inLanguage":"fr","url":"https:\/\/www.moroccofoodex.org.ma\/wp-content\/uploads\/2020\/05\/people_puzzle-min.jpg","contentUrl":"https:\/\/www.moroccofoodex.org.ma\/wp-content\/uploads\/2020\/05\/people_puzzle-min.jpg","width":1092,"height":615},{"@type":"WebPage","@id":"https:\/\/www.moroccofoodex.org.ma\/promotion-des-exportations\/cooperation-nationale-et-internationale\/#webpage","url":"https:\/\/www.moroccofoodex.org.ma\/promotion-des-exportations\/cooperation-nationale-et-internationale\/","name":"[:fr]Coop\u00e9ration Nationale et Internationale[:ar]\u0627\u0644\u062a\u0639\u0627\u0648\u0646 \u0627\u0644\u0648\u0637\u0646\u064a \u0648\u0627\u0644\u062f\u0648\u0644\u064a[:en]National and International Cooperation[:] - Morocco Foodex","isPartOf":{"@id":"https:\/\/www.moroccofoodex.org.ma\/#website"},"primaryImageOfPage":{"@id":"https:\/\/www.moroccofoodex.org.ma\/promotion-des-exportations\/cooperation-nationale-et-internationale\/#primaryimage"},"datePublished":"2019-11-25T14:58:38+00:00","dateModified":"2020-05-08T14:47:56+00:00","breadcrumb":{"@id":"https:\/\/www.moroccofoodex.org.ma\/promotion-des-exportations\/cooperation-nationale-et-internationale\/#breadcrumb"},"inLanguage":"fr","potentialAction":[{"@type":"ReadAction","target":["https:\/\/www.moroccofoodex.org.ma\/promotion-des-exportations\/cooperation-nationale-et-internationale\/"]}]},{"@type":"BreadcrumbList","@id":"https:\/\/www.moroccofoodex.org.ma\/promotion-des-exportations\/cooperation-nationale-et-internationale\/#breadcrumb","itemListElement":[{"@type":"ListItem","position":1,"name":"Accueil","item":"https:\/\/www.moroccofoodex.org.ma\/"},{"@type":"ListItem","position":2,"name":"Promotion des exportations","item":"https:\/\/www.moroccofoodex.org.ma\/promotion-des-exportations\/"},{"@type":"ListItem","position":3,"name":"Coop\u00e9ration Nationale et Internationale"}]}]}},"_links":{"self":[{"href":"https:\/\/www.moroccofoodex.org.ma\/fr\/wp-json\/wp\/v2\/pages\/512"}],"collection":[{"href":"https:\/\/www.moroccofoodex.org.ma\/fr\/wp-json\/wp\/v2\/pages"}],"about":[{"href":"https:\/\/www.moroccofoodex.org.ma\/fr\/wp-json\/wp\/v2\/types\/page"}],"author":[{"embeddable":true,"href":"https:\/\/www.moroccofoodex.org.ma\/fr\/wp-json\/wp\/v2\/users\/1"}],"replies":[{"embeddable":true,"href":"https:\/\/www.moroccofoodex.org.ma\/fr\/wp-json\/wp\/v2\/comments?post=512"}],"version-history":[{"count":18,"href":"https:\/\/www.moroccofoodex.org.ma\/fr\/wp-json\/wp\/v2\/pages\/512\/revisions"}],"predecessor-version":[{"id":2098,"href":"https:\/\/www.moroccofoodex.org.ma\/fr\/wp-json\/wp\/v2\/pages\/512\/revisions\/2098"}],"up":[{"embeddable":true,"href":"https:\/\/www.moroccofoodex.org.ma\/fr\/wp-json\/wp\/v2\/pages\/40"}],"wp:attachment":[{"href":"https:\/\/www.moroccofoodex.org.ma\/fr\/wp-json\/wp\/v2\/media?parent=512"}],"curies":[{"name":"wp","href":"https:\/\/api.w.org\/{rel}","templated":true}]}}