{"id":52,"date":"2019-10-23T12:23:34","date_gmt":"2019-10-23T10:23:34","guid":{"rendered":"https:\/\/www.moroccofoodex.org.ma\/\/?page_id=52"},"modified":"2020-06-08T17:23:42","modified_gmt":"2020-06-08T15:23:42","slug":"appels-doffres","status":"publish","type":"page","link":"https:\/\/www.moroccofoodex.org.ma\/fr\/annonces\/appels-doffres\/","title":{"rendered":"Appels d&#8217;offres"},"content":{"rendered":"<p>Les avis de tous nos appels d&#8217;offres en cours sont publi\u00e9s et disponible sur notre site web. Les soci\u00e9t\u00e9s ayant l&#8217;intention de soumissionner pour les appels d&#8217;offres ci-dessous doivent se pr\u00e9senter,obligatoirement, \u00e0 la Direction des Activit\u00e9s Support de l&#8217;EACCE sis au Route El Jadida, Lissassfa Rond-point AZBANE \u00e0 proximit\u00e9 de l\u2019H\u00f4tel ZENITH &#8211; CASABLANCA &#8211; Maroc-<\/p>\n<p>Pour retirer les cahiers des charges y aff\u00e9rents (cachet obligatoire). Pour plus d&#8217;information, veuillez contacter le secr\u00e9tariat de la Direction des Achats.<\/p>","protected":false},"excerpt":{"rendered":"<p>Les avis de tous nos appels d&#8217;offres en cours sont publi\u00e9s et disponible sur notre site web. Les soci\u00e9t\u00e9s ayant l&#8217;intention de soumissionner pour les appels d&#8217;offres ci-dessous doivent se pr\u00e9senter,obligatoirement, \u00e0 la Direction des Activit\u00e9s Support de l&#8217;EACCE sis au Route El Jadida, Lissassfa Rond-point AZBANE \u00e0 proximit\u00e9 de l\u2019H\u00f4tel ZENITH &#8211; CASABLANCA &#8211; &hellip; <\/p>\n<p class=\"link-more\"><a href=\"https:\/\/www.moroccofoodex.org.ma\/fr\/annonces\/appels-doffres\/\" class=\"more-link\">Continue reading<span class=\"screen-reader-text\"> &#8220;Appels d&#8217;offres&#8221;<\/span><\/a><\/p>\n","protected":false},"author":1,"featured_media":0,"parent":48,"menu_order":31,"comment_status":"closed","ping_status":"closed","template":"page-appeldoffres.php","meta":[],"acf":[],"yoast_head":"<!-- This site is optimized with the Yoast SEO plugin v18.5.1 - https:\/\/yoast.com\/wordpress\/plugins\/seo\/ -->\n<title>Appels d&#039;offres - Morocco Foodex<\/title>\n<meta name=\"robots\" content=\"index, follow, max-snippet:-1, max-image-preview:large, max-video-preview:-1\" \/>\n<link rel=\"canonical\" href=\"https:\/\/www.moroccofoodex.org.ma\/annonces\/appels-doffres\/\" \/>\n<meta property=\"og:locale\" content=\"fr_FR\" \/>\n<meta property=\"og:type\" content=\"article\" \/>\n<meta property=\"og:title\" content=\"[:fr]Appels d&#039;offres[:ar]\u0637\u0644\u0628 \u0627\u0644\u0639\u0631\u0648\u0636[:en]Calls for tenders [:] - Morocco Foodex\" \/>\n<meta property=\"og:description\" content=\"Les avis de tous nos appels d&#8217;offres en cours sont publi\u00e9s et disponible sur notre site web. Les soci\u00e9t\u00e9s ayant l&#8217;intention de soumissionner pour les appels d&#8217;offres ci-dessous doivent se pr\u00e9senter,obligatoirement, \u00e0 la Direction des Activit\u00e9s Support de l&#8217;EACCE sis au Route El Jadida, Lissassfa Rond-point AZBANE \u00e0 proximit\u00e9 de l\u2019H\u00f4tel ZENITH &#8211; CASABLANCA &#8211; &hellip; Continue reading &quot;Appels d&#8217;offres&quot;\" \/>\n<meta property=\"og:url\" content=\"https:\/\/www.moroccofoodex.org.ma\/annonces\/appels-doffres\/\" \/>\n<meta property=\"og:site_name\" content=\"Morocco Foodex\" \/>\n<meta property=\"article:modified_time\" content=\"2020-06-08T15:23:42+00:00\" \/>\n<meta name=\"twitter:card\" content=\"summary_large_image\" \/>\n<meta name=\"twitter:label1\" content=\"Est. reading time\" \/>\n\t<meta name=\"twitter:data1\" content=\"1 minute\" \/>\n<script type=\"application\/ld+json\" class=\"yoast-schema-graph\">{\"@context\":\"https:\/\/schema.org\",\"@graph\":[{\"@type\":\"WebSite\",\"@id\":\"https:\/\/www.moroccofoodex.org.ma\/#website\",\"url\":\"https:\/\/www.moroccofoodex.org.ma\/\",\"name\":\"Morocco Foodex\",\"description\":\"\",\"potentialAction\":[{\"@type\":\"SearchAction\",\"target\":{\"@type\":\"EntryPoint\",\"urlTemplate\":\"https:\/\/www.moroccofoodex.org.ma\/?s={search_term_string}\"},\"query-input\":\"required name=search_term_string\"}],\"inLanguage\":\"fr\"},{\"@type\":\"WebPage\",\"@id\":\"https:\/\/www.moroccofoodex.org.ma\/annonces\/appels-doffres\/#webpage\",\"url\":\"https:\/\/www.moroccofoodex.org.ma\/annonces\/appels-doffres\/\",\"name\":\"[:fr]Appels d'offres[:ar]\u0637\u0644\u0628 \u0627\u0644\u0639\u0631\u0648\u0636[:en]Calls for tenders [:] - Morocco Foodex\",\"isPartOf\":{\"@id\":\"https:\/\/www.moroccofoodex.org.ma\/#website\"},\"datePublished\":\"2019-10-23T10:23:34+00:00\",\"dateModified\":\"2020-06-08T15:23:42+00:00\",\"breadcrumb\":{\"@id\":\"https:\/\/www.moroccofoodex.org.ma\/annonces\/appels-doffres\/#breadcrumb\"},\"inLanguage\":\"fr\",\"potentialAction\":[{\"@type\":\"ReadAction\",\"target\":[\"https:\/\/www.moroccofoodex.org.ma\/annonces\/appels-doffres\/\"]}]},{\"@type\":\"BreadcrumbList\",\"@id\":\"https:\/\/www.moroccofoodex.org.ma\/annonces\/appels-doffres\/#breadcrumb\",\"itemListElement\":[{\"@type\":\"ListItem\",\"position\":1,\"name\":\"Accueil\",\"item\":\"https:\/\/www.moroccofoodex.org.ma\/\"},{\"@type\":\"ListItem\",\"position\":2,\"name\":\"Annonces\",\"item\":\"https:\/\/www.moroccofoodex.org.ma\/annonces\/\"},{\"@type\":\"ListItem\",\"position\":3,\"name\":\"Appels d&#8217;offres\"}]}]}<\/script>\n<!-- \/ Yoast SEO plugin. -->","yoast_head_json":{"title":"[:fr]Appels d'offres[:ar]\u0637\u0644\u0628 \u0627\u0644\u0639\u0631\u0648\u0636[:en]Calls for tenders [:] - Morocco Foodex","robots":{"index":"index","follow":"follow","max-snippet":"max-snippet:-1","max-image-preview":"max-image-preview:large","max-video-preview":"max-video-preview:-1"},"canonical":"https:\/\/www.moroccofoodex.org.ma\/annonces\/appels-doffres\/","og_locale":"fr_FR","og_type":"article","og_title":"[:fr]Appels d'offres[:ar]\u0637\u0644\u0628 \u0627\u0644\u0639\u0631\u0648\u0636[:en]Calls for tenders [:] - Morocco Foodex","og_description":"Les avis de tous nos appels d&#8217;offres en cours sont publi\u00e9s et disponible sur notre site web. Les soci\u00e9t\u00e9s ayant l&#8217;intention de soumissionner pour les appels d&#8217;offres ci-dessous doivent se pr\u00e9senter,obligatoirement, \u00e0 la Direction des Activit\u00e9s Support de l&#8217;EACCE sis au Route El Jadida, Lissassfa Rond-point AZBANE \u00e0 proximit\u00e9 de l\u2019H\u00f4tel ZENITH &#8211; CASABLANCA &#8211; &hellip; Continue reading \"Appels d&#8217;offres\"","og_url":"https:\/\/www.moroccofoodex.org.ma\/annonces\/appels-doffres\/","og_site_name":"Morocco Foodex","article_modified_time":"2020-06-08T15:23:42+00:00","twitter_card":"summary_large_image","twitter_misc":{"Est. reading time":"1 minute"},"schema":{"@context":"https:\/\/schema.org","@graph":[{"@type":"WebSite","@id":"https:\/\/www.moroccofoodex.org.ma\/#website","url":"https:\/\/www.moroccofoodex.org.ma\/","name":"Morocco Foodex","description":"","potentialAction":[{"@type":"SearchAction","target":{"@type":"EntryPoint","urlTemplate":"https:\/\/www.moroccofoodex.org.ma\/?s={search_term_string}"},"query-input":"required name=search_term_string"}],"inLanguage":"fr"},{"@type":"WebPage","@id":"https:\/\/www.moroccofoodex.org.ma\/annonces\/appels-doffres\/#webpage","url":"https:\/\/www.moroccofoodex.org.ma\/annonces\/appels-doffres\/","name":"[:fr]Appels d'offres[:ar]\u0637\u0644\u0628 \u0627\u0644\u0639\u0631\u0648\u0636[:en]Calls for tenders [:] - Morocco Foodex","isPartOf":{"@id":"https:\/\/www.moroccofoodex.org.ma\/#website"},"datePublished":"2019-10-23T10:23:34+00:00","dateModified":"2020-06-08T15:23:42+00:00","breadcrumb":{"@id":"https:\/\/www.moroccofoodex.org.ma\/annonces\/appels-doffres\/#breadcrumb"},"inLanguage":"fr","potentialAction":[{"@type":"ReadAction","target":["https:\/\/www.moroccofoodex.org.ma\/annonces\/appels-doffres\/"]}]},{"@type":"BreadcrumbList","@id":"https:\/\/www.moroccofoodex.org.ma\/annonces\/appels-doffres\/#breadcrumb","itemListElement":[{"@type":"ListItem","position":1,"name":"Accueil","item":"https:\/\/www.moroccofoodex.org.ma\/"},{"@type":"ListItem","position":2,"name":"Annonces","item":"https:\/\/www.moroccofoodex.org.ma\/annonces\/"},{"@type":"ListItem","position":3,"name":"Appels d&#8217;offres"}]}]}},"_links":{"self":[{"href":"https:\/\/www.moroccofoodex.org.ma\/fr\/wp-json\/wp\/v2\/pages\/52"}],"collection":[{"href":"https:\/\/www.moroccofoodex.org.ma\/fr\/wp-json\/wp\/v2\/pages"}],"about":[{"href":"https:\/\/www.moroccofoodex.org.ma\/fr\/wp-json\/wp\/v2\/types\/page"}],"author":[{"embeddable":true,"href":"https:\/\/www.moroccofoodex.org.ma\/fr\/wp-json\/wp\/v2\/users\/1"}],"replies":[{"embeddable":true,"href":"https:\/\/www.moroccofoodex.org.ma\/fr\/wp-json\/wp\/v2\/comments?post=52"}],"version-history":[{"count":25,"href":"https:\/\/www.moroccofoodex.org.ma\/fr\/wp-json\/wp\/v2\/pages\/52\/revisions"}],"predecessor-version":[{"id":2255,"href":"https:\/\/www.moroccofoodex.org.ma\/fr\/wp-json\/wp\/v2\/pages\/52\/revisions\/2255"}],"up":[{"embeddable":true,"href":"https:\/\/www.moroccofoodex.org.ma\/fr\/wp-json\/wp\/v2\/pages\/48"}],"wp:attachment":[{"href":"https:\/\/www.moroccofoodex.org.ma\/fr\/wp-json\/wp\/v2\/media?parent=52"}],"curies":[{"name":"wp","href":"https:\/\/api.w.org\/{rel}","templated":true}]}}