{"id":9,"date":"2019-10-23T12:04:59","date_gmt":"2019-10-23T10:04:59","guid":{"rendered":"https:\/\/www.moroccofoodex.org.ma\/\/?page_id=9"},"modified":"2021-11-12T16:18:53","modified_gmt":"2021-11-12T15:18:53","slug":"presentation","status":"publish","type":"page","link":"https:\/\/www.moroccofoodex.org.ma\/fr\/morocco-foodex\/presentation\/","title":{"rendered":"Pr\u00e9sentation"},"content":{"rendered":"<p><strong>MOROCCO FOODEX<\/strong> l\u2019\u00c9tablissement Autonome de Contr\u00f4le et de Coordination des Exportations est un organisme public sous la tutelle du Minist\u00e8re de l\u2019Agriculture de la P\u00eache Maritime du D\u00e9veloppement Rurale et des Eaux et For\u00eats, cr\u00e9e en 1986, a confirm\u00e9 son ancrage au service du secteur des produits alimentaires agricoles et halieutiques destin\u00e9s \u00e0 l\u2019exportation, l\u2019un des leviers de la croissance \u00e9conomique du pays.<\/p>\n<p>Charg\u00e9 du contr\u00f4le de la qualit\u00e9, de la coordination, de la promotion et de la veille strat\u00e9gique op\u00e9rationnelle des exportations alimentaires. Le secteur des exportations alimentaires \u00e9volue dans un environnement international marqu\u00e9 par une comp\u00e9tition exacerb\u00e9e et des exigences techniques et commerciales de plus en plus \u00e9lev\u00e9es.<\/p>\n<p>Dans la vision et le but de r\u00e9pondre aux exigences r\u00e9glementaires dict\u00e9es par la mondialisation des march\u00e9s, l\u2019\u00e9tablissement veille en continue sur une prestation de qualit\u00e9 combinant : impartialit\u00e9, rigueur, \ufb01abilit\u00e9, facilitation, anticipation et grand professionnalisme.<\/p>\n<p>En tant qu&#8217;organisme public au service du secteur priv\u00e9, son intervention couvre les fili\u00e8res des :<\/p>\n<ul>\n<li>Fruits et l\u00e9gumes frais (agrumes, tomates, Fruits Rouges, Avocats et les autres produits maraichers.)<\/li>\n<li>Produits v\u00e9g\u00e9taux transform\u00e9s (conserves, fruits et l\u00e9gumes s\u00e9ch\u00e9s ou congel\u00e9s, huile d\u2019olive, huile d\u2019argan, c\u00e9r\u00e9ales, l\u00e9gumineuses, \u00e9pices, herbes, etc.)<\/li>\n<li>Produits de la p\u00eache (poisson frais, conserves, etc.)<\/li>\n<\/ul>\n<p>&nbsp;<\/p>","protected":false},"excerpt":{"rendered":"<p>MOROCCO FOODEX l\u2019\u00c9tablissement Autonome de Contr\u00f4le et de Coordination des Exportations est un organisme public sous la tutelle du Minist\u00e8re de l\u2019Agriculture de la P\u00eache Maritime du D\u00e9veloppement Rurale et des Eaux et For\u00eats, cr\u00e9e en 1986, a confirm\u00e9 son ancrage au service du secteur des produits alimentaires agricoles et halieutiques destin\u00e9s \u00e0 l\u2019exportation, l\u2019un &hellip; <\/p>\n<p class=\"link-more\"><a href=\"https:\/\/www.moroccofoodex.org.ma\/fr\/morocco-foodex\/presentation\/\" class=\"more-link\">Continue reading<span class=\"screen-reader-text\"> &#8220;Pr\u00e9sentation&#8221;<\/span><\/a><\/p>\n","protected":false},"author":1,"featured_media":0,"parent":7,"menu_order":30,"comment_status":"closed","ping_status":"closed","template":"page-section.php","meta":[],"acf":[],"yoast_head":"<!-- This site is optimized with the Yoast SEO plugin v18.5.1 - https:\/\/yoast.com\/wordpress\/plugins\/seo\/ -->\n<title>Pr\u00e9sentation - Morocco Foodex<\/title>\n<meta name=\"description\" content=\"MOROCCO FOODEX l\u2019\u00c9tablissement Autonome de Contr\u00f4le et de Coordination des Exportations est un organisme public sous la tutelle du Minist\u00e8re de l\u2019Agriculture de la P\u00eache Maritime du D\u00e9veloppement Durable et des Eaux et For\u00eats, cr\u00e9e en 1986, a confirm\u00e9 son ancrage au service du secteur des produits alimentaires agricoles et halieutiques destin\u00e9s \u00e0 l\u2019exportation, l\u2019un des leviers de la croissance \u00e9conomique du pays.\" \/>\n<meta name=\"robots\" content=\"index, follow, max-snippet:-1, max-image-preview:large, max-video-preview:-1\" \/>\n<link rel=\"canonical\" href=\"https:\/\/www.moroccofoodex.org.ma\/morocco-foodex\/presentation\/\" \/>\n<meta property=\"og:locale\" content=\"fr_FR\" \/>\n<meta property=\"og:type\" content=\"article\" \/>\n<meta property=\"og:title\" content=\"[:fr]Pr\u00e9sentation[:ar]\u062a\u0642\u062f\u064a\u0645[:en]Who are we ?[:] - Morocco Foodex\" \/>\n<meta property=\"og:description\" content=\"MOROCCO FOODEX l\u2019\u00c9tablissement Autonome de Contr\u00f4le et de Coordination des Exportations est un organisme public sous la tutelle du Minist\u00e8re de l\u2019Agriculture de la P\u00eache Maritime du D\u00e9veloppement Durable et des Eaux et For\u00eats, cr\u00e9e en 1986, a confirm\u00e9 son ancrage au service du secteur des produits alimentaires agricoles et halieutiques destin\u00e9s \u00e0 l\u2019exportation, l\u2019un des leviers de la croissance \u00e9conomique du pays.\" \/>\n<meta property=\"og:url\" content=\"https:\/\/www.moroccofoodex.org.ma\/morocco-foodex\/presentation\/\" \/>\n<meta property=\"og:site_name\" content=\"Morocco Foodex\" \/>\n<meta property=\"article:modified_time\" content=\"2021-11-12T15:18:53+00:00\" \/>\n<meta name=\"twitter:card\" content=\"summary_large_image\" \/>\n<meta name=\"twitter:label1\" content=\"Est. reading time\" \/>\n\t<meta name=\"twitter:data1\" content=\"2 minutes\" \/>\n<script type=\"application\/ld+json\" class=\"yoast-schema-graph\">{\"@context\":\"https:\/\/schema.org\",\"@graph\":[{\"@type\":\"WebSite\",\"@id\":\"https:\/\/www.moroccofoodex.org.ma\/#website\",\"url\":\"https:\/\/www.moroccofoodex.org.ma\/\",\"name\":\"Morocco Foodex\",\"description\":\"\",\"potentialAction\":[{\"@type\":\"SearchAction\",\"target\":{\"@type\":\"EntryPoint\",\"urlTemplate\":\"https:\/\/www.moroccofoodex.org.ma\/?s={search_term_string}\"},\"query-input\":\"required name=search_term_string\"}],\"inLanguage\":\"fr\"},{\"@type\":\"WebPage\",\"@id\":\"https:\/\/www.moroccofoodex.org.ma\/morocco-foodex\/presentation\/#webpage\",\"url\":\"https:\/\/www.moroccofoodex.org.ma\/morocco-foodex\/presentation\/\",\"name\":\"[:fr]Pr\u00e9sentation[:ar]\u062a\u0642\u062f\u064a\u0645[:en]Who are we ?[:] - Morocco Foodex\",\"isPartOf\":{\"@id\":\"https:\/\/www.moroccofoodex.org.ma\/#website\"},\"datePublished\":\"2019-10-23T10:04:59+00:00\",\"dateModified\":\"2021-11-12T15:18:53+00:00\",\"description\":\"MOROCCO FOODEX l\u2019\u00c9tablissement Autonome de Contr\u00f4le et de Coordination des Exportations est un organisme public sous la tutelle du Minist\u00e8re de l\u2019Agriculture de la P\u00eache Maritime du D\u00e9veloppement Durable et des Eaux et For\u00eats, cr\u00e9e en 1986, a confirm\u00e9 son ancrage au service du secteur des produits alimentaires agricoles et halieutiques destin\u00e9s \u00e0 l\u2019exportation, l\u2019un des leviers de la croissance \u00e9conomique du pays.\",\"breadcrumb\":{\"@id\":\"https:\/\/www.moroccofoodex.org.ma\/morocco-foodex\/presentation\/#breadcrumb\"},\"inLanguage\":\"fr\",\"potentialAction\":[{\"@type\":\"ReadAction\",\"target\":[\"https:\/\/www.moroccofoodex.org.ma\/morocco-foodex\/presentation\/\"]}]},{\"@type\":\"BreadcrumbList\",\"@id\":\"https:\/\/www.moroccofoodex.org.ma\/morocco-foodex\/presentation\/#breadcrumb\",\"itemListElement\":[{\"@type\":\"ListItem\",\"position\":1,\"name\":\"Accueil\",\"item\":\"https:\/\/www.moroccofoodex.org.ma\/\"},{\"@type\":\"ListItem\",\"position\":2,\"name\":\"Morocco Foodex\",\"item\":\"https:\/\/www.moroccofoodex.org.ma\/morocco-foodex\/\"},{\"@type\":\"ListItem\",\"position\":3,\"name\":\"Pr\u00e9sentation\"}]}]}<\/script>\n<!-- \/ Yoast SEO plugin. -->","yoast_head_json":{"title":"[:fr]Pr\u00e9sentation[:ar]\u062a\u0642\u062f\u064a\u0645[:en]Who are we ?[:] - Morocco Foodex","description":"MOROCCO FOODEX l\u2019\u00c9tablissement Autonome de Contr\u00f4le et de Coordination des Exportations est un organisme public sous la tutelle du Minist\u00e8re de l\u2019Agriculture de la P\u00eache Maritime du D\u00e9veloppement Durable et des Eaux et For\u00eats, cr\u00e9e en 1986, a confirm\u00e9 son ancrage au service du secteur des produits alimentaires agricoles et halieutiques destin\u00e9s \u00e0 l\u2019exportation, l\u2019un des leviers de la croissance \u00e9conomique du pays.","robots":{"index":"index","follow":"follow","max-snippet":"max-snippet:-1","max-image-preview":"max-image-preview:large","max-video-preview":"max-video-preview:-1"},"canonical":"https:\/\/www.moroccofoodex.org.ma\/morocco-foodex\/presentation\/","og_locale":"fr_FR","og_type":"article","og_title":"[:fr]Pr\u00e9sentation[:ar]\u062a\u0642\u062f\u064a\u0645[:en]Who are we ?[:] - Morocco Foodex","og_description":"MOROCCO FOODEX l\u2019\u00c9tablissement Autonome de Contr\u00f4le et de Coordination des Exportations est un organisme public sous la tutelle du Minist\u00e8re de l\u2019Agriculture de la P\u00eache Maritime du D\u00e9veloppement Durable et des Eaux et For\u00eats, cr\u00e9e en 1986, a confirm\u00e9 son ancrage au service du secteur des produits alimentaires agricoles et halieutiques destin\u00e9s \u00e0 l\u2019exportation, l\u2019un des leviers de la croissance \u00e9conomique du pays.","og_url":"https:\/\/www.moroccofoodex.org.ma\/morocco-foodex\/presentation\/","og_site_name":"Morocco Foodex","article_modified_time":"2021-11-12T15:18:53+00:00","twitter_card":"summary_large_image","twitter_misc":{"Est. reading time":"2 minutes"},"schema":{"@context":"https:\/\/schema.org","@graph":[{"@type":"WebSite","@id":"https:\/\/www.moroccofoodex.org.ma\/#website","url":"https:\/\/www.moroccofoodex.org.ma\/","name":"Morocco Foodex","description":"","potentialAction":[{"@type":"SearchAction","target":{"@type":"EntryPoint","urlTemplate":"https:\/\/www.moroccofoodex.org.ma\/?s={search_term_string}"},"query-input":"required name=search_term_string"}],"inLanguage":"fr"},{"@type":"WebPage","@id":"https:\/\/www.moroccofoodex.org.ma\/morocco-foodex\/presentation\/#webpage","url":"https:\/\/www.moroccofoodex.org.ma\/morocco-foodex\/presentation\/","name":"[:fr]Pr\u00e9sentation[:ar]\u062a\u0642\u062f\u064a\u0645[:en]Who are we ?[:] - Morocco Foodex","isPartOf":{"@id":"https:\/\/www.moroccofoodex.org.ma\/#website"},"datePublished":"2019-10-23T10:04:59+00:00","dateModified":"2021-11-12T15:18:53+00:00","description":"MOROCCO FOODEX l\u2019\u00c9tablissement Autonome de Contr\u00f4le et de Coordination des Exportations est un organisme public sous la tutelle du Minist\u00e8re de l\u2019Agriculture de la P\u00eache Maritime du D\u00e9veloppement Durable et des Eaux et For\u00eats, cr\u00e9e en 1986, a confirm\u00e9 son ancrage au service du secteur des produits alimentaires agricoles et halieutiques destin\u00e9s \u00e0 l\u2019exportation, l\u2019un des leviers de la croissance \u00e9conomique du pays.","breadcrumb":{"@id":"https:\/\/www.moroccofoodex.org.ma\/morocco-foodex\/presentation\/#breadcrumb"},"inLanguage":"fr","potentialAction":[{"@type":"ReadAction","target":["https:\/\/www.moroccofoodex.org.ma\/morocco-foodex\/presentation\/"]}]},{"@type":"BreadcrumbList","@id":"https:\/\/www.moroccofoodex.org.ma\/morocco-foodex\/presentation\/#breadcrumb","itemListElement":[{"@type":"ListItem","position":1,"name":"Accueil","item":"https:\/\/www.moroccofoodex.org.ma\/"},{"@type":"ListItem","position":2,"name":"Morocco Foodex","item":"https:\/\/www.moroccofoodex.org.ma\/morocco-foodex\/"},{"@type":"ListItem","position":3,"name":"Pr\u00e9sentation"}]}]}},"_links":{"self":[{"href":"https:\/\/www.moroccofoodex.org.ma\/fr\/wp-json\/wp\/v2\/pages\/9"}],"collection":[{"href":"https:\/\/www.moroccofoodex.org.ma\/fr\/wp-json\/wp\/v2\/pages"}],"about":[{"href":"https:\/\/www.moroccofoodex.org.ma\/fr\/wp-json\/wp\/v2\/types\/page"}],"author":[{"embeddable":true,"href":"https:\/\/www.moroccofoodex.org.ma\/fr\/wp-json\/wp\/v2\/users\/1"}],"replies":[{"embeddable":true,"href":"https:\/\/www.moroccofoodex.org.ma\/fr\/wp-json\/wp\/v2\/comments?post=9"}],"version-history":[{"count":67,"href":"https:\/\/www.moroccofoodex.org.ma\/fr\/wp-json\/wp\/v2\/pages\/9\/revisions"}],"predecessor-version":[{"id":3014,"href":"https:\/\/www.moroccofoodex.org.ma\/fr\/wp-json\/wp\/v2\/pages\/9\/revisions\/3014"}],"up":[{"embeddable":true,"href":"https:\/\/www.moroccofoodex.org.ma\/fr\/wp-json\/wp\/v2\/pages\/7"}],"wp:attachment":[{"href":"https:\/\/www.moroccofoodex.org.ma\/fr\/wp-json\/wp\/v2\/media?parent=9"}],"curies":[{"name":"wp","href":"https:\/\/api.w.org\/{rel}","templated":true}]}}